{"id":116772,"date":"2026-05-05T18:02:08","date_gmt":"2026-05-05T21:02:08","guid":{"rendered":"https:\/\/www.hediyepazar.com\/?product=ince-detay-baslikli-cok-amacli-tiras-makinesi"},"modified":"2026-05-05T18:02:08","modified_gmt":"2026-05-05T21:02:08","slug":"ince-detay-baslikli-cok-amacli-tiras-makinesi","status":"publish","type":"product","link":"https:\/\/www.hediyepazar.com\/?product=ince-detay-baslikli-cok-amacli-tiras-makinesi","title":{"rendered":"\u0130nce Detay Ba\u015fl\u0131kl\u0131 \u00c7ok Ama\u00e7l\u0131 T\u0131ra\u015f Makinesi"},"content":{"rendered":"<p>Yo\u011fun tempolu erkeklerin bak\u0131m ihtiya\u00e7lar\u0131na cevap verecek \u015fekilde tasarlanan bu t\u0131ra\u015f makinesi, kullan\u0131m kolayl\u0131\u011f\u0131 ve fonksiyonelli\u011fi ile dikkat \u00e7eker. Kablosuz kullan\u0131m\u0131, t\u0131ra\u015f s\u0131ras\u0131nda s\u0131n\u0131rs\u0131z hareket imk\u00e2n\u0131 sunarken, \u015farj g\u00f6stergesi batarya takibini kolayla\u015ft\u0131r\u0131r.Ciltle nazik temas kuran kuru t\u0131ra\u015f teknolojisi, herhangi bir yard\u0131mc\u0131 \u00fcr\u00fcn olmadan bile konforlu ve etkili bir sonu\u00e7 verir. Bu teknoloji, cilt \u00fczerinde kayarak \u00e7al\u0131\u015ft\u0131\u011f\u0131 i\u00e7in tahri\u015fi azalt\u0131r. Folyo ba\u015fl\u0131k, her seferinde temiz ve p\u00fcr\u00fczs\u00fcz bir t\u0131ra\u015f sa\u011flar.\u00c7ift ba\u015fl\u0131k sistemi, zamandan tasarruf etmenizi sa\u011flar. \u0130kinci ba\u015fl\u0131kla \u015fekillendirme i\u015flemlerini h\u0131zl\u0131 bir \u015fekilde ger\u00e7ekle\u015ftirebilirsiniz. Ayr\u0131ca ince detay ba\u015fl\u0131\u011f\u0131, favori ve yanak kenarlar\u0131nda simetrik ve d\u00fczenli bir g\u00f6r\u00fcn\u00fcm yaratman\u0131z\u0131 sa\u011flar.Y\u0131kanabilir g\u00f6vdesi, su alt\u0131nda kolayca temizlenmesini sa\u011flar. Dayan\u0131kl\u0131 yap\u0131s\u0131 ise darbelere kar\u015f\u0131 ekstra g\u00fcvenlik sunar. Hafif ve ergonomik tasar\u0131m\u0131, \u00fcr\u00fcn\u00fc her an yan\u0131n\u0131zda ta\u015f\u0131man\u0131za olanak tan\u0131r. Bu da t\u0131ra\u015f makinesini seyahat dostu bir \u00fcr\u00fcn haline getirir.<\/p>\n","protected":false},"excerpt":{"rendered":"<p>Yo\u011fun tempolu erkeklerin bak\u0131m ihtiya\u00e7lar\u0131na cevap verecek \u015fekilde tasarlanan bu t\u0131ra\u015f makinesi, kullan\u0131m kolayl\u0131\u011f\u0131 ve fonksiyonelli\u011fi ile dikkat \u00e7eker. Kablosuz kullan\u0131m\u0131, t\u0131ra\u015f s\u0131ras\u0131nda s\u0131n\u0131rs\u0131z hareket imk\u00e2n\u0131 sunarken, \u015farj g\u00f6stergesi batarya takibini kolayla\u015ft\u0131r\u0131r.Ciltle nazik temas kuran kuru t\u0131ra\u015f teknolojisi, herhangi bir yard\u0131mc\u0131 \u00fcr\u00fcn olmadan bile konforlu ve etkili bir sonu\u00e7 verir. Bu teknoloji, cilt \u00fczerinde kayarak&#8230;<\/p>\n","protected":false},"featured_media":116771,"comment_status":"open","ping_status":"closed","template":"","meta":{"_kad_post_transparent":"","_kad_post_title":"","_kad_post_layout":"","_kad_post_sidebar_id":"","_kad_post_content_style":"","_kad_post_vertical_padding":"","_kad_post_feature":"","_kad_post_feature_position":"","_kad_post_header":false,"_kad_post_footer":false,"_kad_post_classname":""},"product_brand":[],"product_cat":[14925],"product_tag":[],"class_list":{"0":"post-116772","1":"product","2":"type-product","3":"status-publish","4":"has-post-thumbnail","6":"product_cat-tiras-makinesi-tiras-makinesi","8":"first","9":"instock","10":"purchasable","11":"product-type-simple","12":"entry","13":"content-bg","14":"loop-entry"},"_links":{"self":[{"href":"https:\/\/www.hediyepazar.com\/index.php?rest_route=\/wp\/v2\/product\/116772","targetHints":{"allow":["GET"]}}],"collection":[{"href":"https:\/\/www.hediyepazar.com\/index.php?rest_route=\/wp\/v2\/product"}],"about":[{"href":"https:\/\/www.hediyepazar.com\/index.php?rest_route=\/wp\/v2\/types\/product"}],"replies":[{"embeddable":true,"href":"https:\/\/www.hediyepazar.com\/index.php?rest_route=%2Fwp%2Fv2%2Fcomments&post=116772"}],"wp:featuredmedia":[{"embeddable":true,"href":"https:\/\/www.hediyepazar.com\/index.php?rest_route=\/wp\/v2\/media\/116771"}],"wp:attachment":[{"href":"https:\/\/www.hediyepazar.com\/index.php?rest_route=%2Fwp%2Fv2%2Fmedia&parent=116772"}],"wp:term":[{"taxonomy":"product_brand","embeddable":true,"href":"https:\/\/www.hediyepazar.com\/index.php?rest_route=%2Fwp%2Fv2%2Fproduct_brand&post=116772"},{"taxonomy":"product_cat","embeddable":true,"href":"https:\/\/www.hediyepazar.com\/index.php?rest_route=%2Fwp%2Fv2%2Fproduct_cat&post=116772"},{"taxonomy":"product_tag","embeddable":true,"href":"https:\/\/www.hediyepazar.com\/index.php?rest_route=%2Fwp%2Fv2%2Fproduct_tag&post=116772"}],"curies":[{"name":"wp","href":"https:\/\/api.w.org\/{rel}","templated":true}]}}