{"id":116774,"date":"2026-05-05T18:02:27","date_gmt":"2026-05-05T21:02:27","guid":{"rendered":"https:\/\/www.hediyepazar.com\/?product=erkekler-icin-folyo-baslikli-tiras-makinesi"},"modified":"2026-05-05T18:02:27","modified_gmt":"2026-05-05T21:02:27","slug":"erkekler-icin-folyo-baslikli-tiras-makinesi","status":"publish","type":"product","link":"https:\/\/www.hediyepazar.com\/?product=erkekler-icin-folyo-baslikli-tiras-makinesi","title":{"rendered":"Erkekler \u0130\u00e7in Folyo Ba\u015fl\u0131kl\u0131 T\u0131ra\u015f Makinesi"},"content":{"rendered":"<p>Bu geli\u015fmi\u015f t\u0131ra\u015f makinesi, teknolojik \u00f6zellikleriyle kullan\u0131c\u0131ya rahat ve etkili bir t\u0131ra\u015f deneyimi sunar. Kablosuz tasar\u0131m\u0131, \u00f6zg\u00fcrce hareket etmenize olanak tan\u0131r. \u015earj seviyesi g\u00f6stergesi, cihaz\u0131 ne zaman \u015farj etmeniz gerekti\u011fini anl\u0131k olarak bildirerek planl\u0131 kullan\u0131m sa\u011flar.Kuru t\u0131ra\u015f sistemi, ekstra \u00fcr\u00fcn gerektirmeden kullan\u0131l\u0131r. Bu sistem, \u00f6zellikle hassas ciltlerde olu\u015fabilecek k\u0131zar\u0131kl\u0131k ve tahri\u015fi engeller. Folyo ba\u015fl\u0131k, t\u0131ra\u015f i\u015flemini cildinize zarar vermeden tamamlar ve p\u00fcr\u00fczs\u00fcz bir g\u00f6r\u00fcn\u00fcm kazand\u0131r\u0131r.\u00c7ift ba\u015fl\u0131kl\u0131 tasar\u0131m\u0131, kullan\u0131c\u0131ya ayn\u0131 anda hem kesim hem de \u015fekillendirme imk\u00e2n\u0131 tan\u0131r. Cihaz\u0131n tamam\u0131 y\u0131kanabilir oldu\u011fu i\u00e7in su alt\u0131nda temizlenebilir; hijyen her zaman korunur. Kutuda bulunan temizleme f\u0131r\u00e7as\u0131, i\u00e7 par\u00e7alar\u0131n kolayca bak\u0131m\u0131n\u0131 yapman\u0131za olanak sa\u011flar.T\u0131ra\u015f makinesinin darbelere dayan\u0131kl\u0131 d\u0131\u015f y\u00fczeyi, uzun \u00f6m\u00fcrl\u00fc kullan\u0131m sa\u011flar. Kompakt tasar\u0131m\u0131 ile \u00e7antalarda fazla yer kaplamaz ve rahat ta\u015f\u0131nabilir. Bu \u00fcr\u00fcn, hem evde hem de seyahatte g\u00fcnl\u00fck bak\u0131m ihtiya\u00e7lar\u0131n\u0131 kar\u015f\u0131lamak i\u00e7in ideal bir tercihtir.<\/p>\n","protected":false},"excerpt":{"rendered":"<p>Bu geli\u015fmi\u015f t\u0131ra\u015f makinesi, teknolojik \u00f6zellikleriyle kullan\u0131c\u0131ya rahat ve etkili bir t\u0131ra\u015f deneyimi sunar. Kablosuz tasar\u0131m\u0131, \u00f6zg\u00fcrce hareket etmenize olanak tan\u0131r. \u015earj seviyesi g\u00f6stergesi, cihaz\u0131 ne zaman \u015farj etmeniz gerekti\u011fini anl\u0131k olarak bildirerek planl\u0131 kullan\u0131m sa\u011flar.Kuru t\u0131ra\u015f sistemi, ekstra \u00fcr\u00fcn gerektirmeden kullan\u0131l\u0131r. Bu sistem, \u00f6zellikle hassas ciltlerde olu\u015fabilecek k\u0131zar\u0131kl\u0131k ve tahri\u015fi engeller. Folyo ba\u015fl\u0131k, t\u0131ra\u015f&#8230;<\/p>\n","protected":false},"featured_media":116773,"comment_status":"open","ping_status":"closed","template":"","meta":{"_kad_post_transparent":"","_kad_post_title":"","_kad_post_layout":"","_kad_post_sidebar_id":"","_kad_post_content_style":"","_kad_post_vertical_padding":"","_kad_post_feature":"","_kad_post_feature_position":"","_kad_post_header":false,"_kad_post_footer":false,"_kad_post_classname":""},"product_brand":[],"product_cat":[14925],"product_tag":[],"class_list":{"0":"post-116774","1":"product","2":"type-product","3":"status-publish","4":"has-post-thumbnail","6":"product_cat-tiras-makinesi-tiras-makinesi","8":"first","9":"instock","10":"purchasable","11":"product-type-simple","12":"entry","13":"content-bg","14":"loop-entry"},"_links":{"self":[{"href":"https:\/\/www.hediyepazar.com\/index.php?rest_route=\/wp\/v2\/product\/116774","targetHints":{"allow":["GET"]}}],"collection":[{"href":"https:\/\/www.hediyepazar.com\/index.php?rest_route=\/wp\/v2\/product"}],"about":[{"href":"https:\/\/www.hediyepazar.com\/index.php?rest_route=\/wp\/v2\/types\/product"}],"replies":[{"embeddable":true,"href":"https:\/\/www.hediyepazar.com\/index.php?rest_route=%2Fwp%2Fv2%2Fcomments&post=116774"}],"wp:featuredmedia":[{"embeddable":true,"href":"https:\/\/www.hediyepazar.com\/index.php?rest_route=\/wp\/v2\/media\/116773"}],"wp:attachment":[{"href":"https:\/\/www.hediyepazar.com\/index.php?rest_route=%2Fwp%2Fv2%2Fmedia&parent=116774"}],"wp:term":[{"taxonomy":"product_brand","embeddable":true,"href":"https:\/\/www.hediyepazar.com\/index.php?rest_route=%2Fwp%2Fv2%2Fproduct_brand&post=116774"},{"taxonomy":"product_cat","embeddable":true,"href":"https:\/\/www.hediyepazar.com\/index.php?rest_route=%2Fwp%2Fv2%2Fproduct_cat&post=116774"},{"taxonomy":"product_tag","embeddable":true,"href":"https:\/\/www.hediyepazar.com\/index.php?rest_route=%2Fwp%2Fv2%2Fproduct_tag&post=116774"}],"curies":[{"name":"wp","href":"https:\/\/api.w.org\/{rel}","templated":true}]}}