{"id":116840,"date":"2026-05-05T18:18:13","date_gmt":"2026-05-05T21:18:13","guid":{"rendered":"https:\/\/www.hediyepazar.com\/?product=akilli-led-ampul-e27-uyumlu-ve-muzik-calarli-tasarim"},"modified":"2026-05-05T18:18:13","modified_gmt":"2026-05-05T21:18:13","slug":"akilli-led-ampul-e27-uyumlu-ve-muzik-calarli-tasarim","status":"publish","type":"product","link":"https:\/\/www.hediyepazar.com\/?product=akilli-led-ampul-e27-uyumlu-ve-muzik-calarli-tasarim","title":{"rendered":"Ak\u0131ll\u0131 LED Ampul \u2013 E27 Uyumlu ve M\u00fczik \u00c7alarl\u0131 Tasar\u0131m"},"content":{"rendered":"<p>Ak\u0131ll\u0131 fonksiyonlara sahip bu LED ampul, dahili Bluetooth hoparl\u00f6r\u00fc ile ayd\u0131nlatma ve ses sistemini bir araya getiriyor. Renkli \u0131\u015f\u0131k yay\u0131l\u0131m\u0131 ile ortama farkl\u0131 bir ambiyans katarken, Bluetooth ba\u011flant\u0131s\u0131 \u00fczerinden m\u00fczik dinleme imk\u00e2n\u0131 sunar.E27 duy tipiyle standart yuvalara kolayca tak\u0131l\u0131r. Kurulum i\u00e7in ek bir i\u015flem gerekmez. 12W g\u00fcc\u00fc sayesinde hem \u0131\u015f\u0131kland\u0131rma hem de hoparl\u00f6r kullan\u0131m\u0131 s\u0131ras\u0131nda enerji verimli \u00e7al\u0131\u015f\u0131r.Ofis, oturma odas\u0131, yatak odas\u0131 veya \u00e7ocuk odas\u0131 gibi her ortam i\u00e7in uygundur. \u015e\u0131k ve sade tasar\u0131m\u0131, modern i\u00e7 mek\u00e2nlarla uyum sa\u011flar. Enerji tasarrufu sa\u011flayarak uzun \u00f6m\u00fcrl\u00fc bir kullan\u0131m sunar.<\/p>\n","protected":false},"excerpt":{"rendered":"<p>Ak\u0131ll\u0131 fonksiyonlara sahip bu LED ampul, dahili Bluetooth hoparl\u00f6r\u00fc ile ayd\u0131nlatma ve ses sistemini bir araya getiriyor. Renkli \u0131\u015f\u0131k yay\u0131l\u0131m\u0131 ile ortama farkl\u0131 bir ambiyans katarken, Bluetooth ba\u011flant\u0131s\u0131 \u00fczerinden m\u00fczik dinleme imk\u00e2n\u0131 sunar.E27 duy tipiyle standart yuvalara kolayca tak\u0131l\u0131r. Kurulum i\u00e7in ek bir i\u015flem gerekmez. 12W g\u00fcc\u00fc sayesinde hem \u0131\u015f\u0131kland\u0131rma hem de hoparl\u00f6r kullan\u0131m\u0131 s\u0131ras\u0131nda&#8230;<\/p>\n","protected":false},"featured_media":116839,"comment_status":"open","ping_status":"closed","template":"","meta":{"_kad_post_transparent":"","_kad_post_title":"","_kad_post_layout":"","_kad_post_sidebar_id":"","_kad_post_content_style":"","_kad_post_vertical_padding":"","_kad_post_feature":"","_kad_post_feature_position":"","_kad_post_header":false,"_kad_post_footer":false,"_kad_post_classname":""},"product_brand":[],"product_cat":[14911],"product_tag":[],"class_list":{"0":"post-116840","1":"product","2":"type-product","3":"status-publish","4":"has-post-thumbnail","6":"product_cat-kablosuz-hoparlor-kablosuz-hoparlor","8":"first","9":"instock","10":"purchasable","11":"product-type-simple","12":"entry","13":"content-bg","14":"loop-entry"},"_links":{"self":[{"href":"https:\/\/www.hediyepazar.com\/index.php?rest_route=\/wp\/v2\/product\/116840","targetHints":{"allow":["GET"]}}],"collection":[{"href":"https:\/\/www.hediyepazar.com\/index.php?rest_route=\/wp\/v2\/product"}],"about":[{"href":"https:\/\/www.hediyepazar.com\/index.php?rest_route=\/wp\/v2\/types\/product"}],"replies":[{"embeddable":true,"href":"https:\/\/www.hediyepazar.com\/index.php?rest_route=%2Fwp%2Fv2%2Fcomments&post=116840"}],"wp:featuredmedia":[{"embeddable":true,"href":"https:\/\/www.hediyepazar.com\/index.php?rest_route=\/wp\/v2\/media\/116839"}],"wp:attachment":[{"href":"https:\/\/www.hediyepazar.com\/index.php?rest_route=%2Fwp%2Fv2%2Fmedia&parent=116840"}],"wp:term":[{"taxonomy":"product_brand","embeddable":true,"href":"https:\/\/www.hediyepazar.com\/index.php?rest_route=%2Fwp%2Fv2%2Fproduct_brand&post=116840"},{"taxonomy":"product_cat","embeddable":true,"href":"https:\/\/www.hediyepazar.com\/index.php?rest_route=%2Fwp%2Fv2%2Fproduct_cat&post=116840"},{"taxonomy":"product_tag","embeddable":true,"href":"https:\/\/www.hediyepazar.com\/index.php?rest_route=%2Fwp%2Fv2%2Fproduct_tag&post=116840"}],"curies":[{"name":"wp","href":"https:\/\/api.w.org\/{rel}","templated":true}]}}