{"id":116842,"date":"2026-05-05T18:18:21","date_gmt":"2026-05-05T21:18:21","guid":{"rendered":"https:\/\/www.hediyepazar.com\/?product=bluetooth-hoparlorlu-led-ampul-12w-enerji-tasarruflu"},"modified":"2026-05-05T18:18:21","modified_gmt":"2026-05-05T21:18:21","slug":"bluetooth-hoparlorlu-led-ampul-12w-enerji-tasarruflu","status":"publish","type":"product","link":"https:\/\/www.hediyepazar.com\/?product=bluetooth-hoparlorlu-led-ampul-12w-enerji-tasarruflu","title":{"rendered":"Bluetooth Hoparl\u00f6rl\u00fc LED Ampul \u2013 12W Enerji Tasarruflu"},"content":{"rendered":"<p>Bu ak\u0131ll\u0131 LED ampul, yaln\u0131zca bir ayd\u0131nlatma arac\u0131 de\u011fil, ayn\u0131 zamanda entegre Bluetooth hoparl\u00f6r\u00fc sayesinde m\u00fczik keyfini de beraberinde getirir. 12W toplam g\u00fc\u00e7 t\u00fcketimi ile d\u00fc\u015f\u00fck enerji harcarken y\u00fcksek performans sunar. LED ayd\u0131nlatma ve hoparl\u00f6r sistemi birlikte \u00e7al\u0131\u015farak hem g\u00f6z al\u0131c\u0131 bir ortam hem de sesli e\u011flence sa\u011flar.Enerji verimlili\u011fi a\u00e7\u0131s\u0131ndan optimize edilen bu ampul, farkl\u0131 renk modlar\u0131nda farkl\u0131 g\u00fc\u00e7 t\u00fcketimi sunarak elektrik faturalar\u0131nda tasarruf sa\u011flar. Standart E27 duy tipi ile t\u00fcm klasik ampul yuvalar\u0131na uyumludur ve ek aparat gerektirmez. Geni\u015f giri\u015f voltaj\u0131 aral\u0131\u011f\u0131 (100\u2013240V AC, 50\/60Hz), \u00fcr\u00fcn\u00fc t\u00fcm elektrik sistemlerine uygun hale getirir.Modern tasar\u0131m\u0131 ve RGB \u0131\u015f\u0131k se\u00e7enekleriyle evinize ya da ofisinize estetik bir katk\u0131 sunar.<\/p>\n","protected":false},"excerpt":{"rendered":"<p>Bu ak\u0131ll\u0131 LED ampul, yaln\u0131zca bir ayd\u0131nlatma arac\u0131 de\u011fil, ayn\u0131 zamanda entegre Bluetooth hoparl\u00f6r\u00fc sayesinde m\u00fczik keyfini de beraberinde getirir. 12W toplam g\u00fc\u00e7 t\u00fcketimi ile d\u00fc\u015f\u00fck enerji harcarken y\u00fcksek performans sunar. LED ayd\u0131nlatma ve hoparl\u00f6r sistemi birlikte \u00e7al\u0131\u015farak hem g\u00f6z al\u0131c\u0131 bir ortam hem de sesli e\u011flence sa\u011flar.Enerji verimlili\u011fi a\u00e7\u0131s\u0131ndan optimize edilen bu ampul, farkl\u0131&#8230;<\/p>\n","protected":false},"featured_media":116841,"comment_status":"open","ping_status":"closed","template":"","meta":{"_kad_post_transparent":"","_kad_post_title":"","_kad_post_layout":"","_kad_post_sidebar_id":"","_kad_post_content_style":"","_kad_post_vertical_padding":"","_kad_post_feature":"","_kad_post_feature_position":"","_kad_post_header":false,"_kad_post_footer":false,"_kad_post_classname":""},"product_brand":[],"product_cat":[14911],"product_tag":[],"class_list":{"0":"post-116842","1":"product","2":"type-product","3":"status-publish","4":"has-post-thumbnail","6":"product_cat-kablosuz-hoparlor-kablosuz-hoparlor","8":"first","9":"instock","10":"purchasable","11":"product-type-simple","12":"entry","13":"content-bg","14":"loop-entry"},"_links":{"self":[{"href":"https:\/\/www.hediyepazar.com\/index.php?rest_route=\/wp\/v2\/product\/116842","targetHints":{"allow":["GET"]}}],"collection":[{"href":"https:\/\/www.hediyepazar.com\/index.php?rest_route=\/wp\/v2\/product"}],"about":[{"href":"https:\/\/www.hediyepazar.com\/index.php?rest_route=\/wp\/v2\/types\/product"}],"replies":[{"embeddable":true,"href":"https:\/\/www.hediyepazar.com\/index.php?rest_route=%2Fwp%2Fv2%2Fcomments&post=116842"}],"wp:featuredmedia":[{"embeddable":true,"href":"https:\/\/www.hediyepazar.com\/index.php?rest_route=\/wp\/v2\/media\/116841"}],"wp:attachment":[{"href":"https:\/\/www.hediyepazar.com\/index.php?rest_route=%2Fwp%2Fv2%2Fmedia&parent=116842"}],"wp:term":[{"taxonomy":"product_brand","embeddable":true,"href":"https:\/\/www.hediyepazar.com\/index.php?rest_route=%2Fwp%2Fv2%2Fproduct_brand&post=116842"},{"taxonomy":"product_cat","embeddable":true,"href":"https:\/\/www.hediyepazar.com\/index.php?rest_route=%2Fwp%2Fv2%2Fproduct_cat&post=116842"},{"taxonomy":"product_tag","embeddable":true,"href":"https:\/\/www.hediyepazar.com\/index.php?rest_route=%2Fwp%2Fv2%2Fproduct_tag&post=116842"}],"curies":[{"name":"wp","href":"https:\/\/api.w.org\/{rel}","templated":true}]}}