{"id":116844,"date":"2026-05-05T18:18:27","date_gmt":"2026-05-05T21:18:27","guid":{"rendered":"https:\/\/www.hediyepazar.com\/?product=tam-karanlikta-goruntuleme-saglayan-1080p-ampul-guvenlik-kamerasi"},"modified":"2026-05-05T18:18:27","modified_gmt":"2026-05-05T21:18:27","slug":"tam-karanlikta-goruntuleme-saglayan-1080p-ampul-guvenlik-kamerasi","status":"publish","type":"product","link":"https:\/\/www.hediyepazar.com\/?product=tam-karanlikta-goruntuleme-saglayan-1080p-ampul-guvenlik-kamerasi","title":{"rendered":"Tam Karanl\u0131kta G\u00f6r\u00fcnt\u00fcleme Sa\u011flayan 1080P Ampul G\u00fcvenlik Kameras\u0131"},"content":{"rendered":"<p>Bu model, tamamen karanl\u0131k ortamlarda bile net g\u00f6r\u00fcnt\u00fcler sunabilen gece g\u00f6r\u00fc\u015f teknolojisi ile donat\u0131lm\u0131\u015ft\u0131r. G\u00f6r\u00fc\u015f a\u00e7\u0131s\u0131n\u0131 s\u0131n\u0131rlayan alanlar i\u00e7in ideal olan bu kamera, panoramik bak\u0131\u015f sunar.Elektrikle \u00e7al\u0131\u015fan yap\u0131s\u0131 sayesinde s\u00fcrekli g\u00fc\u00e7 al\u0131r ve ba\u011flant\u0131 kesintisi ya\u015famaz. 360\u00b0 g\u00f6r\u00fc\u015f kabiliyeti ile tek kamerayla daha b\u00fcy\u00fck alanlar kontrol edilebilir.Hareket alg\u0131lay\u0131c\u0131s\u0131 sayesinde kamera yaln\u0131zca \u00f6nemli anlar\u0131 kaydeder. Bu \u00f6zellik hem veri tasarrufu sa\u011flar hem de kritik olaylara odaklanmay\u0131 kolayla\u015ft\u0131r\u0131r.Cihaz\u0131n \u00fczerinde yer alan mikrofon ve hoparl\u00f6r ile iki y\u00f6nl\u00fc sesli ileti\u015fim kurulabilir. Bu, evde bulunmad\u0131\u011f\u0131n\u0131z anlarda ileti\u015fim kurman\u0131z a\u00e7\u0131s\u0131ndan b\u00fcy\u00fck kolayl\u0131k sa\u011flar.SD kart deste\u011fi ile yerel olarak kay\u0131t yapabilir. B\u00f6ylece g\u00fcvenlik ihtiyac\u0131n\u0131z internet ba\u011flant\u0131s\u0131ndan ba\u011f\u0131ms\u0131z olarak kar\u015f\u0131lan\u0131r.<\/p>\n","protected":false},"excerpt":{"rendered":"<p>Bu model, tamamen karanl\u0131k ortamlarda bile net g\u00f6r\u00fcnt\u00fcler sunabilen gece g\u00f6r\u00fc\u015f teknolojisi ile donat\u0131lm\u0131\u015ft\u0131r. G\u00f6r\u00fc\u015f a\u00e7\u0131s\u0131n\u0131 s\u0131n\u0131rlayan alanlar i\u00e7in ideal olan bu kamera, panoramik bak\u0131\u015f sunar.Elektrikle \u00e7al\u0131\u015fan yap\u0131s\u0131 sayesinde s\u00fcrekli g\u00fc\u00e7 al\u0131r ve ba\u011flant\u0131 kesintisi ya\u015famaz. 360\u00b0 g\u00f6r\u00fc\u015f kabiliyeti ile tek kamerayla daha b\u00fcy\u00fck alanlar kontrol edilebilir.Hareket alg\u0131lay\u0131c\u0131s\u0131 sayesinde kamera yaln\u0131zca \u00f6nemli anlar\u0131 kaydeder. Bu&#8230;<\/p>\n","protected":false},"featured_media":116843,"comment_status":"open","ping_status":"closed","template":"","meta":{"_kad_post_transparent":"","_kad_post_title":"","_kad_post_layout":"","_kad_post_sidebar_id":"","_kad_post_content_style":"","_kad_post_vertical_padding":"","_kad_post_feature":"","_kad_post_feature_position":"","_kad_post_header":false,"_kad_post_footer":false,"_kad_post_classname":""},"product_brand":[],"product_cat":[14927],"product_tag":[],"class_list":{"0":"post-116844","1":"product","2":"type-product","3":"status-publish","4":"has-post-thumbnail","6":"product_cat-akilli-kamera-akilli-kamera","8":"first","9":"instock","10":"purchasable","11":"product-type-simple","12":"entry","13":"content-bg","14":"loop-entry"},"_links":{"self":[{"href":"https:\/\/www.hediyepazar.com\/index.php?rest_route=\/wp\/v2\/product\/116844","targetHints":{"allow":["GET"]}}],"collection":[{"href":"https:\/\/www.hediyepazar.com\/index.php?rest_route=\/wp\/v2\/product"}],"about":[{"href":"https:\/\/www.hediyepazar.com\/index.php?rest_route=\/wp\/v2\/types\/product"}],"replies":[{"embeddable":true,"href":"https:\/\/www.hediyepazar.com\/index.php?rest_route=%2Fwp%2Fv2%2Fcomments&post=116844"}],"wp:featuredmedia":[{"embeddable":true,"href":"https:\/\/www.hediyepazar.com\/index.php?rest_route=\/wp\/v2\/media\/116843"}],"wp:attachment":[{"href":"https:\/\/www.hediyepazar.com\/index.php?rest_route=%2Fwp%2Fv2%2Fmedia&parent=116844"}],"wp:term":[{"taxonomy":"product_brand","embeddable":true,"href":"https:\/\/www.hediyepazar.com\/index.php?rest_route=%2Fwp%2Fv2%2Fproduct_brand&post=116844"},{"taxonomy":"product_cat","embeddable":true,"href":"https:\/\/www.hediyepazar.com\/index.php?rest_route=%2Fwp%2Fv2%2Fproduct_cat&post=116844"},{"taxonomy":"product_tag","embeddable":true,"href":"https:\/\/www.hediyepazar.com\/index.php?rest_route=%2Fwp%2Fv2%2Fproduct_tag&post=116844"}],"curies":[{"name":"wp","href":"https:\/\/api.w.org\/{rel}","templated":true}]}}