{"id":116846,"date":"2026-05-05T18:19:00","date_gmt":"2026-05-05T21:19:00","guid":{"rendered":"https:\/\/www.hediyepazar.com\/?product=duy-uyumlu-akilli-guvenlik-kamerasi-basit-kurulum-ve-net-goruntu"},"modified":"2026-05-05T18:19:00","modified_gmt":"2026-05-05T21:19:00","slug":"duy-uyumlu-akilli-guvenlik-kamerasi-basit-kurulum-ve-net-goruntu","status":"publish","type":"product","link":"https:\/\/www.hediyepazar.com\/?product=duy-uyumlu-akilli-guvenlik-kamerasi-basit-kurulum-ve-net-goruntu","title":{"rendered":"Duy Uyumlu Ak\u0131ll\u0131 G\u00fcvenlik Kameras\u0131 \u2013 Basit Kurulum ve Net G\u00f6r\u00fcnt\u00fc"},"content":{"rendered":"<p>E27 ampul duyuna uyumlu olan bu g\u00fcvenlik kameras\u0131, kullan\u0131c\u0131 dostu bir kurulum s\u00fcreci sunar. Karma\u015f\u0131k montaj s\u00fcre\u00e7lerine gerek kalmadan do\u011frudan kullan\u0131labilir.360 derece d\u00f6nebilen lens yap\u0131s\u0131 sayesinde daha geni\u015f alanlar izlenebilir. Kamera, 1080P \u00e7\u00f6z\u00fcn\u00fcrl\u00fc\u011f\u00fcnde video kayd\u0131 yapar ve bu g\u00f6r\u00fcnt\u00fcler y\u00fcksek netlikte izlenebilir.Gece g\u00f6r\u00fc\u015f \u00f6zelli\u011fi ile donat\u0131lm\u0131\u015f cihaz, karanl\u0131k ortamlarda da verimli \u00e7al\u0131\u015f\u0131r. Bu, d\u0131\u015f ortamlar ve \u0131\u015f\u0131kland\u0131rman\u0131n yetersiz oldu\u011fu b\u00f6lgeler i\u00e7in \u00f6nemli bir avantajd\u0131r.Hareket alg\u0131lama \u00f6zelli\u011fi sayesinde yaln\u0131zca gerekli anlar kay\u0131t alt\u0131na al\u0131n\u0131r. Bu da hem depolama tasarrufu sa\u011flar hem de daha etkili g\u00fcvenlik takibi sunar.Cihaz yerel kay\u0131t yapabilme kapasitesine sahiptir. Bu da g\u00f6r\u00fcnt\u00fclerin yaln\u0131zca internet ba\u011flant\u0131s\u0131na ba\u011f\u0131ml\u0131 olmadan saklanabilece\u011fi anlam\u0131na gelir.<\/p>\n","protected":false},"excerpt":{"rendered":"<p>E27 ampul duyuna uyumlu olan bu g\u00fcvenlik kameras\u0131, kullan\u0131c\u0131 dostu bir kurulum s\u00fcreci sunar. Karma\u015f\u0131k montaj s\u00fcre\u00e7lerine gerek kalmadan do\u011frudan kullan\u0131labilir.360 derece d\u00f6nebilen lens yap\u0131s\u0131 sayesinde daha geni\u015f alanlar izlenebilir. Kamera, 1080P \u00e7\u00f6z\u00fcn\u00fcrl\u00fc\u011f\u00fcnde video kayd\u0131 yapar ve bu g\u00f6r\u00fcnt\u00fcler y\u00fcksek netlikte izlenebilir.Gece g\u00f6r\u00fc\u015f \u00f6zelli\u011fi ile donat\u0131lm\u0131\u015f cihaz, karanl\u0131k ortamlarda da verimli \u00e7al\u0131\u015f\u0131r. Bu, d\u0131\u015f ortamlar&#8230;<\/p>\n","protected":false},"featured_media":116845,"comment_status":"open","ping_status":"closed","template":"","meta":{"_kad_post_transparent":"","_kad_post_title":"","_kad_post_layout":"","_kad_post_sidebar_id":"","_kad_post_content_style":"","_kad_post_vertical_padding":"","_kad_post_feature":"","_kad_post_feature_position":"","_kad_post_header":false,"_kad_post_footer":false,"_kad_post_classname":""},"product_brand":[],"product_cat":[14927],"product_tag":[],"class_list":{"0":"post-116846","1":"product","2":"type-product","3":"status-publish","4":"has-post-thumbnail","6":"product_cat-akilli-kamera-akilli-kamera","8":"first","9":"instock","10":"purchasable","11":"product-type-simple","12":"entry","13":"content-bg","14":"loop-entry"},"_links":{"self":[{"href":"https:\/\/www.hediyepazar.com\/index.php?rest_route=\/wp\/v2\/product\/116846","targetHints":{"allow":["GET"]}}],"collection":[{"href":"https:\/\/www.hediyepazar.com\/index.php?rest_route=\/wp\/v2\/product"}],"about":[{"href":"https:\/\/www.hediyepazar.com\/index.php?rest_route=\/wp\/v2\/types\/product"}],"replies":[{"embeddable":true,"href":"https:\/\/www.hediyepazar.com\/index.php?rest_route=%2Fwp%2Fv2%2Fcomments&post=116846"}],"wp:featuredmedia":[{"embeddable":true,"href":"https:\/\/www.hediyepazar.com\/index.php?rest_route=\/wp\/v2\/media\/116845"}],"wp:attachment":[{"href":"https:\/\/www.hediyepazar.com\/index.php?rest_route=%2Fwp%2Fv2%2Fmedia&parent=116846"}],"wp:term":[{"taxonomy":"product_brand","embeddable":true,"href":"https:\/\/www.hediyepazar.com\/index.php?rest_route=%2Fwp%2Fv2%2Fproduct_brand&post=116846"},{"taxonomy":"product_cat","embeddable":true,"href":"https:\/\/www.hediyepazar.com\/index.php?rest_route=%2Fwp%2Fv2%2Fproduct_cat&post=116846"},{"taxonomy":"product_tag","embeddable":true,"href":"https:\/\/www.hediyepazar.com\/index.php?rest_route=%2Fwp%2Fv2%2Fproduct_tag&post=116846"}],"curies":[{"name":"wp","href":"https:\/\/api.w.org\/{rel}","templated":true}]}}