{"id":116854,"date":"2026-05-05T18:20:15","date_gmt":"2026-05-05T21:20:15","guid":{"rendered":"https:\/\/www.hediyepazar.com\/?product=1080p-gece-goruslu-ampul-guvenlik-kamerasi-kablolu-ve-kablosuz-secenekli"},"modified":"2026-05-05T18:20:15","modified_gmt":"2026-05-05T21:20:15","slug":"1080p-gece-goruslu-ampul-guvenlik-kamerasi-kablolu-ve-kablosuz-secenekli","status":"publish","type":"product","link":"https:\/\/www.hediyepazar.com\/?product=1080p-gece-goruslu-ampul-guvenlik-kamerasi-kablolu-ve-kablosuz-secenekli","title":{"rendered":"1080P Gece G\u00f6r\u00fc\u015fl\u00fc Ampul G\u00fcvenlik Kameras\u0131 \u2013 Kablolu ve Kablosuz Se\u00e7enekli"},"content":{"rendered":"<p>Bu ampul tipi g\u00fcvenlik kameras\u0131, hem kablolu hem de kablosuz ba\u011flant\u0131 deste\u011fiyle farkl\u0131 kullan\u0131m senaryolar\u0131 i\u00e7in uygundur. 1080P \u00e7\u00f6z\u00fcn\u00fcrl\u00fckte video kayd\u0131 yapabilen cihaz, hem g\u00fcnd\u00fcz hem de gece net g\u00f6r\u00fcnt\u00fcler sunar.Kamera, 360\u00b0 panoramik g\u00f6r\u00fc\u015f a\u00e7\u0131s\u0131 sunarak k\u00f6r nokta b\u0131rakmaz. E27 ampul duyuna tak\u0131larak kolayca monte edilir. Elektrik ba\u011flant\u0131s\u0131 kurulduktan sonra h\u0131zl\u0131ca kullan\u0131ma haz\u0131r hale gelir. Karma\u015f\u0131k kurulum gerektirmemesi, herkes taraf\u0131ndan kolayl\u0131kla kullan\u0131lmas\u0131n\u0131 sa\u011flar.Cihaz, gece g\u00f6r\u00fc\u015f \u00f6zelli\u011fi sayesinde tamamen karanl\u0131k ortamlarda dahi ayr\u0131nt\u0131l\u0131 g\u00f6r\u00fcnt\u00fc sunar. Otomatik ge\u00e7i\u015f yapan k\u0131z\u0131l\u00f6tesi sens\u00f6rler sayesinde d\u00fc\u015f\u00fck \u0131\u015f\u0131kta performans\u0131ndan \u00f6d\u00fcn vermez.Yerel kay\u0131t deste\u011fi sayesinde video kay\u0131tlar\u0131n\u0131 SD karta depolayabilir, g\u00f6r\u00fcnt\u00fcleri gerekti\u011finde oynatabilirsiniz. \u0130ki y\u00f6nl\u00fc ses sistemi ile ortam dinlemesi yap\u0131labilir ve gerekti\u011finde kar\u015f\u0131 tarafa sesli yan\u0131t verilebilir.Evde, ofiste veya depoda g\u00fcvenli\u011fi art\u0131rmak i\u00e7in ideal bir \u00e7\u00f6z\u00fcmd\u00fcr.<\/p>\n","protected":false},"excerpt":{"rendered":"<p>Bu ampul tipi g\u00fcvenlik kameras\u0131, hem kablolu hem de kablosuz ba\u011flant\u0131 deste\u011fiyle farkl\u0131 kullan\u0131m senaryolar\u0131 i\u00e7in uygundur. 1080P \u00e7\u00f6z\u00fcn\u00fcrl\u00fckte video kayd\u0131 yapabilen cihaz, hem g\u00fcnd\u00fcz hem de gece net g\u00f6r\u00fcnt\u00fcler sunar.Kamera, 360\u00b0 panoramik g\u00f6r\u00fc\u015f a\u00e7\u0131s\u0131 sunarak k\u00f6r nokta b\u0131rakmaz. E27 ampul duyuna tak\u0131larak kolayca monte edilir. Elektrik ba\u011flant\u0131s\u0131 kurulduktan sonra h\u0131zl\u0131ca kullan\u0131ma haz\u0131r hale gelir&#8230;.<\/p>\n","protected":false},"featured_media":116853,"comment_status":"open","ping_status":"closed","template":"","meta":{"_kad_post_transparent":"","_kad_post_title":"","_kad_post_layout":"","_kad_post_sidebar_id":"","_kad_post_content_style":"","_kad_post_vertical_padding":"","_kad_post_feature":"","_kad_post_feature_position":"","_kad_post_header":false,"_kad_post_footer":false,"_kad_post_classname":""},"product_brand":[],"product_cat":[14927],"product_tag":[],"class_list":{"0":"post-116854","1":"product","2":"type-product","3":"status-publish","4":"has-post-thumbnail","6":"product_cat-akilli-kamera-akilli-kamera","8":"first","9":"instock","10":"purchasable","11":"product-type-simple","12":"entry","13":"content-bg","14":"loop-entry"},"_links":{"self":[{"href":"https:\/\/www.hediyepazar.com\/index.php?rest_route=\/wp\/v2\/product\/116854","targetHints":{"allow":["GET"]}}],"collection":[{"href":"https:\/\/www.hediyepazar.com\/index.php?rest_route=\/wp\/v2\/product"}],"about":[{"href":"https:\/\/www.hediyepazar.com\/index.php?rest_route=\/wp\/v2\/types\/product"}],"replies":[{"embeddable":true,"href":"https:\/\/www.hediyepazar.com\/index.php?rest_route=%2Fwp%2Fv2%2Fcomments&post=116854"}],"wp:featuredmedia":[{"embeddable":true,"href":"https:\/\/www.hediyepazar.com\/index.php?rest_route=\/wp\/v2\/media\/116853"}],"wp:attachment":[{"href":"https:\/\/www.hediyepazar.com\/index.php?rest_route=%2Fwp%2Fv2%2Fmedia&parent=116854"}],"wp:term":[{"taxonomy":"product_brand","embeddable":true,"href":"https:\/\/www.hediyepazar.com\/index.php?rest_route=%2Fwp%2Fv2%2Fproduct_brand&post=116854"},{"taxonomy":"product_cat","embeddable":true,"href":"https:\/\/www.hediyepazar.com\/index.php?rest_route=%2Fwp%2Fv2%2Fproduct_cat&post=116854"},{"taxonomy":"product_tag","embeddable":true,"href":"https:\/\/www.hediyepazar.com\/index.php?rest_route=%2Fwp%2Fv2%2Fproduct_tag&post=116854"}],"curies":[{"name":"wp","href":"https:\/\/api.w.org\/{rel}","templated":true}]}}