{"id":116856,"date":"2026-05-05T18:20:26","date_gmt":"2026-05-05T21:20:26","guid":{"rendered":"https:\/\/www.hediyepazar.com\/?product=cok-fonksiyonlu-kamera-hd-video-kayitli"},"modified":"2026-05-05T18:20:26","modified_gmt":"2026-05-05T21:20:26","slug":"cok-fonksiyonlu-kamera-hd-video-kayitli","status":"publish","type":"product","link":"https:\/\/www.hediyepazar.com\/?product=cok-fonksiyonlu-kamera-hd-video-kayitli","title":{"rendered":"\u00c7ok Fonksiyonlu Kamera \u2013 HD Video Kay\u0131tl\u0131"},"content":{"rendered":"<p>Do\u011fum g\u00fcnleri, bayramlar ve \u00f6zel g\u00fcnler i\u00e7in harika bir hediye alternatifi olan bu \u00e7ocuk kameras\u0131, gen\u00e7 kullan\u0131c\u0131lar\u0131n yarat\u0131c\u0131l\u0131\u011f\u0131n\u0131 geli\u015ftirmek i\u00e7in \u00f6zel olarak tasarlanm\u0131\u015ft\u0131r.1080P HD \u00e7\u00f6z\u00fcn\u00fcrl\u00fck ve 2 in\u00e7 LCD ekran ile canl\u0131 g\u00f6r\u00fcnt\u00fc deneyimi sunar. \u00c7ocuklar kendi videolar\u0131n\u0131 olu\u015fturabilir, vlog \u00e7ekebilir ve bu s\u00fcre\u00e7te e\u011flenerek \u00f6\u011frenebilir.27 \u00e7izgi film \u00e7er\u00e7evesi, filtre ve efektlerle foto\u011fraflar\u0131n\u0131 istedikleri gibi s\u00fcsleyebilirler. M\u00fczik \u00e7alar \u00f6zelli\u011fi ile sevilen \u015fark\u0131lar SD karta y\u00fcklenerek dinlenebilir. Ayr\u0131ca, i\u00e7erdi\u011fi 3 e\u011fitici oyun, e\u011flenceli ve bilin\u00e7li ekran s\u00fcresi sunar.Kamera tripodla birlikte gelir ve \u00e7ocuklar\u0131n sabit \u00e7ekim yapmalar\u0131n\u0131 kolayla\u015ft\u0131r\u0131r. Kompakt ve sa\u011flam yap\u0131s\u0131 ile d\u0131\u015f mek\u00e2n kullan\u0131m\u0131 i\u00e7in uygundur.<\/p>\n","protected":false},"excerpt":{"rendered":"<p>Do\u011fum g\u00fcnleri, bayramlar ve \u00f6zel g\u00fcnler i\u00e7in harika bir hediye alternatifi olan bu \u00e7ocuk kameras\u0131, gen\u00e7 kullan\u0131c\u0131lar\u0131n yarat\u0131c\u0131l\u0131\u011f\u0131n\u0131 geli\u015ftirmek i\u00e7in \u00f6zel olarak tasarlanm\u0131\u015ft\u0131r.1080P HD \u00e7\u00f6z\u00fcn\u00fcrl\u00fck ve 2 in\u00e7 LCD ekran ile canl\u0131 g\u00f6r\u00fcnt\u00fc deneyimi sunar. \u00c7ocuklar kendi videolar\u0131n\u0131 olu\u015fturabilir, vlog \u00e7ekebilir ve bu s\u00fcre\u00e7te e\u011flenerek \u00f6\u011frenebilir.27 \u00e7izgi film \u00e7er\u00e7evesi, filtre ve efektlerle foto\u011fraflar\u0131n\u0131 istedikleri gibi&#8230;<\/p>\n","protected":false},"featured_media":116855,"comment_status":"open","ping_status":"closed","template":"","meta":{"_kad_post_transparent":"","_kad_post_title":"","_kad_post_layout":"","_kad_post_sidebar_id":"","_kad_post_content_style":"","_kad_post_vertical_padding":"","_kad_post_feature":"","_kad_post_feature_position":"","_kad_post_header":false,"_kad_post_footer":false,"_kad_post_classname":""},"product_brand":[],"product_cat":[14987],"product_tag":[],"class_list":{"0":"post-116856","1":"product","2":"type-product","3":"status-publish","4":"has-post-thumbnail","6":"product_cat-cocuk-kamera-cocuk-kamera","8":"first","9":"instock","10":"purchasable","11":"product-type-simple","12":"entry","13":"content-bg","14":"loop-entry"},"_links":{"self":[{"href":"https:\/\/www.hediyepazar.com\/index.php?rest_route=\/wp\/v2\/product\/116856","targetHints":{"allow":["GET"]}}],"collection":[{"href":"https:\/\/www.hediyepazar.com\/index.php?rest_route=\/wp\/v2\/product"}],"about":[{"href":"https:\/\/www.hediyepazar.com\/index.php?rest_route=\/wp\/v2\/types\/product"}],"replies":[{"embeddable":true,"href":"https:\/\/www.hediyepazar.com\/index.php?rest_route=%2Fwp%2Fv2%2Fcomments&post=116856"}],"wp:featuredmedia":[{"embeddable":true,"href":"https:\/\/www.hediyepazar.com\/index.php?rest_route=\/wp\/v2\/media\/116855"}],"wp:attachment":[{"href":"https:\/\/www.hediyepazar.com\/index.php?rest_route=%2Fwp%2Fv2%2Fmedia&parent=116856"}],"wp:term":[{"taxonomy":"product_brand","embeddable":true,"href":"https:\/\/www.hediyepazar.com\/index.php?rest_route=%2Fwp%2Fv2%2Fproduct_brand&post=116856"},{"taxonomy":"product_cat","embeddable":true,"href":"https:\/\/www.hediyepazar.com\/index.php?rest_route=%2Fwp%2Fv2%2Fproduct_cat&post=116856"},{"taxonomy":"product_tag","embeddable":true,"href":"https:\/\/www.hediyepazar.com\/index.php?rest_route=%2Fwp%2Fv2%2Fproduct_tag&post=116856"}],"curies":[{"name":"wp","href":"https:\/\/api.w.org\/{rel}","templated":true}]}}