{"id":116864,"date":"2026-05-05T18:23:20","date_gmt":"2026-05-05T21:23:20","guid":{"rendered":"https:\/\/www.hediyepazar.com\/?product=1080p-hd-cocuk-vlog-kamerasi-tripod-ve-egitici-oyunlarl"},"modified":"2026-05-05T18:23:20","modified_gmt":"2026-05-05T21:23:20","slug":"1080p-hd-cocuk-vlog-kamerasi-tripod-ve-egitici-oyunlarl","status":"publish","type":"product","link":"https:\/\/www.hediyepazar.com\/?product=1080p-hd-cocuk-vlog-kamerasi-tripod-ve-egitici-oyunlarl","title":{"rendered":"1080P HD \u00c7ocuk Vlog Kameras\u0131 \u2013 Tripod ve E\u011fitici Oyunlarl"},"content":{"rendered":"<p>Bu \u00e7ocuk vlog kameras\u0131, k\u00fc\u00e7\u00fck ya\u015ftaki kullan\u0131c\u0131lar\u0131n hayal g\u00fc\u00e7lerini teknolojiyle bulu\u015fturur. 1080P HD video \u00e7\u00f6z\u00fcn\u00fcrl\u00fc\u011f\u00fc ve 2 in\u00e7 LCD ekran sayesinde \u00e7ocuklar \u00e7evrelerini net ve canl\u0131 g\u00f6r\u00fcnt\u00fclerle kaydedebilir. \u00dcr\u00fcnle birlikte gelen tripod, vlog \u00e7ekimlerini sabitleyerek eller serbest kullan\u0131m imk\u00e2n\u0131 tan\u0131r.27 \u00e7izgi film \u00e7er\u00e7evesi, 6 filtre ve 10 ayna efekti ile donat\u0131lan kamera, \u00e7ocuklar\u0131n yarat\u0131c\u0131l\u0131klar\u0131n\u0131 ortaya koymas\u0131na olanak verir. Ayn\u0131 zamanda m\u00fczik \u00e7alar olarak da kullan\u0131labilen cihaz, SD karta m\u00fczik y\u00fckleme imk\u00e2n\u0131 sunar. E\u011fitici 3 oyun sayesinde \u00e7ocuklar hem e\u011flenir hem de bili\u015fsel becerilerini geli\u015ftirir.Dayan\u0131kl\u0131 ve \u00e7ocuklara \u00f6zel tasar\u0131m\u0131yla do\u011fum g\u00fcn\u00fc, y\u0131lba\u015f\u0131 gibi \u00f6zel g\u00fcnler i\u00e7in ideal bir hediyedir.<\/p>\n","protected":false},"excerpt":{"rendered":"<p>Bu \u00e7ocuk vlog kameras\u0131, k\u00fc\u00e7\u00fck ya\u015ftaki kullan\u0131c\u0131lar\u0131n hayal g\u00fc\u00e7lerini teknolojiyle bulu\u015fturur. 1080P HD video \u00e7\u00f6z\u00fcn\u00fcrl\u00fc\u011f\u00fc ve 2 in\u00e7 LCD ekran sayesinde \u00e7ocuklar \u00e7evrelerini net ve canl\u0131 g\u00f6r\u00fcnt\u00fclerle kaydedebilir. \u00dcr\u00fcnle birlikte gelen tripod, vlog \u00e7ekimlerini sabitleyerek eller serbest kullan\u0131m imk\u00e2n\u0131 tan\u0131r.27 \u00e7izgi film \u00e7er\u00e7evesi, 6 filtre ve 10 ayna efekti ile donat\u0131lan kamera, \u00e7ocuklar\u0131n yarat\u0131c\u0131l\u0131klar\u0131n\u0131 ortaya&#8230;<\/p>\n","protected":false},"featured_media":116863,"comment_status":"open","ping_status":"closed","template":"","meta":{"_kad_post_transparent":"","_kad_post_title":"","_kad_post_layout":"","_kad_post_sidebar_id":"","_kad_post_content_style":"","_kad_post_vertical_padding":"","_kad_post_feature":"","_kad_post_feature_position":"","_kad_post_header":false,"_kad_post_footer":false,"_kad_post_classname":""},"product_brand":[],"product_cat":[14987],"product_tag":[],"class_list":{"0":"post-116864","1":"product","2":"type-product","3":"status-publish","4":"has-post-thumbnail","6":"product_cat-cocuk-kamera-cocuk-kamera","8":"first","9":"instock","10":"purchasable","11":"product-type-simple","12":"entry","13":"content-bg","14":"loop-entry"},"_links":{"self":[{"href":"https:\/\/www.hediyepazar.com\/index.php?rest_route=\/wp\/v2\/product\/116864","targetHints":{"allow":["GET"]}}],"collection":[{"href":"https:\/\/www.hediyepazar.com\/index.php?rest_route=\/wp\/v2\/product"}],"about":[{"href":"https:\/\/www.hediyepazar.com\/index.php?rest_route=\/wp\/v2\/types\/product"}],"replies":[{"embeddable":true,"href":"https:\/\/www.hediyepazar.com\/index.php?rest_route=%2Fwp%2Fv2%2Fcomments&post=116864"}],"wp:featuredmedia":[{"embeddable":true,"href":"https:\/\/www.hediyepazar.com\/index.php?rest_route=\/wp\/v2\/media\/116863"}],"wp:attachment":[{"href":"https:\/\/www.hediyepazar.com\/index.php?rest_route=%2Fwp%2Fv2%2Fmedia&parent=116864"}],"wp:term":[{"taxonomy":"product_brand","embeddable":true,"href":"https:\/\/www.hediyepazar.com\/index.php?rest_route=%2Fwp%2Fv2%2Fproduct_brand&post=116864"},{"taxonomy":"product_cat","embeddable":true,"href":"https:\/\/www.hediyepazar.com\/index.php?rest_route=%2Fwp%2Fv2%2Fproduct_cat&post=116864"},{"taxonomy":"product_tag","embeddable":true,"href":"https:\/\/www.hediyepazar.com\/index.php?rest_route=%2Fwp%2Fv2%2Fproduct_tag&post=116864"}],"curies":[{"name":"wp","href":"https:\/\/api.w.org\/{rel}","templated":true}]}}