{"id":116868,"date":"2026-05-05T18:23:32","date_gmt":"2026-05-05T21:23:32","guid":{"rendered":"https:\/\/www.hediyepazar.com\/?product=ergonomik-ve-hafif-tasarim-gun-boyu-konforlu-kullanim"},"modified":"2026-05-05T18:23:32","modified_gmt":"2026-05-05T21:23:32","slug":"ergonomik-ve-hafif-tasarim-gun-boyu-konforlu-kullanim","status":"publish","type":"product","link":"https:\/\/www.hediyepazar.com\/?product=ergonomik-ve-hafif-tasarim-gun-boyu-konforlu-kullanim","title":{"rendered":"Ergonomik ve Hafif Tasar\u0131m \u2013 G\u00fcn Boyu Konforlu Kullan\u0131m"},"content":{"rendered":"<p>Uzun s\u00fcreli kullan\u0131m d\u00fc\u015f\u00fcn\u00fclerek tasarlanan bu kulakl\u0131k, ergonomik yap\u0131s\u0131 sayesinde kula\u011f\u0131n\u0131zda rahats\u0131zl\u0131k olu\u015fturmaz. A\u011f\u0131rl\u0131\u011f\u0131 olduk\u00e7a hafiftir, kulakta sabit kal\u0131r ve hareket halinde bile d\u00fc\u015fmez.\u0130ster spor yaparken, ister yolculuk s\u0131ras\u0131nda veya evde dinlenirken kullan\u0131n; saatler boyunca konfor sa\u011flar. Silikon kulak u\u00e7lar\u0131, kula\u011fa tam oturur ve d\u0131\u015f sesleri izole eder.Kompakt tasar\u0131m\u0131 ile her an her yerde rahatl\u0131kla kullan\u0131labilir.<\/p>\n","protected":false},"excerpt":{"rendered":"<p>Uzun s\u00fcreli kullan\u0131m d\u00fc\u015f\u00fcn\u00fclerek tasarlanan bu kulakl\u0131k, ergonomik yap\u0131s\u0131 sayesinde kula\u011f\u0131n\u0131zda rahats\u0131zl\u0131k olu\u015fturmaz. A\u011f\u0131rl\u0131\u011f\u0131 olduk\u00e7a hafiftir, kulakta sabit kal\u0131r ve hareket halinde bile d\u00fc\u015fmez.\u0130ster spor yaparken, ister yolculuk s\u0131ras\u0131nda veya evde dinlenirken kullan\u0131n; saatler boyunca konfor sa\u011flar. Silikon kulak u\u00e7lar\u0131, kula\u011fa tam oturur ve d\u0131\u015f sesleri izole eder.Kompakt tasar\u0131m\u0131 ile her an her yerde rahatl\u0131kla&#8230;<\/p>\n","protected":false},"featured_media":116867,"comment_status":"open","ping_status":"closed","template":"","meta":{"_kad_post_transparent":"","_kad_post_title":"","_kad_post_layout":"","_kad_post_sidebar_id":"","_kad_post_content_style":"","_kad_post_vertical_padding":"","_kad_post_feature":"","_kad_post_feature_position":"","_kad_post_header":false,"_kad_post_footer":false,"_kad_post_classname":""},"product_brand":[],"product_cat":[14957],"product_tag":[],"class_list":{"0":"post-116868","1":"product","2":"type-product","3":"status-publish","4":"has-post-thumbnail","6":"product_cat-kablosuz-kulaklik-kablosuz-kulaklik","8":"first","9":"instock","10":"purchasable","11":"product-type-simple","12":"entry","13":"content-bg","14":"loop-entry"},"_links":{"self":[{"href":"https:\/\/www.hediyepazar.com\/index.php?rest_route=\/wp\/v2\/product\/116868","targetHints":{"allow":["GET"]}}],"collection":[{"href":"https:\/\/www.hediyepazar.com\/index.php?rest_route=\/wp\/v2\/product"}],"about":[{"href":"https:\/\/www.hediyepazar.com\/index.php?rest_route=\/wp\/v2\/types\/product"}],"replies":[{"embeddable":true,"href":"https:\/\/www.hediyepazar.com\/index.php?rest_route=%2Fwp%2Fv2%2Fcomments&post=116868"}],"wp:featuredmedia":[{"embeddable":true,"href":"https:\/\/www.hediyepazar.com\/index.php?rest_route=\/wp\/v2\/media\/116867"}],"wp:attachment":[{"href":"https:\/\/www.hediyepazar.com\/index.php?rest_route=%2Fwp%2Fv2%2Fmedia&parent=116868"}],"wp:term":[{"taxonomy":"product_brand","embeddable":true,"href":"https:\/\/www.hediyepazar.com\/index.php?rest_route=%2Fwp%2Fv2%2Fproduct_brand&post=116868"},{"taxonomy":"product_cat","embeddable":true,"href":"https:\/\/www.hediyepazar.com\/index.php?rest_route=%2Fwp%2Fv2%2Fproduct_cat&post=116868"},{"taxonomy":"product_tag","embeddable":true,"href":"https:\/\/www.hediyepazar.com\/index.php?rest_route=%2Fwp%2Fv2%2Fproduct_tag&post=116868"}],"curies":[{"name":"wp","href":"https:\/\/api.w.org\/{rel}","templated":true}]}}