{"id":116870,"date":"2026-05-05T18:23:38","date_gmt":"2026-05-05T21:23:38","guid":{"rendered":"https:\/\/www.hediyepazar.com\/?product=dahili-mikrofonlu-kablosuz-kulaklik-net-gorusme-kalitesi"},"modified":"2026-05-05T18:23:38","modified_gmt":"2026-05-05T21:23:38","slug":"dahili-mikrofonlu-kablosuz-kulaklik-net-gorusme-kalitesi","status":"publish","type":"product","link":"https:\/\/www.hediyepazar.com\/?product=dahili-mikrofonlu-kablosuz-kulaklik-net-gorusme-kalitesi","title":{"rendered":"Dahili Mikrofonlu Kablosuz Kulakl\u0131k \u2013 Net G\u00f6r\u00fc\u015fme Kalitesi"},"content":{"rendered":"<p>Kulakl\u0131k \u00fczerinde yer alan dahili mikrofon, telefon g\u00f6r\u00fc\u015fmelerinde y\u00fcksek ses kalitesi sunar. G\u00fcr\u00fclt\u00fc engelleme destekli mikrofon, \u00e7evre seslerini azaltarak kar\u015f\u0131 tarafa daha net bir ses iletir.Online toplant\u0131lar, telefon g\u00f6r\u00fc\u015fmeleri ve sesli komutlar bu kulakl\u0131kla \u00e7ok daha verimli hale gelir.Ayr\u0131ca cihaz, sesli asistan deste\u011fi (Google Assistant, Siri vb.) ile entegre \u00e7al\u0131\u015f\u0131r. Dokunarak komut vermeniz yeterlidir.<\/p>\n","protected":false},"excerpt":{"rendered":"<p>Kulakl\u0131k \u00fczerinde yer alan dahili mikrofon, telefon g\u00f6r\u00fc\u015fmelerinde y\u00fcksek ses kalitesi sunar. G\u00fcr\u00fclt\u00fc engelleme destekli mikrofon, \u00e7evre seslerini azaltarak kar\u015f\u0131 tarafa daha net bir ses iletir.Online toplant\u0131lar, telefon g\u00f6r\u00fc\u015fmeleri ve sesli komutlar bu kulakl\u0131kla \u00e7ok daha verimli hale gelir.Ayr\u0131ca cihaz, sesli asistan deste\u011fi (Google Assistant, Siri vb.) ile entegre \u00e7al\u0131\u015f\u0131r. Dokunarak komut vermeniz yeterlidir.<\/p>\n","protected":false},"featured_media":116869,"comment_status":"open","ping_status":"closed","template":"","meta":{"_kad_post_transparent":"","_kad_post_title":"","_kad_post_layout":"","_kad_post_sidebar_id":"","_kad_post_content_style":"","_kad_post_vertical_padding":"","_kad_post_feature":"","_kad_post_feature_position":"","_kad_post_header":false,"_kad_post_footer":false,"_kad_post_classname":""},"product_brand":[],"product_cat":[14957],"product_tag":[],"class_list":{"0":"post-116870","1":"product","2":"type-product","3":"status-publish","4":"has-post-thumbnail","6":"product_cat-kablosuz-kulaklik-kablosuz-kulaklik","8":"first","9":"instock","10":"purchasable","11":"product-type-simple","12":"entry","13":"content-bg","14":"loop-entry"},"_links":{"self":[{"href":"https:\/\/www.hediyepazar.com\/index.php?rest_route=\/wp\/v2\/product\/116870","targetHints":{"allow":["GET"]}}],"collection":[{"href":"https:\/\/www.hediyepazar.com\/index.php?rest_route=\/wp\/v2\/product"}],"about":[{"href":"https:\/\/www.hediyepazar.com\/index.php?rest_route=\/wp\/v2\/types\/product"}],"replies":[{"embeddable":true,"href":"https:\/\/www.hediyepazar.com\/index.php?rest_route=%2Fwp%2Fv2%2Fcomments&post=116870"}],"wp:featuredmedia":[{"embeddable":true,"href":"https:\/\/www.hediyepazar.com\/index.php?rest_route=\/wp\/v2\/media\/116869"}],"wp:attachment":[{"href":"https:\/\/www.hediyepazar.com\/index.php?rest_route=%2Fwp%2Fv2%2Fmedia&parent=116870"}],"wp:term":[{"taxonomy":"product_brand","embeddable":true,"href":"https:\/\/www.hediyepazar.com\/index.php?rest_route=%2Fwp%2Fv2%2Fproduct_brand&post=116870"},{"taxonomy":"product_cat","embeddable":true,"href":"https:\/\/www.hediyepazar.com\/index.php?rest_route=%2Fwp%2Fv2%2Fproduct_cat&post=116870"},{"taxonomy":"product_tag","embeddable":true,"href":"https:\/\/www.hediyepazar.com\/index.php?rest_route=%2Fwp%2Fv2%2Fproduct_tag&post=116870"}],"curies":[{"name":"wp","href":"https:\/\/api.w.org\/{rel}","templated":true}]}}