{"id":116874,"date":"2026-05-05T18:25:05","date_gmt":"2026-05-05T21:25:05","guid":{"rendered":"https:\/\/www.hediyepazar.com\/?product=dokunmatik-kontrollu-bluetooth-kulaklik-gurultu-engelleme-ozellikli"},"modified":"2026-05-05T18:25:05","modified_gmt":"2026-05-05T21:25:05","slug":"dokunmatik-kontrollu-bluetooth-kulaklik-gurultu-engelleme-ozellikli","status":"publish","type":"product","link":"https:\/\/www.hediyepazar.com\/?product=dokunmatik-kontrollu-bluetooth-kulaklik-gurultu-engelleme-ozellikli","title":{"rendered":"Dokunmatik Kontroll\u00fc Bluetooth Kulakl\u0131k \u2013 G\u00fcr\u00fclt\u00fc Engelleme \u00d6zellikli"},"content":{"rendered":"<p>Her bir kulakl\u0131kta yer alan dokunmatik kontrol paneli, m\u00fczik dinlerken veya \u00e7a\u011fr\u0131 al\u0131rken kolayl\u0131k sa\u011flar. Sadece tek dokunu\u015fla \u015fark\u0131 de\u011fi\u015ftirilebilir, arama cevaplanabilir ya da sesli asistan \u00e7a\u011fr\u0131labilir.G\u00fcr\u00fclt\u00fc engelleme \u00f6zelli\u011fi, arka plandaki sesleri filtreleyerek daha net bir ses deneyimi sunar. Bu \u00f6zellik, \u00f6zellikle toplu ta\u015f\u0131ma, ofis ya da kalabal\u0131k ortamlarda \u00e7ok avantajl\u0131d\u0131r.Bluetooth ba\u011flant\u0131s\u0131 ise g\u00fc\u00e7l\u00fc ve kararl\u0131d\u0131r. Cihazlar aras\u0131 ge\u00e7i\u015fte herhangi bir kopma ya\u015fanmaz.<\/p>\n","protected":false},"excerpt":{"rendered":"<p>Her bir kulakl\u0131kta yer alan dokunmatik kontrol paneli, m\u00fczik dinlerken veya \u00e7a\u011fr\u0131 al\u0131rken kolayl\u0131k sa\u011flar. Sadece tek dokunu\u015fla \u015fark\u0131 de\u011fi\u015ftirilebilir, arama cevaplanabilir ya da sesli asistan \u00e7a\u011fr\u0131labilir.G\u00fcr\u00fclt\u00fc engelleme \u00f6zelli\u011fi, arka plandaki sesleri filtreleyerek daha net bir ses deneyimi sunar. Bu \u00f6zellik, \u00f6zellikle toplu ta\u015f\u0131ma, ofis ya da kalabal\u0131k ortamlarda \u00e7ok avantajl\u0131d\u0131r.Bluetooth ba\u011flant\u0131s\u0131 ise g\u00fc\u00e7l\u00fc ve&#8230;<\/p>\n","protected":false},"featured_media":116873,"comment_status":"open","ping_status":"closed","template":"","meta":{"_kad_post_transparent":"","_kad_post_title":"","_kad_post_layout":"","_kad_post_sidebar_id":"","_kad_post_content_style":"","_kad_post_vertical_padding":"","_kad_post_feature":"","_kad_post_feature_position":"","_kad_post_header":false,"_kad_post_footer":false,"_kad_post_classname":""},"product_brand":[],"product_cat":[14957],"product_tag":[],"class_list":{"0":"post-116874","1":"product","2":"type-product","3":"status-publish","4":"has-post-thumbnail","6":"product_cat-kablosuz-kulaklik-kablosuz-kulaklik","8":"first","9":"instock","10":"purchasable","11":"product-type-simple","12":"entry","13":"content-bg","14":"loop-entry"},"_links":{"self":[{"href":"https:\/\/www.hediyepazar.com\/index.php?rest_route=\/wp\/v2\/product\/116874","targetHints":{"allow":["GET"]}}],"collection":[{"href":"https:\/\/www.hediyepazar.com\/index.php?rest_route=\/wp\/v2\/product"}],"about":[{"href":"https:\/\/www.hediyepazar.com\/index.php?rest_route=\/wp\/v2\/types\/product"}],"replies":[{"embeddable":true,"href":"https:\/\/www.hediyepazar.com\/index.php?rest_route=%2Fwp%2Fv2%2Fcomments&post=116874"}],"wp:featuredmedia":[{"embeddable":true,"href":"https:\/\/www.hediyepazar.com\/index.php?rest_route=\/wp\/v2\/media\/116873"}],"wp:attachment":[{"href":"https:\/\/www.hediyepazar.com\/index.php?rest_route=%2Fwp%2Fv2%2Fmedia&parent=116874"}],"wp:term":[{"taxonomy":"product_brand","embeddable":true,"href":"https:\/\/www.hediyepazar.com\/index.php?rest_route=%2Fwp%2Fv2%2Fproduct_brand&post=116874"},{"taxonomy":"product_cat","embeddable":true,"href":"https:\/\/www.hediyepazar.com\/index.php?rest_route=%2Fwp%2Fv2%2Fproduct_cat&post=116874"},{"taxonomy":"product_tag","embeddable":true,"href":"https:\/\/www.hediyepazar.com\/index.php?rest_route=%2Fwp%2Fv2%2Fproduct_tag&post=116874"}],"curies":[{"name":"wp","href":"https:\/\/api.w.org\/{rel}","templated":true}]}}