{"id":116876,"date":"2026-05-05T18:25:11","date_gmt":"2026-05-05T21:25:11","guid":{"rendered":"https:\/\/www.hediyepazar.com\/?product=uzun-pil-omurlu-kablosuz-kulaklik-4-saat-kesintisiz-kullanim"},"modified":"2026-05-05T18:25:11","modified_gmt":"2026-05-05T21:25:11","slug":"uzun-pil-omurlu-kablosuz-kulaklik-4-saat-kesintisiz-kullanim","status":"publish","type":"product","link":"https:\/\/www.hediyepazar.com\/?product=uzun-pil-omurlu-kablosuz-kulaklik-4-saat-kesintisiz-kullanim","title":{"rendered":"Uzun Pil \u00d6m\u00fcrl\u00fc Kablosuz Kulakl\u0131k \u2013 4 Saat Kesintisiz Kullan\u0131m"},"content":{"rendered":"<p>Bu kablosuz kulakl\u0131k, tek \u015farjla 4 saate kadar kesintisiz kullan\u0131m sunarak g\u00fcn i\u00e7inde s\u00fcrekli \u015farj etme ihtiyac\u0131n\u0131 ortadan kald\u0131r\u0131r. D\u00fc\u015f\u00fck g\u00fc\u00e7 t\u00fcketimi teknolojisi sayesinde kullan\u0131lmad\u0131\u011f\u0131 zamanlarda minimum enerji harcar. Bu da hem pil \u00f6mr\u00fcn\u00fc uzat\u0131r hem de verimli bir kullan\u0131m sa\u011flar.\u015earj kutusu ile birlikte kullan\u0131ld\u0131\u011f\u0131nda, kulakl\u0131klar\u0131 birden fazla kez \u015farj etmek m\u00fcmk\u00fcnd\u00fcr. Kutuya yerle\u015ftirilen kulakl\u0131k, otomatik olarak \u015farj olur ve her zaman kullan\u0131ma haz\u0131rd\u0131r. G\u00fcnl\u00fck kullan\u0131m i\u00e7in ideal olan bu model, \u00f6zellikle yo\u011fun tempoda \u00e7al\u0131\u015fan kullan\u0131c\u0131lar i\u00e7in tasarlanm\u0131\u015ft\u0131r.<\/p>\n","protected":false},"excerpt":{"rendered":"<p>Bu kablosuz kulakl\u0131k, tek \u015farjla 4 saate kadar kesintisiz kullan\u0131m sunarak g\u00fcn i\u00e7inde s\u00fcrekli \u015farj etme ihtiyac\u0131n\u0131 ortadan kald\u0131r\u0131r. D\u00fc\u015f\u00fck g\u00fc\u00e7 t\u00fcketimi teknolojisi sayesinde kullan\u0131lmad\u0131\u011f\u0131 zamanlarda minimum enerji harcar. Bu da hem pil \u00f6mr\u00fcn\u00fc uzat\u0131r hem de verimli bir kullan\u0131m sa\u011flar.\u015earj kutusu ile birlikte kullan\u0131ld\u0131\u011f\u0131nda, kulakl\u0131klar\u0131 birden fazla kez \u015farj etmek m\u00fcmk\u00fcnd\u00fcr. Kutuya yerle\u015ftirilen kulakl\u0131k,&#8230;<\/p>\n","protected":false},"featured_media":116875,"comment_status":"open","ping_status":"closed","template":"","meta":{"_kad_post_transparent":"","_kad_post_title":"","_kad_post_layout":"","_kad_post_sidebar_id":"","_kad_post_content_style":"","_kad_post_vertical_padding":"","_kad_post_feature":"","_kad_post_feature_position":"","_kad_post_header":false,"_kad_post_footer":false,"_kad_post_classname":""},"product_brand":[],"product_cat":[14957],"product_tag":[],"class_list":{"0":"post-116876","1":"product","2":"type-product","3":"status-publish","4":"has-post-thumbnail","6":"product_cat-kablosuz-kulaklik-kablosuz-kulaklik","8":"first","9":"instock","10":"purchasable","11":"product-type-simple","12":"entry","13":"content-bg","14":"loop-entry"},"_links":{"self":[{"href":"https:\/\/www.hediyepazar.com\/index.php?rest_route=\/wp\/v2\/product\/116876","targetHints":{"allow":["GET"]}}],"collection":[{"href":"https:\/\/www.hediyepazar.com\/index.php?rest_route=\/wp\/v2\/product"}],"about":[{"href":"https:\/\/www.hediyepazar.com\/index.php?rest_route=\/wp\/v2\/types\/product"}],"replies":[{"embeddable":true,"href":"https:\/\/www.hediyepazar.com\/index.php?rest_route=%2Fwp%2Fv2%2Fcomments&post=116876"}],"wp:featuredmedia":[{"embeddable":true,"href":"https:\/\/www.hediyepazar.com\/index.php?rest_route=\/wp\/v2\/media\/116875"}],"wp:attachment":[{"href":"https:\/\/www.hediyepazar.com\/index.php?rest_route=%2Fwp%2Fv2%2Fmedia&parent=116876"}],"wp:term":[{"taxonomy":"product_brand","embeddable":true,"href":"https:\/\/www.hediyepazar.com\/index.php?rest_route=%2Fwp%2Fv2%2Fproduct_brand&post=116876"},{"taxonomy":"product_cat","embeddable":true,"href":"https:\/\/www.hediyepazar.com\/index.php?rest_route=%2Fwp%2Fv2%2Fproduct_cat&post=116876"},{"taxonomy":"product_tag","embeddable":true,"href":"https:\/\/www.hediyepazar.com\/index.php?rest_route=%2Fwp%2Fv2%2Fproduct_tag&post=116876"}],"curies":[{"name":"wp","href":"https:\/\/api.w.org\/{rel}","templated":true}]}}