{"id":116882,"date":"2026-05-05T18:25:32","date_gmt":"2026-05-05T21:25:32","guid":{"rendered":"https:\/\/www.hediyepazar.com\/?product=ios-ve-android-uyumlu-akilli-bileklik-cok-fonksiyonlu-kullanim"},"modified":"2026-05-05T18:25:32","modified_gmt":"2026-05-05T21:25:32","slug":"ios-ve-android-uyumlu-akilli-bileklik-cok-fonksiyonlu-kullanim","status":"publish","type":"product","link":"https:\/\/www.hediyepazar.com\/?product=ios-ve-android-uyumlu-akilli-bileklik-cok-fonksiyonlu-kullanim","title":{"rendered":"iOS ve Android Uyumlu Ak\u0131ll\u0131 Bileklik \u2013 \u00c7ok Fonksiyonlu Kullan\u0131m"},"content":{"rendered":"<p>Aktif ya\u015fam tarz\u0131n\u0131 benimseyen kullan\u0131c\u0131lar i\u00e7in geli\u015ftirilen bu ak\u0131ll\u0131 bileklik, spor yaparken ihtiyac\u0131n\u0131z olan t\u00fcm verileri anl\u0131k olarak sunar. Ko\u015fu, y\u00fcr\u00fcy\u00fc\u015f, bisiklet gibi \u00e7e\u015fitli spor modlar\u0131 sayesinde egzersizlerinizi daha verimli yapabilirsiniz.Antrenman s\u00fcresince yakt\u0131\u011f\u0131n\u0131z kalori, ad\u0131m say\u0131s\u0131 ve mesafe bilgileri ger\u00e7ek zamanl\u0131 g\u00f6sterilir. Egzersiz bitiminde bu veriler uygulamaya aktar\u0131l\u0131r. B\u00f6ylece ilerlemenizi izleyebilir, kendinizi geli\u015ftirebilirsiniz.Kalp ritmi, kan bas\u0131nc\u0131 ve kandaki oksijen seviyesi gibi \u00f6nemli sa\u011fl\u0131k bilgilerini egzersiz s\u0131ras\u0131nda da izleyebilirsiniz. Bu \u00f6zellik, spor performans\u0131n\u0131z\u0131 art\u0131rman\u0131n yan\u0131nda sa\u011fl\u0131k risklerini de azalt\u0131r.IPX suya dayan\u0131kl\u0131l\u0131\u011f\u0131, bilekli\u011fi her ortamda kullan\u0131labilir hale getirir. Cihaz ayr\u0131ca titre\u015fimle gelen \u00e7a\u011fr\u0131 ve mesajlar\u0131 bildirerek, antrenman s\u0131ras\u0131nda ba\u011flant\u0131da kalman\u0131z\u0131 sa\u011flar.<\/p>\n","protected":false},"excerpt":{"rendered":"<p>Aktif ya\u015fam tarz\u0131n\u0131 benimseyen kullan\u0131c\u0131lar i\u00e7in geli\u015ftirilen bu ak\u0131ll\u0131 bileklik, spor yaparken ihtiyac\u0131n\u0131z olan t\u00fcm verileri anl\u0131k olarak sunar. Ko\u015fu, y\u00fcr\u00fcy\u00fc\u015f, bisiklet gibi \u00e7e\u015fitli spor modlar\u0131 sayesinde egzersizlerinizi daha verimli yapabilirsiniz.Antrenman s\u00fcresince yakt\u0131\u011f\u0131n\u0131z kalori, ad\u0131m say\u0131s\u0131 ve mesafe bilgileri ger\u00e7ek zamanl\u0131 g\u00f6sterilir. Egzersiz bitiminde bu veriler uygulamaya aktar\u0131l\u0131r. B\u00f6ylece ilerlemenizi izleyebilir, kendinizi geli\u015ftirebilirsiniz.Kalp ritmi, kan&#8230;<\/p>\n","protected":false},"featured_media":116881,"comment_status":"open","ping_status":"closed","template":"","meta":{"_kad_post_transparent":"","_kad_post_title":"","_kad_post_layout":"","_kad_post_sidebar_id":"","_kad_post_content_style":"","_kad_post_vertical_padding":"","_kad_post_feature":"","_kad_post_feature_position":"","_kad_post_header":false,"_kad_post_footer":false,"_kad_post_classname":""},"product_brand":[],"product_cat":[14935],"product_tag":[],"class_list":{"0":"post-116882","1":"product","2":"type-product","3":"status-publish","4":"has-post-thumbnail","6":"product_cat-akilli-saatler-akilli-saatler","8":"first","9":"instock","10":"purchasable","11":"product-type-simple","12":"entry","13":"content-bg","14":"loop-entry"},"_links":{"self":[{"href":"https:\/\/www.hediyepazar.com\/index.php?rest_route=\/wp\/v2\/product\/116882","targetHints":{"allow":["GET"]}}],"collection":[{"href":"https:\/\/www.hediyepazar.com\/index.php?rest_route=\/wp\/v2\/product"}],"about":[{"href":"https:\/\/www.hediyepazar.com\/index.php?rest_route=\/wp\/v2\/types\/product"}],"replies":[{"embeddable":true,"href":"https:\/\/www.hediyepazar.com\/index.php?rest_route=%2Fwp%2Fv2%2Fcomments&post=116882"}],"wp:featuredmedia":[{"embeddable":true,"href":"https:\/\/www.hediyepazar.com\/index.php?rest_route=\/wp\/v2\/media\/116881"}],"wp:attachment":[{"href":"https:\/\/www.hediyepazar.com\/index.php?rest_route=%2Fwp%2Fv2%2Fmedia&parent=116882"}],"wp:term":[{"taxonomy":"product_brand","embeddable":true,"href":"https:\/\/www.hediyepazar.com\/index.php?rest_route=%2Fwp%2Fv2%2Fproduct_brand&post=116882"},{"taxonomy":"product_cat","embeddable":true,"href":"https:\/\/www.hediyepazar.com\/index.php?rest_route=%2Fwp%2Fv2%2Fproduct_cat&post=116882"},{"taxonomy":"product_tag","embeddable":true,"href":"https:\/\/www.hediyepazar.com\/index.php?rest_route=%2Fwp%2Fv2%2Fproduct_tag&post=116882"}],"curies":[{"name":"wp","href":"https:\/\/api.w.org\/{rel}","templated":true}]}}