{"id":116888,"date":"2026-05-05T18:25:47","date_gmt":"2026-05-05T21:25:47","guid":{"rendered":"https:\/\/www.hediyepazar.com\/?product=bluetooth-5-0-akilli-bileklik-kalp-uyku-ve-aktivite-takibi"},"modified":"2026-05-05T18:25:47","modified_gmt":"2026-05-05T21:25:47","slug":"bluetooth-5-0-akilli-bileklik-kalp-uyku-ve-aktivite-takibi","status":"publish","type":"product","link":"https:\/\/www.hediyepazar.com\/?product=bluetooth-5-0-akilli-bileklik-kalp-uyku-ve-aktivite-takibi","title":{"rendered":"Bluetooth 5.0 Ak\u0131ll\u0131 Bileklik \u2013 Kalp Uyku ve Aktivite Takibi"},"content":{"rendered":"<p>Bu ak\u0131ll\u0131 bileklik, sa\u011fl\u0131\u011f\u0131n\u0131z\u0131 s\u00fcrekli izleyen geli\u015fmi\u015f sens\u00f6rlerle donat\u0131lm\u0131\u015ft\u0131r. Elektriksel kalp sens\u00f6r\u00fc sayesinde g\u00fcn boyunca kalp at\u0131\u015f h\u0131z\u0131n\u0131z\u0131 \u00f6l\u00e7er. Kalp ritminizi anl\u0131k olarak takip ederek, ani y\u00fckselme ya da d\u00fc\u015f\u00fc\u015fleri erkenden fark edebilmenize yard\u0131mc\u0131 olur. \u00d6zellikle spor yaparken ya da stresli anlarda kalbinizin nas\u0131l tepki verdi\u011fini g\u00f6zlemlemenizi sa\u011flar.Ayr\u0131ca bilekli\u011fin tansiyon ve kandaki oksijen seviyesini \u00f6l\u00e7en geli\u015fmi\u015f sens\u00f6rleri sayesinde sa\u011fl\u0131k durumunuz hakk\u0131nda genel bir fikir edinebilirsiniz. Bu veriler, uygulama \u00fczerinden grafiksel olarak g\u00f6r\u00fcnt\u00fclenebilir.Bluetooth 5.0 ba\u011flant\u0131 standard\u0131 ile cep telefonunuzla g\u00fc\u00e7l\u00fc ve kararl\u0131 bir ba\u011flant\u0131 kurar. Gelen \u00e7a\u011fr\u0131lar, mesajlar ve uygulama bildirimleri an\u0131nda bilekli\u011fe iletilir. Titre\u015fimli uyar\u0131 \u00f6zelli\u011fi sayesinde hi\u00e7bir bildirimi ka\u00e7\u0131rmazs\u0131n\u0131z.Cihaz\u0131n 20 g\u00fcn bekleme s\u00fcresi, uzun s\u00fcreli \u015farj endi\u015fesini ortadan kald\u0131r\u0131r. Yakla\u015f\u0131k 2 saatte tam \u015farj olur ve tek \u015farjla 3 saat aktif kullan\u0131m sunar. 300mAh kapasiteli \u015farj kutusu ile desteklenir.Type-C ba\u011flant\u0131 sayesinde h\u0131zl\u0131 ve g\u00fcvenli \u015farj imk\u00e2n\u0131 sunar.Kasa k\u0131sm\u0131 ABS malzemedir. Kay\u0131\u015f k\u0131sm\u0131 ise kaliteli silikon ve TPU kar\u0131\u015f\u0131m\u0131ndan \u00fcretilmi\u015ftir. Bu sayede hem cildinizi rahats\u0131z etmez hem de uzun s\u00fcreli kullan\u0131mlarda deforme olmaz.<\/p>\n","protected":false},"excerpt":{"rendered":"<p>Bu ak\u0131ll\u0131 bileklik, sa\u011fl\u0131\u011f\u0131n\u0131z\u0131 s\u00fcrekli izleyen geli\u015fmi\u015f sens\u00f6rlerle donat\u0131lm\u0131\u015ft\u0131r. Elektriksel kalp sens\u00f6r\u00fc sayesinde g\u00fcn boyunca kalp at\u0131\u015f h\u0131z\u0131n\u0131z\u0131 \u00f6l\u00e7er. Kalp ritminizi anl\u0131k olarak takip ederek, ani y\u00fckselme ya da d\u00fc\u015f\u00fc\u015fleri erkenden fark edebilmenize yard\u0131mc\u0131 olur. \u00d6zellikle spor yaparken ya da stresli anlarda kalbinizin nas\u0131l tepki verdi\u011fini g\u00f6zlemlemenizi sa\u011flar.Ayr\u0131ca bilekli\u011fin tansiyon ve kandaki oksijen seviyesini \u00f6l\u00e7en&#8230;<\/p>\n","protected":false},"featured_media":116887,"comment_status":"open","ping_status":"closed","template":"","meta":{"_kad_post_transparent":"","_kad_post_title":"","_kad_post_layout":"","_kad_post_sidebar_id":"","_kad_post_content_style":"","_kad_post_vertical_padding":"","_kad_post_feature":"","_kad_post_feature_position":"","_kad_post_header":false,"_kad_post_footer":false,"_kad_post_classname":""},"product_brand":[],"product_cat":[14935],"product_tag":[],"class_list":{"0":"post-116888","1":"product","2":"type-product","3":"status-publish","4":"has-post-thumbnail","6":"product_cat-akilli-saatler-akilli-saatler","8":"first","9":"instock","10":"purchasable","11":"product-type-simple","12":"entry","13":"content-bg","14":"loop-entry"},"_links":{"self":[{"href":"https:\/\/www.hediyepazar.com\/index.php?rest_route=\/wp\/v2\/product\/116888","targetHints":{"allow":["GET"]}}],"collection":[{"href":"https:\/\/www.hediyepazar.com\/index.php?rest_route=\/wp\/v2\/product"}],"about":[{"href":"https:\/\/www.hediyepazar.com\/index.php?rest_route=\/wp\/v2\/types\/product"}],"replies":[{"embeddable":true,"href":"https:\/\/www.hediyepazar.com\/index.php?rest_route=%2Fwp%2Fv2%2Fcomments&post=116888"}],"wp:featuredmedia":[{"embeddable":true,"href":"https:\/\/www.hediyepazar.com\/index.php?rest_route=\/wp\/v2\/media\/116887"}],"wp:attachment":[{"href":"https:\/\/www.hediyepazar.com\/index.php?rest_route=%2Fwp%2Fv2%2Fmedia&parent=116888"}],"wp:term":[{"taxonomy":"product_brand","embeddable":true,"href":"https:\/\/www.hediyepazar.com\/index.php?rest_route=%2Fwp%2Fv2%2Fproduct_brand&post=116888"},{"taxonomy":"product_cat","embeddable":true,"href":"https:\/\/www.hediyepazar.com\/index.php?rest_route=%2Fwp%2Fv2%2Fproduct_cat&post=116888"},{"taxonomy":"product_tag","embeddable":true,"href":"https:\/\/www.hediyepazar.com\/index.php?rest_route=%2Fwp%2Fv2%2Fproduct_tag&post=116888"}],"curies":[{"name":"wp","href":"https:\/\/api.w.org\/{rel}","templated":true}]}}