{"id":116890,"date":"2026-05-05T18:25:58","date_gmt":"2026-05-05T21:25:58","guid":{"rendered":"https:\/\/www.hediyepazar.com\/?product=abs-malzeme-bluetooth-kulaklik-20-gun-standby-suresi"},"modified":"2026-05-05T18:25:58","modified_gmt":"2026-05-05T21:25:58","slug":"abs-malzeme-bluetooth-kulaklik-20-gun-standby-suresi","status":"publish","type":"product","link":"https:\/\/www.hediyepazar.com\/?product=abs-malzeme-bluetooth-kulaklik-20-gun-standby-suresi","title":{"rendered":"ABS Malzeme Bluetooth Kulakl\u0131k \u2013 20 G\u00fcn Standby S\u00fcresi"},"content":{"rendered":"<p>Kompakt ve hafif tasar\u0131ma sahip bu Bluetooth kulakl\u0131k, Bluetooth 5.0 teknolojisi ile donat\u0131lm\u0131\u015ft\u0131r. D\u00fc\u015f\u00fck enerji t\u00fcketimi sayesinde 40mAh batarya ile yakla\u015f\u0131k 3 saat kullan\u0131m s\u00fcresi sunar.\u015earj kutusu 300mAh kapasitelidir ve 20 g\u00fcn bekleme s\u00fcresi ile acil durumlarda da haz\u0131r kal\u0131r. Kulakl\u0131k ve kutu, Type-C kablo ile 2 saat i\u00e7inde \u015farj edilebilir. ABS malzemeden \u00fcretilmi\u015f g\u00f6vdesi, hem hafiflik hem de sa\u011flaml\u0131k sa\u011flar. Ofis, spor ve g\u00fcnl\u00fck ya\u015famda g\u00fcvenle kullan\u0131labilir.<\/p>\n","protected":false},"excerpt":{"rendered":"<p>Kompakt ve hafif tasar\u0131ma sahip bu Bluetooth kulakl\u0131k, Bluetooth 5.0 teknolojisi ile donat\u0131lm\u0131\u015ft\u0131r. D\u00fc\u015f\u00fck enerji t\u00fcketimi sayesinde 40mAh batarya ile yakla\u015f\u0131k 3 saat kullan\u0131m s\u00fcresi sunar.\u015earj kutusu 300mAh kapasitelidir ve 20 g\u00fcn bekleme s\u00fcresi ile acil durumlarda da haz\u0131r kal\u0131r. Kulakl\u0131k ve kutu, Type-C kablo ile 2 saat i\u00e7inde \u015farj edilebilir. ABS malzemeden \u00fcretilmi\u015f g\u00f6vdesi,&#8230;<\/p>\n","protected":false},"featured_media":116889,"comment_status":"open","ping_status":"closed","template":"","meta":{"_kad_post_transparent":"","_kad_post_title":"","_kad_post_layout":"","_kad_post_sidebar_id":"","_kad_post_content_style":"","_kad_post_vertical_padding":"","_kad_post_feature":"","_kad_post_feature_position":"","_kad_post_header":false,"_kad_post_footer":false,"_kad_post_classname":""},"product_brand":[],"product_cat":[14957],"product_tag":[],"class_list":{"0":"post-116890","1":"product","2":"type-product","3":"status-publish","4":"has-post-thumbnail","6":"product_cat-kablosuz-kulaklik-kablosuz-kulaklik","8":"first","9":"instock","10":"purchasable","11":"product-type-simple","12":"entry","13":"content-bg","14":"loop-entry"},"_links":{"self":[{"href":"https:\/\/www.hediyepazar.com\/index.php?rest_route=\/wp\/v2\/product\/116890","targetHints":{"allow":["GET"]}}],"collection":[{"href":"https:\/\/www.hediyepazar.com\/index.php?rest_route=\/wp\/v2\/product"}],"about":[{"href":"https:\/\/www.hediyepazar.com\/index.php?rest_route=\/wp\/v2\/types\/product"}],"replies":[{"embeddable":true,"href":"https:\/\/www.hediyepazar.com\/index.php?rest_route=%2Fwp%2Fv2%2Fcomments&post=116890"}],"wp:featuredmedia":[{"embeddable":true,"href":"https:\/\/www.hediyepazar.com\/index.php?rest_route=\/wp\/v2\/media\/116889"}],"wp:attachment":[{"href":"https:\/\/www.hediyepazar.com\/index.php?rest_route=%2Fwp%2Fv2%2Fmedia&parent=116890"}],"wp:term":[{"taxonomy":"product_brand","embeddable":true,"href":"https:\/\/www.hediyepazar.com\/index.php?rest_route=%2Fwp%2Fv2%2Fproduct_brand&post=116890"},{"taxonomy":"product_cat","embeddable":true,"href":"https:\/\/www.hediyepazar.com\/index.php?rest_route=%2Fwp%2Fv2%2Fproduct_cat&post=116890"},{"taxonomy":"product_tag","embeddable":true,"href":"https:\/\/www.hediyepazar.com\/index.php?rest_route=%2Fwp%2Fv2%2Fproduct_tag&post=116890"}],"curies":[{"name":"wp","href":"https:\/\/api.w.org\/{rel}","templated":true}]}}