{"id":116896,"date":"2026-05-05T18:26:13","date_gmt":"2026-05-05T21:26:13","guid":{"rendered":"https:\/\/www.hediyepazar.com\/?product=kablosuz-bluetooth-5-0-kulaklik-300mah-sarj-kutusu"},"modified":"2026-05-05T18:26:13","modified_gmt":"2026-05-05T21:26:13","slug":"kablosuz-bluetooth-5-0-kulaklik-300mah-sarj-kutusu","status":"publish","type":"product","link":"https:\/\/www.hediyepazar.com\/?product=kablosuz-bluetooth-5-0-kulaklik-300mah-sarj-kutusu","title":{"rendered":"Kablosuz Bluetooth 5.0 Kulakl\u0131k \u2013 300mAh \u015earj Kutusu"},"content":{"rendered":"<p>Yeni nesil Bluetooth V5.0 teknolojisine sahip bu kablosuz kulakl\u0131k, g\u00fc\u00e7l\u00fc ba\u011flant\u0131 ve d\u00fc\u015f\u00fck gecikme s\u00fcresi sunar. Kulakl\u0131k ba\u015f\u0131na 40mAh batarya kapasitesi ile yakla\u015f\u0131k 3 saat kesintisiz m\u00fczik keyfi ya\u015fat\u0131r. Ta\u015f\u0131nabilir 300mAh kapasiteli \u015farj kutusu ile kulakl\u0131klar\u0131n\u0131z\u0131 g\u00fcn i\u00e7inde birden fazla kez \u015farj edebilirsiniz.Toplam \u015farj s\u00fcresi yakla\u015f\u0131k 2 saattir ve Type-C ba\u011flant\u0131s\u0131 sayesinde h\u0131zl\u0131 \u015farj imk\u00e2n\u0131 sunar. Bekleme s\u00fcresi \u015farj kutusu i\u00e7inde yakla\u015f\u0131k 20 g\u00fcn gibi uzun bir s\u00fcreye ula\u015f\u0131r. ABS plastik g\u00f6vdesi sayesinde dayan\u0131kl\u0131 ve hafif bir yap\u0131ya sahiptir. Spor, seyahat ve g\u00fcnl\u00fck kullan\u0131m i\u00e7in idealdir.<\/p>\n","protected":false},"excerpt":{"rendered":"<p>Yeni nesil Bluetooth V5.0 teknolojisine sahip bu kablosuz kulakl\u0131k, g\u00fc\u00e7l\u00fc ba\u011flant\u0131 ve d\u00fc\u015f\u00fck gecikme s\u00fcresi sunar. Kulakl\u0131k ba\u015f\u0131na 40mAh batarya kapasitesi ile yakla\u015f\u0131k 3 saat kesintisiz m\u00fczik keyfi ya\u015fat\u0131r. Ta\u015f\u0131nabilir 300mAh kapasiteli \u015farj kutusu ile kulakl\u0131klar\u0131n\u0131z\u0131 g\u00fcn i\u00e7inde birden fazla kez \u015farj edebilirsiniz.Toplam \u015farj s\u00fcresi yakla\u015f\u0131k 2 saattir ve Type-C ba\u011flant\u0131s\u0131 sayesinde h\u0131zl\u0131 \u015farj imk\u00e2n\u0131&#8230;<\/p>\n","protected":false},"featured_media":116895,"comment_status":"open","ping_status":"closed","template":"","meta":{"_kad_post_transparent":"","_kad_post_title":"","_kad_post_layout":"","_kad_post_sidebar_id":"","_kad_post_content_style":"","_kad_post_vertical_padding":"","_kad_post_feature":"","_kad_post_feature_position":"","_kad_post_header":false,"_kad_post_footer":false,"_kad_post_classname":""},"product_brand":[],"product_cat":[14957],"product_tag":[],"class_list":{"0":"post-116896","1":"product","2":"type-product","3":"status-publish","4":"has-post-thumbnail","6":"product_cat-kablosuz-kulaklik-kablosuz-kulaklik","8":"first","9":"instock","10":"purchasable","11":"product-type-simple","12":"entry","13":"content-bg","14":"loop-entry"},"_links":{"self":[{"href":"https:\/\/www.hediyepazar.com\/index.php?rest_route=\/wp\/v2\/product\/116896","targetHints":{"allow":["GET"]}}],"collection":[{"href":"https:\/\/www.hediyepazar.com\/index.php?rest_route=\/wp\/v2\/product"}],"about":[{"href":"https:\/\/www.hediyepazar.com\/index.php?rest_route=\/wp\/v2\/types\/product"}],"replies":[{"embeddable":true,"href":"https:\/\/www.hediyepazar.com\/index.php?rest_route=%2Fwp%2Fv2%2Fcomments&post=116896"}],"wp:featuredmedia":[{"embeddable":true,"href":"https:\/\/www.hediyepazar.com\/index.php?rest_route=\/wp\/v2\/media\/116895"}],"wp:attachment":[{"href":"https:\/\/www.hediyepazar.com\/index.php?rest_route=%2Fwp%2Fv2%2Fmedia&parent=116896"}],"wp:term":[{"taxonomy":"product_brand","embeddable":true,"href":"https:\/\/www.hediyepazar.com\/index.php?rest_route=%2Fwp%2Fv2%2Fproduct_brand&post=116896"},{"taxonomy":"product_cat","embeddable":true,"href":"https:\/\/www.hediyepazar.com\/index.php?rest_route=%2Fwp%2Fv2%2Fproduct_cat&post=116896"},{"taxonomy":"product_tag","embeddable":true,"href":"https:\/\/www.hediyepazar.com\/index.php?rest_route=%2Fwp%2Fv2%2Fproduct_tag&post=116896"}],"curies":[{"name":"wp","href":"https:\/\/api.w.org\/{rel}","templated":true}]}}