{"id":116899,"date":"2026-05-05T18:27:02","date_gmt":"2026-05-05T21:27:02","guid":{"rendered":"https:\/\/www.hediyepazar.com\/?product=ipx6-suya-dayanikli-kablosuz-kulaklik-hafif-ve-tasinabilir-tasarim"},"modified":"2026-05-05T18:27:02","modified_gmt":"2026-05-05T21:27:02","slug":"ipx6-suya-dayanikli-kablosuz-kulaklik-hafif-ve-tasinabilir-tasarim","status":"publish","type":"product","link":"https:\/\/www.hediyepazar.com\/?product=ipx6-suya-dayanikli-kablosuz-kulaklik-hafif-ve-tasinabilir-tasarim","title":{"rendered":"IPX6 Suya Dayan\u0131kl\u0131 Kablosuz Kulakl\u0131k \u2013 Hafif ve Ta\u015f\u0131nabilir Tasar\u0131m"},"content":{"rendered":"<p>Yeni nesil Bluetooth 5.3 teknolojisine sahip bu kulakl\u0131k, geli\u015fmi\u015f ses i\u015fleme algoritmalar\u0131 ile desteklenmi\u015ftir. \u00d6zellikle telefon g\u00f6r\u00fc\u015fmelerinde sesinizin net bir \u015fekilde kar\u015f\u0131 tarafa ula\u015fmas\u0131n\u0131 sa\u011flayan HD mikrofon teknolojisi i\u00e7erir. \u00c7ift kanal ba\u011flant\u0131 \u00f6zelli\u011fi sayesinde kulakl\u0131klar birbirinden ba\u011f\u0131ms\u0131z olarak kullan\u0131labilir. Bu sayede tek kulak kullan\u0131m\u0131na da uygundur.IPX6 su ge\u00e7irmezlik sertifikas\u0131 ile yo\u011fun spor antrenmanlar\u0131 ya da a\u00e7\u0131k havadaki kullan\u0131mlar i\u00e7in dayan\u0131kl\u0131 yap\u0131 sunar. \u015earj kutusu k\u00fc\u00e7\u00fck boyutuna ra\u011fmen y\u00fcksek kapasitelidir. USB Type-C h\u0131zl\u0131 \u015farj \u00f6zelli\u011fi sayesinde sadece 1 saatte tam dolum sa\u011flar. Otomatik a\u00e7\u0131l\u0131p e\u015fle\u015fme, dokunmatik kontrol paneli ve ergonomik kulak i\u00e7i tasar\u0131m\u0131 ile pratik ve konforlu kullan\u0131m sunar.<\/p>\n","protected":false},"excerpt":{"rendered":"<p>Yeni nesil Bluetooth 5.3 teknolojisine sahip bu kulakl\u0131k, geli\u015fmi\u015f ses i\u015fleme algoritmalar\u0131 ile desteklenmi\u015ftir. \u00d6zellikle telefon g\u00f6r\u00fc\u015fmelerinde sesinizin net bir \u015fekilde kar\u015f\u0131 tarafa ula\u015fmas\u0131n\u0131 sa\u011flayan HD mikrofon teknolojisi i\u00e7erir. \u00c7ift kanal ba\u011flant\u0131 \u00f6zelli\u011fi sayesinde kulakl\u0131klar birbirinden ba\u011f\u0131ms\u0131z olarak kullan\u0131labilir. Bu sayede tek kulak kullan\u0131m\u0131na da uygundur.IPX6 su ge\u00e7irmezlik sertifikas\u0131 ile yo\u011fun spor antrenmanlar\u0131 ya da&#8230;<\/p>\n","protected":false},"featured_media":116898,"comment_status":"open","ping_status":"closed","template":"","meta":{"_kad_post_transparent":"","_kad_post_title":"","_kad_post_layout":"","_kad_post_sidebar_id":"","_kad_post_content_style":"","_kad_post_vertical_padding":"","_kad_post_feature":"","_kad_post_feature_position":"","_kad_post_header":false,"_kad_post_footer":false,"_kad_post_classname":""},"product_brand":[],"product_cat":[14957],"product_tag":[],"class_list":{"0":"post-116899","1":"product","2":"type-product","3":"status-publish","4":"has-post-thumbnail","6":"product_cat-kablosuz-kulaklik-kablosuz-kulaklik","8":"first","9":"instock","10":"purchasable","11":"product-type-simple","12":"entry","13":"content-bg","14":"loop-entry"},"_links":{"self":[{"href":"https:\/\/www.hediyepazar.com\/index.php?rest_route=\/wp\/v2\/product\/116899","targetHints":{"allow":["GET"]}}],"collection":[{"href":"https:\/\/www.hediyepazar.com\/index.php?rest_route=\/wp\/v2\/product"}],"about":[{"href":"https:\/\/www.hediyepazar.com\/index.php?rest_route=\/wp\/v2\/types\/product"}],"replies":[{"embeddable":true,"href":"https:\/\/www.hediyepazar.com\/index.php?rest_route=%2Fwp%2Fv2%2Fcomments&post=116899"}],"wp:featuredmedia":[{"embeddable":true,"href":"https:\/\/www.hediyepazar.com\/index.php?rest_route=\/wp\/v2\/media\/116898"}],"wp:attachment":[{"href":"https:\/\/www.hediyepazar.com\/index.php?rest_route=%2Fwp%2Fv2%2Fmedia&parent=116899"}],"wp:term":[{"taxonomy":"product_brand","embeddable":true,"href":"https:\/\/www.hediyepazar.com\/index.php?rest_route=%2Fwp%2Fv2%2Fproduct_brand&post=116899"},{"taxonomy":"product_cat","embeddable":true,"href":"https:\/\/www.hediyepazar.com\/index.php?rest_route=%2Fwp%2Fv2%2Fproduct_cat&post=116899"},{"taxonomy":"product_tag","embeddable":true,"href":"https:\/\/www.hediyepazar.com\/index.php?rest_route=%2Fwp%2Fv2%2Fproduct_tag&post=116899"}],"curies":[{"name":"wp","href":"https:\/\/api.w.org\/{rel}","templated":true}]}}