{"id":116901,"date":"2026-05-05T18:27:13","date_gmt":"2026-05-05T21:27:13","guid":{"rendered":"https:\/\/www.hediyepazar.com\/?product=kristal-ses-kaliteli-bluetooth-kulaklik-android-ve-ios-uyumlu"},"modified":"2026-05-05T18:27:13","modified_gmt":"2026-05-05T21:27:13","slug":"kristal-ses-kaliteli-bluetooth-kulaklik-android-ve-ios-uyumlu","status":"publish","type":"product","link":"https:\/\/www.hediyepazar.com\/?product=kristal-ses-kaliteli-bluetooth-kulaklik-android-ve-ios-uyumlu","title":{"rendered":"Kristal Ses Kaliteli Bluetooth Kulakl\u0131k \u2013 Android ve iOS Uyumlu"},"content":{"rendered":"<p>Bu Bluetooth kulakl\u0131k, kompakt ve modern tasar\u0131m\u0131 ile hem \u015f\u0131kl\u0131\u011f\u0131 hem de i\u015flevselli\u011fi bir arada sunar. Minimalist tasar\u0131m\u0131 sayesinde cebe veya \u00e7antaya kolayca s\u0131\u011far. Kulakl\u0131\u011f\u0131n her iki taraf\u0131nda da bulunan mikrofon, y\u00fcksek kaliteli ses iletimini desteklerken d\u0131\u015f sesleri filtreleyen teknolojisiyle g\u00fcr\u00fclt\u00fcs\u00fcz g\u00f6r\u00fc\u015fmeler yapman\u0131z\u0131 sa\u011flar.\u015earj kutusu ile toplamda 20 saate kadar kullan\u0131m s\u00fcresi sunar. Kulakl\u0131\u011f\u0131n kendisi 4-5 saat boyunca kesintisiz m\u00fczik keyfi sunar. H\u0131zl\u0131 Bluetooth ba\u011flant\u0131s\u0131 sayesinde oyun modunda bile senkron kayb\u0131 ya\u015fanmaz. Kulakl\u0131kta yer alan LED bildirim \u0131\u015f\u0131klar\u0131, pil seviyesi ve ba\u011flant\u0131 durumu hakk\u0131nda bilgi verir. Spor, y\u00fcr\u00fcy\u00fc\u015f, ofis ve g\u00fcnl\u00fck kullan\u0131m i\u00e7in uygundur. Kullan\u0131m kolayl\u0131\u011f\u0131, dayan\u0131kl\u0131l\u0131k ve \u00fcst\u00fcn ses kalitesiyle \u00f6ne \u00e7\u0131kar.<\/p>\n","protected":false},"excerpt":{"rendered":"<p>Bu Bluetooth kulakl\u0131k, kompakt ve modern tasar\u0131m\u0131 ile hem \u015f\u0131kl\u0131\u011f\u0131 hem de i\u015flevselli\u011fi bir arada sunar. Minimalist tasar\u0131m\u0131 sayesinde cebe veya \u00e7antaya kolayca s\u0131\u011far. Kulakl\u0131\u011f\u0131n her iki taraf\u0131nda da bulunan mikrofon, y\u00fcksek kaliteli ses iletimini desteklerken d\u0131\u015f sesleri filtreleyen teknolojisiyle g\u00fcr\u00fclt\u00fcs\u00fcz g\u00f6r\u00fc\u015fmeler yapman\u0131z\u0131 sa\u011flar.\u015earj kutusu ile toplamda 20 saate kadar kullan\u0131m s\u00fcresi sunar. Kulakl\u0131\u011f\u0131n kendisi&#8230;<\/p>\n","protected":false},"featured_media":116900,"comment_status":"open","ping_status":"closed","template":"","meta":{"_kad_post_transparent":"","_kad_post_title":"","_kad_post_layout":"","_kad_post_sidebar_id":"","_kad_post_content_style":"","_kad_post_vertical_padding":"","_kad_post_feature":"","_kad_post_feature_position":"","_kad_post_header":false,"_kad_post_footer":false,"_kad_post_classname":""},"product_brand":[],"product_cat":[14957],"product_tag":[],"class_list":{"0":"post-116901","1":"product","2":"type-product","3":"status-publish","4":"has-post-thumbnail","6":"product_cat-kablosuz-kulaklik-kablosuz-kulaklik","8":"first","9":"instock","10":"purchasable","11":"product-type-simple","12":"entry","13":"content-bg","14":"loop-entry"},"_links":{"self":[{"href":"https:\/\/www.hediyepazar.com\/index.php?rest_route=\/wp\/v2\/product\/116901","targetHints":{"allow":["GET"]}}],"collection":[{"href":"https:\/\/www.hediyepazar.com\/index.php?rest_route=\/wp\/v2\/product"}],"about":[{"href":"https:\/\/www.hediyepazar.com\/index.php?rest_route=\/wp\/v2\/types\/product"}],"replies":[{"embeddable":true,"href":"https:\/\/www.hediyepazar.com\/index.php?rest_route=%2Fwp%2Fv2%2Fcomments&post=116901"}],"wp:featuredmedia":[{"embeddable":true,"href":"https:\/\/www.hediyepazar.com\/index.php?rest_route=\/wp\/v2\/media\/116900"}],"wp:attachment":[{"href":"https:\/\/www.hediyepazar.com\/index.php?rest_route=%2Fwp%2Fv2%2Fmedia&parent=116901"}],"wp:term":[{"taxonomy":"product_brand","embeddable":true,"href":"https:\/\/www.hediyepazar.com\/index.php?rest_route=%2Fwp%2Fv2%2Fproduct_brand&post=116901"},{"taxonomy":"product_cat","embeddable":true,"href":"https:\/\/www.hediyepazar.com\/index.php?rest_route=%2Fwp%2Fv2%2Fproduct_cat&post=116901"},{"taxonomy":"product_tag","embeddable":true,"href":"https:\/\/www.hediyepazar.com\/index.php?rest_route=%2Fwp%2Fv2%2Fproduct_tag&post=116901"}],"curies":[{"name":"wp","href":"https:\/\/api.w.org\/{rel}","templated":true}]}}