{"id":116905,"date":"2026-05-05T18:28:01","date_gmt":"2026-05-05T21:28:01","guid":{"rendered":"https:\/\/www.hediyepazar.com\/?product=ergonomik-tasarimli-kablosuz-bluetooth-kulaklik-yuksek-ses-performansi"},"modified":"2026-05-05T18:28:01","modified_gmt":"2026-05-05T21:28:01","slug":"ergonomik-tasarimli-kablosuz-bluetooth-kulaklik-yuksek-ses-performansi","status":"publish","type":"product","link":"https:\/\/www.hediyepazar.com\/?product=ergonomik-tasarimli-kablosuz-bluetooth-kulaklik-yuksek-ses-performansi","title":{"rendered":"Ergonomik Tasar\u0131ml\u0131 Kablosuz Bluetooth Kulakl\u0131k \u2013 Y\u00fcksek Ses Performans\u0131"},"content":{"rendered":"<p>Modern ve kompakt bir tasar\u0131ma sahip olan bu Bluetooth kulakl\u0131k, g\u00fcnl\u00fck ya\u015famda her an yan\u0131n\u0131zda ta\u015f\u0131yabilece\u011finiz \u015fekilde tasarlanm\u0131\u015ft\u0131r. 10 metreye kadar g\u00fc\u00e7l\u00fc ba\u011flant\u0131 mesafesi, stabil veri aktar\u0131m\u0131 sa\u011flar. Her iki kulakl\u0131kta da ba\u011f\u0131ms\u0131z mikrofon yer al\u0131r ve cvc\/g\u00fcr\u00fclt\u00fc azaltma deste\u011fi sayesinde \u00e7evresel g\u00fcr\u00fclt\u00fcler bast\u0131r\u0131l\u0131r, b\u00f6ylece net telefon g\u00f6r\u00fc\u015fmeleri yapabilirsiniz.Kulakl\u0131k, tek \u015farjla 4 ila 5 saat kesintisiz \u00e7al\u0131\u015f\u0131r. Ta\u015f\u0131nabilir \u015farj kutusu ile birlikte bu s\u00fcre birka\u00e7 kat artar. Hafif yap\u0131s\u0131 ve yumu\u015fak silikon u\u00e7lar\u0131 sayesinde uzun s\u00fcreli kullan\u0131mda kula\u011f\u0131 yormaz. IPX6 suya dayan\u0131kl\u0131l\u0131\u011f\u0131 ile ya\u011fmurlu havalarda ya da spor salonunda g\u00fcvenle kullan\u0131labilir. M\u00fczik severlerden aktif kullan\u0131c\u0131lara kadar geni\u015f bir kitlenin ihtiya\u00e7lar\u0131n\u0131 kar\u015f\u0131layacak \u015fekilde optimize edilmi\u015ftir.<\/p>\n","protected":false},"excerpt":{"rendered":"<p>Modern ve kompakt bir tasar\u0131ma sahip olan bu Bluetooth kulakl\u0131k, g\u00fcnl\u00fck ya\u015famda her an yan\u0131n\u0131zda ta\u015f\u0131yabilece\u011finiz \u015fekilde tasarlanm\u0131\u015ft\u0131r. 10 metreye kadar g\u00fc\u00e7l\u00fc ba\u011flant\u0131 mesafesi, stabil veri aktar\u0131m\u0131 sa\u011flar. Her iki kulakl\u0131kta da ba\u011f\u0131ms\u0131z mikrofon yer al\u0131r ve cvc\/g\u00fcr\u00fclt\u00fc azaltma deste\u011fi sayesinde \u00e7evresel g\u00fcr\u00fclt\u00fcler bast\u0131r\u0131l\u0131r, b\u00f6ylece net telefon g\u00f6r\u00fc\u015fmeleri yapabilirsiniz.Kulakl\u0131k, tek \u015farjla 4 ila 5 saat&#8230;<\/p>\n","protected":false},"featured_media":116904,"comment_status":"open","ping_status":"closed","template":"","meta":{"_kad_post_transparent":"","_kad_post_title":"","_kad_post_layout":"","_kad_post_sidebar_id":"","_kad_post_content_style":"","_kad_post_vertical_padding":"","_kad_post_feature":"","_kad_post_feature_position":"","_kad_post_header":false,"_kad_post_footer":false,"_kad_post_classname":""},"product_brand":[],"product_cat":[14957],"product_tag":[],"class_list":{"0":"post-116905","1":"product","2":"type-product","3":"status-publish","4":"has-post-thumbnail","6":"product_cat-kablosuz-kulaklik-kablosuz-kulaklik","8":"first","9":"instock","10":"purchasable","11":"product-type-simple","12":"entry","13":"content-bg","14":"loop-entry"},"_links":{"self":[{"href":"https:\/\/www.hediyepazar.com\/index.php?rest_route=\/wp\/v2\/product\/116905","targetHints":{"allow":["GET"]}}],"collection":[{"href":"https:\/\/www.hediyepazar.com\/index.php?rest_route=\/wp\/v2\/product"}],"about":[{"href":"https:\/\/www.hediyepazar.com\/index.php?rest_route=\/wp\/v2\/types\/product"}],"replies":[{"embeddable":true,"href":"https:\/\/www.hediyepazar.com\/index.php?rest_route=%2Fwp%2Fv2%2Fcomments&post=116905"}],"wp:featuredmedia":[{"embeddable":true,"href":"https:\/\/www.hediyepazar.com\/index.php?rest_route=\/wp\/v2\/media\/116904"}],"wp:attachment":[{"href":"https:\/\/www.hediyepazar.com\/index.php?rest_route=%2Fwp%2Fv2%2Fmedia&parent=116905"}],"wp:term":[{"taxonomy":"product_brand","embeddable":true,"href":"https:\/\/www.hediyepazar.com\/index.php?rest_route=%2Fwp%2Fv2%2Fproduct_brand&post=116905"},{"taxonomy":"product_cat","embeddable":true,"href":"https:\/\/www.hediyepazar.com\/index.php?rest_route=%2Fwp%2Fv2%2Fproduct_cat&post=116905"},{"taxonomy":"product_tag","embeddable":true,"href":"https:\/\/www.hediyepazar.com\/index.php?rest_route=%2Fwp%2Fv2%2Fproduct_tag&post=116905"}],"curies":[{"name":"wp","href":"https:\/\/api.w.org\/{rel}","templated":true}]}}