{"id":116917,"date":"2026-05-05T18:29:16","date_gmt":"2026-05-05T21:29:16","guid":{"rendered":"https:\/\/www.hediyepazar.com\/?product=koleksiyonluk-labubu-figur-kaliteli-pelus-malzeme-yeni-seri"},"modified":"2026-05-05T18:29:16","modified_gmt":"2026-05-05T21:29:16","slug":"koleksiyonluk-labubu-figur-kaliteli-pelus-malzeme-yeni-seri","status":"publish","type":"product","link":"https:\/\/www.hediyepazar.com\/?product=koleksiyonluk-labubu-figur-kaliteli-pelus-malzeme-yeni-seri","title":{"rendered":"Koleksiyonluk Labubu Fig\u00fcr \u2013 Kaliteli Pelu\u015f Malzeme Yeni Seri"},"content":{"rendered":"<p>Koleksiyon tutkunlar\u0131n\u0131n vazge\u00e7ilmezi haline gelen Labubu Pelu\u015f Oyuncak, \u00f6zel pelu\u015f kuma\u015f\u0131 ve karakteristik ifadesiyle raflarda yerini al\u0131yor. Modern g\u00f6r\u00fcn\u00fcm\u00fcyle dekoratif ama\u00e7la kullan\u0131labilece\u011fi gibi, \u00e7ocuklar i\u00e7in de tamamen g\u00fcvenli ve yumu\u015fakt\u0131r. Pelu\u015f oyuncak severlerin sosyal medya hesaplar\u0131nda s\u0131kl\u0131kla kar\u015f\u0131la\u015ft\u0131\u011f\u0131 bu fig\u00fcr, \u00f6zellikle TikTok ve Instagram\u2019da fenomen haline gelmi\u015ftir. \u00dcr\u00fcn tek adet olarak g\u00f6nderilir ve renk se\u00e7imi stok durumuna g\u00f6re kar\u0131\u015f\u0131kt\u0131r. Stoklarla s\u0131n\u0131rl\u0131 bu fig\u00fcr\u00fc ka\u00e7\u0131rmadan koleksiyonunuza ekleyin ya da \u00f6zel birine hediye edin.<\/p>\n","protected":false},"excerpt":{"rendered":"<p>Koleksiyon tutkunlar\u0131n\u0131n vazge\u00e7ilmezi haline gelen Labubu Pelu\u015f Oyuncak, \u00f6zel pelu\u015f kuma\u015f\u0131 ve karakteristik ifadesiyle raflarda yerini al\u0131yor. Modern g\u00f6r\u00fcn\u00fcm\u00fcyle dekoratif ama\u00e7la kullan\u0131labilece\u011fi gibi, \u00e7ocuklar i\u00e7in de tamamen g\u00fcvenli ve yumu\u015fakt\u0131r. Pelu\u015f oyuncak severlerin sosyal medya hesaplar\u0131nda s\u0131kl\u0131kla kar\u015f\u0131la\u015ft\u0131\u011f\u0131 bu fig\u00fcr, \u00f6zellikle TikTok ve Instagram\u2019da fenomen haline gelmi\u015ftir. \u00dcr\u00fcn tek adet olarak g\u00f6nderilir ve renk se\u00e7imi&#8230;<\/p>\n","protected":false},"featured_media":116916,"comment_status":"open","ping_status":"closed","template":"","meta":{"_kad_post_transparent":"","_kad_post_title":"","_kad_post_layout":"","_kad_post_sidebar_id":"","_kad_post_content_style":"","_kad_post_vertical_padding":"","_kad_post_feature":"","_kad_post_feature_position":"","_kad_post_header":false,"_kad_post_footer":false,"_kad_post_classname":""},"product_brand":[],"product_cat":[15090],"product_tag":[],"class_list":{"0":"post-116917","1":"product","2":"type-product","3":"status-publish","4":"has-post-thumbnail","6":"product_cat-cocuk-oyuncak-cocuk-oyuncak","8":"first","9":"instock","10":"purchasable","11":"product-type-simple","12":"entry","13":"content-bg","14":"loop-entry"},"_links":{"self":[{"href":"https:\/\/www.hediyepazar.com\/index.php?rest_route=\/wp\/v2\/product\/116917","targetHints":{"allow":["GET"]}}],"collection":[{"href":"https:\/\/www.hediyepazar.com\/index.php?rest_route=\/wp\/v2\/product"}],"about":[{"href":"https:\/\/www.hediyepazar.com\/index.php?rest_route=\/wp\/v2\/types\/product"}],"replies":[{"embeddable":true,"href":"https:\/\/www.hediyepazar.com\/index.php?rest_route=%2Fwp%2Fv2%2Fcomments&post=116917"}],"wp:featuredmedia":[{"embeddable":true,"href":"https:\/\/www.hediyepazar.com\/index.php?rest_route=\/wp\/v2\/media\/116916"}],"wp:attachment":[{"href":"https:\/\/www.hediyepazar.com\/index.php?rest_route=%2Fwp%2Fv2%2Fmedia&parent=116917"}],"wp:term":[{"taxonomy":"product_brand","embeddable":true,"href":"https:\/\/www.hediyepazar.com\/index.php?rest_route=%2Fwp%2Fv2%2Fproduct_brand&post=116917"},{"taxonomy":"product_cat","embeddable":true,"href":"https:\/\/www.hediyepazar.com\/index.php?rest_route=%2Fwp%2Fv2%2Fproduct_cat&post=116917"},{"taxonomy":"product_tag","embeddable":true,"href":"https:\/\/www.hediyepazar.com\/index.php?rest_route=%2Fwp%2Fv2%2Fproduct_tag&post=116917"}],"curies":[{"name":"wp","href":"https:\/\/api.w.org\/{rel}","templated":true}]}}