{"id":116921,"date":"2026-05-05T18:30:00","date_gmt":"2026-05-05T21:30:00","guid":{"rendered":"https:\/\/www.hediyepazar.com\/?product=gercek-zamanli-guc-gostergeli-manyetik-usb-c-tasinabilir-powerbank"},"modified":"2026-05-05T18:30:00","modified_gmt":"2026-05-05T21:30:00","slug":"gercek-zamanli-guc-gostergeli-manyetik-usb-c-tasinabilir-powerbank","status":"publish","type":"product","link":"https:\/\/www.hediyepazar.com\/?product=gercek-zamanli-guc-gostergeli-manyetik-usb-c-tasinabilir-powerbank","title":{"rendered":"Ger\u00e7ek Zamanl\u0131 G\u00fc\u00e7 G\u00f6stergeli Manyetik USB-C Ta\u015f\u0131nabilir Powerbank"},"content":{"rendered":"<p>Bu manyetik g\u00fc\u00e7 bankas\u0131, ta\u015f\u0131nabilir enerji \u00e7\u00f6z\u00fcmlerinde yenilik\u00e7i \u00f6zellikler sunar. 15W kablosuz ve 20W kablolu \u015farj deste\u011fiyle ak\u0131ll\u0131 telefonlar\u0131n\u0131z\u0131 h\u0131zl\u0131 bir \u015fekilde besler. 5000mAh ve 10000mAh kapasite se\u00e7enekleri, uzun s\u00fcreli kullan\u0131m sa\u011flar. Qi kablosuz \u015farj protokol\u00fc ile uyumlu cihazlarda kablosuz \u015farj avantaj\u0131 sunar; iPhone 12 serisi i\u00e7in manyetik ba\u011flant\u0131 \u00f6zelli\u011fi vard\u0131r. Manyetik olmayan telefonlarda ise manyetik halka aksesuar\u0131 ile uyumluluk sa\u011flanabilir. Kompakt tasar\u0131m\u0131, al\u00fcminyum ala\u015f\u0131ml\u0131 g\u00f6vdesi ve \u015f\u0131k renk se\u00e7enekleriyle hem fonksiyonel hem de estetik bir \u00fcr\u00fcn olarak \u00f6ne \u00e7\u0131kar. Ger\u00e7ek zamanl\u0131 g\u00fc\u00e7 g\u00f6stergesi ile pil seviyenizi kolayca kontrol edin.<\/p>\n","protected":false},"excerpt":{"rendered":"<p>Bu manyetik g\u00fc\u00e7 bankas\u0131, ta\u015f\u0131nabilir enerji \u00e7\u00f6z\u00fcmlerinde yenilik\u00e7i \u00f6zellikler sunar. 15W kablosuz ve 20W kablolu \u015farj deste\u011fiyle ak\u0131ll\u0131 telefonlar\u0131n\u0131z\u0131 h\u0131zl\u0131 bir \u015fekilde besler. 5000mAh ve 10000mAh kapasite se\u00e7enekleri, uzun s\u00fcreli kullan\u0131m sa\u011flar. Qi kablosuz \u015farj protokol\u00fc ile uyumlu cihazlarda kablosuz \u015farj avantaj\u0131 sunar; iPhone 12 serisi i\u00e7in manyetik ba\u011flant\u0131 \u00f6zelli\u011fi vard\u0131r. Manyetik olmayan telefonlarda ise&#8230;<\/p>\n","protected":false},"featured_media":116920,"comment_status":"open","ping_status":"closed","template":"","meta":{"_kad_post_transparent":"","_kad_post_title":"","_kad_post_layout":"","_kad_post_sidebar_id":"","_kad_post_content_style":"","_kad_post_vertical_padding":"","_kad_post_feature":"","_kad_post_feature_position":"","_kad_post_header":false,"_kad_post_footer":false,"_kad_post_classname":""},"product_brand":[],"product_cat":[14937],"product_tag":[],"class_list":{"0":"post-116921","1":"product","2":"type-product","3":"status-publish","4":"has-post-thumbnail","6":"product_cat-powerbank-powerbank-2","8":"first","9":"instock","10":"purchasable","11":"product-type-simple","12":"entry","13":"content-bg","14":"loop-entry"},"_links":{"self":[{"href":"https:\/\/www.hediyepazar.com\/index.php?rest_route=\/wp\/v2\/product\/116921","targetHints":{"allow":["GET"]}}],"collection":[{"href":"https:\/\/www.hediyepazar.com\/index.php?rest_route=\/wp\/v2\/product"}],"about":[{"href":"https:\/\/www.hediyepazar.com\/index.php?rest_route=\/wp\/v2\/types\/product"}],"replies":[{"embeddable":true,"href":"https:\/\/www.hediyepazar.com\/index.php?rest_route=%2Fwp%2Fv2%2Fcomments&post=116921"}],"wp:featuredmedia":[{"embeddable":true,"href":"https:\/\/www.hediyepazar.com\/index.php?rest_route=\/wp\/v2\/media\/116920"}],"wp:attachment":[{"href":"https:\/\/www.hediyepazar.com\/index.php?rest_route=%2Fwp%2Fv2%2Fmedia&parent=116921"}],"wp:term":[{"taxonomy":"product_brand","embeddable":true,"href":"https:\/\/www.hediyepazar.com\/index.php?rest_route=%2Fwp%2Fv2%2Fproduct_brand&post=116921"},{"taxonomy":"product_cat","embeddable":true,"href":"https:\/\/www.hediyepazar.com\/index.php?rest_route=%2Fwp%2Fv2%2Fproduct_cat&post=116921"},{"taxonomy":"product_tag","embeddable":true,"href":"https:\/\/www.hediyepazar.com\/index.php?rest_route=%2Fwp%2Fv2%2Fproduct_tag&post=116921"}],"curies":[{"name":"wp","href":"https:\/\/api.w.org\/{rel}","templated":true}]}}