{"id":116923,"date":"2026-05-05T18:30:08","date_gmt":"2026-05-05T21:30:08","guid":{"rendered":"https:\/\/www.hediyepazar.com\/?product=aluminyum-alasimli-20w-pd-hizli-sarj-ve-manyetik-kablosuz-powerbank"},"modified":"2026-05-05T18:30:08","modified_gmt":"2026-05-05T21:30:08","slug":"aluminyum-alasimli-20w-pd-hizli-sarj-ve-manyetik-kablosuz-powerbank","status":"publish","type":"product","link":"https:\/\/www.hediyepazar.com\/?product=aluminyum-alasimli-20w-pd-hizli-sarj-ve-manyetik-kablosuz-powerbank","title":{"rendered":"Al\u00fcminyum Ala\u015f\u0131ml\u0131 20W PD H\u0131zl\u0131 \u015earj ve Manyetik Kablosuz Powerbank"},"content":{"rendered":"<p>5000mAh ve 10000mAh kapasiteli bu manyetik g\u00fc\u00e7 bankas\u0131, telefonlar\u0131n\u0131z\u0131 h\u0131zl\u0131 ve g\u00fcvenli \u015farj etmek i\u00e7in tasarlanm\u0131\u015ft\u0131r. Hem manyetik kablosuz \u015farj hem de 20W PD kablolu \u015farj destekleri ile maksimum esneklik sa\u011flar. Qi kablosuz \u015farj teknolojisi sayesinde iPhone 12 ve sonraki modellerle tam uyumludur. Di\u011fer cihazlar i\u00e7in manyetik halka deste\u011fi sunar. USB-C ve USB-A \u00e7\u0131k\u0131\u015flar\u0131, \u00e7oklu cihaz \u015farj\u0131na imkan verir. \u00dcr\u00fcn\u00fcn al\u00fcminyum ala\u015f\u0131ml\u0131 g\u00f6vdesi hem dayan\u0131kl\u0131l\u0131k hem de estetik bir g\u00f6r\u00fcn\u00fcm kazand\u0131r\u0131r. Kullan\u0131c\u0131 dostu g\u00fc\u00e7 g\u00f6stergesi, batarya seviyesini anl\u0131k olarak takip etmeye olanak tan\u0131r. Pratik boyutu ve hafif yap\u0131s\u0131 sayesinde her yerde kolayca kullan\u0131labilir.<\/p>\n","protected":false},"excerpt":{"rendered":"<p>5000mAh ve 10000mAh kapasiteli bu manyetik g\u00fc\u00e7 bankas\u0131, telefonlar\u0131n\u0131z\u0131 h\u0131zl\u0131 ve g\u00fcvenli \u015farj etmek i\u00e7in tasarlanm\u0131\u015ft\u0131r. Hem manyetik kablosuz \u015farj hem de 20W PD kablolu \u015farj destekleri ile maksimum esneklik sa\u011flar. Qi kablosuz \u015farj teknolojisi sayesinde iPhone 12 ve sonraki modellerle tam uyumludur. Di\u011fer cihazlar i\u00e7in manyetik halka deste\u011fi sunar. USB-C ve USB-A \u00e7\u0131k\u0131\u015flar\u0131, \u00e7oklu&#8230;<\/p>\n","protected":false},"featured_media":116922,"comment_status":"open","ping_status":"closed","template":"","meta":{"_kad_post_transparent":"","_kad_post_title":"","_kad_post_layout":"","_kad_post_sidebar_id":"","_kad_post_content_style":"","_kad_post_vertical_padding":"","_kad_post_feature":"","_kad_post_feature_position":"","_kad_post_header":false,"_kad_post_footer":false,"_kad_post_classname":""},"product_brand":[],"product_cat":[14937],"product_tag":[],"class_list":{"0":"post-116923","1":"product","2":"type-product","3":"status-publish","4":"has-post-thumbnail","6":"product_cat-powerbank-powerbank-2","8":"first","9":"instock","10":"purchasable","11":"product-type-simple","12":"entry","13":"content-bg","14":"loop-entry"},"_links":{"self":[{"href":"https:\/\/www.hediyepazar.com\/index.php?rest_route=\/wp\/v2\/product\/116923","targetHints":{"allow":["GET"]}}],"collection":[{"href":"https:\/\/www.hediyepazar.com\/index.php?rest_route=\/wp\/v2\/product"}],"about":[{"href":"https:\/\/www.hediyepazar.com\/index.php?rest_route=\/wp\/v2\/types\/product"}],"replies":[{"embeddable":true,"href":"https:\/\/www.hediyepazar.com\/index.php?rest_route=%2Fwp%2Fv2%2Fcomments&post=116923"}],"wp:featuredmedia":[{"embeddable":true,"href":"https:\/\/www.hediyepazar.com\/index.php?rest_route=\/wp\/v2\/media\/116922"}],"wp:attachment":[{"href":"https:\/\/www.hediyepazar.com\/index.php?rest_route=%2Fwp%2Fv2%2Fmedia&parent=116923"}],"wp:term":[{"taxonomy":"product_brand","embeddable":true,"href":"https:\/\/www.hediyepazar.com\/index.php?rest_route=%2Fwp%2Fv2%2Fproduct_brand&post=116923"},{"taxonomy":"product_cat","embeddable":true,"href":"https:\/\/www.hediyepazar.com\/index.php?rest_route=%2Fwp%2Fv2%2Fproduct_cat&post=116923"},{"taxonomy":"product_tag","embeddable":true,"href":"https:\/\/www.hediyepazar.com\/index.php?rest_route=%2Fwp%2Fv2%2Fproduct_tag&post=116923"}],"curies":[{"name":"wp","href":"https:\/\/api.w.org\/{rel}","templated":true}]}}