{"id":116925,"date":"2026-05-05T18:30:14","date_gmt":"2026-05-05T21:30:14","guid":{"rendered":"https:\/\/www.hediyepazar.com\/?product=manyetik-ve-hizli-kablosuz-sarj-guc-bankasi-powerbank"},"modified":"2026-05-05T18:30:14","modified_gmt":"2026-05-05T21:30:14","slug":"manyetik-ve-hizli-kablosuz-sarj-guc-bankasi-powerbank","status":"publish","type":"product","link":"https:\/\/www.hediyepazar.com\/?product=manyetik-ve-hizli-kablosuz-sarj-guc-bankasi-powerbank","title":{"rendered":"Manyetik ve H\u0131zl\u0131 Kablosuz \u015earj G\u00fc\u00e7 Bankas\u0131 Powerbank"},"content":{"rendered":"<p>Bu manyetik g\u00fc\u00e7 bankas\u0131, kablosuz ve kablolu \u015farj teknolojilerini bir arada sunarak pratik ve g\u00fcvenli kullan\u0131m avantaj\u0131 sa\u011flar. Kablosuz \u015farjda 15W\u2019a kadar \u00e7\u0131kabilen g\u00fc\u00e7 \u00e7\u0131k\u0131\u015f\u0131, cihazlar\u0131n\u0131z\u0131 h\u0131zla \u015farj etmenize olanak verir. Ayn\u0131 zamanda 20W PD kablolu \u015farj\u0131 sayesinde y\u00fcksek h\u0131zl\u0131 \u015farj\u0131 destekler. Qi sertifikal\u0131 cihazlarla tam uyumlu olan bu \u00fcr\u00fcn, iPhone 12, 13, 14 serileriyle manyetik ba\u011flant\u0131 \u00f6zelli\u011fi sayesinde ekstra kolayl\u0131k sa\u011flar. Manyetik olmayan telefonlar i\u00e7in manyetik halka aksesuar\u0131 sayesinde uyumluluk art\u0131r\u0131lm\u0131\u015ft\u0131r. Kompakt ve hafif tasar\u0131m\u0131 ile g\u00fcnl\u00fck kullan\u0131mda ve seyahatlerde kolay ta\u015f\u0131nabilir. Dayan\u0131kl\u0131 al\u00fcminyum ala\u015f\u0131ml\u0131 d\u0131\u015f y\u00fczeyi ve \u00e7e\u015fitli renk se\u00e7enekleri ile \u015f\u0131kl\u0131k ve dayan\u0131kl\u0131l\u0131\u011f\u0131 bir arada sunar.<\/p>\n","protected":false},"excerpt":{"rendered":"<p>Bu manyetik g\u00fc\u00e7 bankas\u0131, kablosuz ve kablolu \u015farj teknolojilerini bir arada sunarak pratik ve g\u00fcvenli kullan\u0131m avantaj\u0131 sa\u011flar. Kablosuz \u015farjda 15W\u2019a kadar \u00e7\u0131kabilen g\u00fc\u00e7 \u00e7\u0131k\u0131\u015f\u0131, cihazlar\u0131n\u0131z\u0131 h\u0131zla \u015farj etmenize olanak verir. Ayn\u0131 zamanda 20W PD kablolu \u015farj\u0131 sayesinde y\u00fcksek h\u0131zl\u0131 \u015farj\u0131 destekler. Qi sertifikal\u0131 cihazlarla tam uyumlu olan bu \u00fcr\u00fcn, iPhone 12, 13, 14 serileriyle&#8230;<\/p>\n","protected":false},"featured_media":116924,"comment_status":"open","ping_status":"closed","template":"","meta":{"_kad_post_transparent":"","_kad_post_title":"","_kad_post_layout":"","_kad_post_sidebar_id":"","_kad_post_content_style":"","_kad_post_vertical_padding":"","_kad_post_feature":"","_kad_post_feature_position":"","_kad_post_header":false,"_kad_post_footer":false,"_kad_post_classname":""},"product_brand":[],"product_cat":[14937],"product_tag":[],"class_list":{"0":"post-116925","1":"product","2":"type-product","3":"status-publish","4":"has-post-thumbnail","6":"product_cat-powerbank-powerbank-2","8":"first","9":"instock","10":"purchasable","11":"product-type-simple","12":"entry","13":"content-bg","14":"loop-entry"},"_links":{"self":[{"href":"https:\/\/www.hediyepazar.com\/index.php?rest_route=\/wp\/v2\/product\/116925","targetHints":{"allow":["GET"]}}],"collection":[{"href":"https:\/\/www.hediyepazar.com\/index.php?rest_route=\/wp\/v2\/product"}],"about":[{"href":"https:\/\/www.hediyepazar.com\/index.php?rest_route=\/wp\/v2\/types\/product"}],"replies":[{"embeddable":true,"href":"https:\/\/www.hediyepazar.com\/index.php?rest_route=%2Fwp%2Fv2%2Fcomments&post=116925"}],"wp:featuredmedia":[{"embeddable":true,"href":"https:\/\/www.hediyepazar.com\/index.php?rest_route=\/wp\/v2\/media\/116924"}],"wp:attachment":[{"href":"https:\/\/www.hediyepazar.com\/index.php?rest_route=%2Fwp%2Fv2%2Fmedia&parent=116925"}],"wp:term":[{"taxonomy":"product_brand","embeddable":true,"href":"https:\/\/www.hediyepazar.com\/index.php?rest_route=%2Fwp%2Fv2%2Fproduct_brand&post=116925"},{"taxonomy":"product_cat","embeddable":true,"href":"https:\/\/www.hediyepazar.com\/index.php?rest_route=%2Fwp%2Fv2%2Fproduct_cat&post=116925"},{"taxonomy":"product_tag","embeddable":true,"href":"https:\/\/www.hediyepazar.com\/index.php?rest_route=%2Fwp%2Fv2%2Fproduct_tag&post=116925"}],"curies":[{"name":"wp","href":"https:\/\/api.w.org\/{rel}","templated":true}]}}