{"id":116927,"date":"2026-05-05T18:30:19","date_gmt":"2026-05-05T21:30:19","guid":{"rendered":"https:\/\/www.hediyepazar.com\/?product=20w-pd-ve-15w-manyetik-kablosuz-sarj-destekli-tasinabilir-powerbank"},"modified":"2026-05-05T18:30:19","modified_gmt":"2026-05-05T21:30:19","slug":"20w-pd-ve-15w-manyetik-kablosuz-sarj-destekli-tasinabilir-powerbank","status":"publish","type":"product","link":"https:\/\/www.hediyepazar.com\/?product=20w-pd-ve-15w-manyetik-kablosuz-sarj-destekli-tasinabilir-powerbank","title":{"rendered":"20W PD ve 15W Manyetik Kablosuz \u015earj Destekli Ta\u015f\u0131nabilir Powerbank"},"content":{"rendered":"<p>Manyetik G\u00fc\u00e7 Bankas\u0131, kullan\u0131c\u0131lar\u0131n kablosuz ve kablolu \u015farj ihtiya\u00e7lar\u0131n\u0131 tek cihazda bulu\u015fturan yenilik\u00e7i bir ta\u015f\u0131nabilir enerji \u00e7\u00f6z\u00fcm\u00fcd\u00fcr. 5000mAh ve 10000mAh olmak \u00fczere iki kapasite se\u00e7ene\u011fiyle sunulan bu \u00fcr\u00fcn, al\u00fcminyum ala\u015f\u0131ml\u0131 sa\u011flam d\u0131\u015f y\u00fczeyi sayesinde hem dayan\u0131kl\u0131l\u0131k hem de \u015f\u0131kl\u0131k sa\u011flar. \u0130\u00e7erisinde yer alan y\u00fcksek kaliteli lityum polimer pil, uzun s\u00fcreli performans sunar ve pil \u00f6mr\u00fc i\u00e7in optimize edilmi\u015ftir. \u00d6zellikle h\u0131zl\u0131 \u015farj deste\u011fi ile 20W kablolu PD ve 15W manyetik kablosuz \u015farj \u00f6zelli\u011fi sayesinde g\u00fcn\u00fcm\u00fcz\u00fcn y\u00fcksek enerji ihtiyac\u0131 olan cihazlar\u0131na pratik \u00e7\u00f6z\u00fcm sa\u011flar. Manyetik kablosuz \u015farj teknolojisi, telefonunuzu \u015farj pedine tam hizalayarak h\u0131zl\u0131 ve g\u00fcvenli \u015farj imkan\u0131 verir. iPhone 12, 13, 14 serisi ve manyetik \u00f6zellikli telefonlarla uyumlu olarak \u00e7al\u0131\u015f\u0131r. Kablolu \u015farj i\u00e7in USB-C ve USB-A \u00e7\u0131k\u0131\u015flar\u0131n\u0131 destekler. Ayr\u0131ca, g\u00fc\u00e7 seviyesini ger\u00e7ek zamanl\u0131 olarak g\u00f6steren ak\u0131ll\u0131 g\u00fc\u00e7 g\u00f6stergesi sayesinde, cihaz\u0131n ne kadar \u015farj\u0131n\u0131n kald\u0131\u011f\u0131n\u0131 her an kontrol edebilirsiniz.<\/p>\n","protected":false},"excerpt":{"rendered":"<p>Manyetik G\u00fc\u00e7 Bankas\u0131, kullan\u0131c\u0131lar\u0131n kablosuz ve kablolu \u015farj ihtiya\u00e7lar\u0131n\u0131 tek cihazda bulu\u015fturan yenilik\u00e7i bir ta\u015f\u0131nabilir enerji \u00e7\u00f6z\u00fcm\u00fcd\u00fcr. 5000mAh ve 10000mAh olmak \u00fczere iki kapasite se\u00e7ene\u011fiyle sunulan bu \u00fcr\u00fcn, al\u00fcminyum ala\u015f\u0131ml\u0131 sa\u011flam d\u0131\u015f y\u00fczeyi sayesinde hem dayan\u0131kl\u0131l\u0131k hem de \u015f\u0131kl\u0131k sa\u011flar. \u0130\u00e7erisinde yer alan y\u00fcksek kaliteli lityum polimer pil, uzun s\u00fcreli performans sunar ve pil \u00f6mr\u00fc&#8230;<\/p>\n","protected":false},"featured_media":116926,"comment_status":"open","ping_status":"closed","template":"","meta":{"_kad_post_transparent":"","_kad_post_title":"","_kad_post_layout":"","_kad_post_sidebar_id":"","_kad_post_content_style":"","_kad_post_vertical_padding":"","_kad_post_feature":"","_kad_post_feature_position":"","_kad_post_header":false,"_kad_post_footer":false,"_kad_post_classname":""},"product_brand":[],"product_cat":[14937],"product_tag":[],"class_list":{"0":"post-116927","1":"product","2":"type-product","3":"status-publish","4":"has-post-thumbnail","6":"product_cat-powerbank-powerbank-2","8":"first","9":"instock","10":"purchasable","11":"product-type-simple","12":"entry","13":"content-bg","14":"loop-entry"},"_links":{"self":[{"href":"https:\/\/www.hediyepazar.com\/index.php?rest_route=\/wp\/v2\/product\/116927","targetHints":{"allow":["GET"]}}],"collection":[{"href":"https:\/\/www.hediyepazar.com\/index.php?rest_route=\/wp\/v2\/product"}],"about":[{"href":"https:\/\/www.hediyepazar.com\/index.php?rest_route=\/wp\/v2\/types\/product"}],"replies":[{"embeddable":true,"href":"https:\/\/www.hediyepazar.com\/index.php?rest_route=%2Fwp%2Fv2%2Fcomments&post=116927"}],"wp:featuredmedia":[{"embeddable":true,"href":"https:\/\/www.hediyepazar.com\/index.php?rest_route=\/wp\/v2\/media\/116926"}],"wp:attachment":[{"href":"https:\/\/www.hediyepazar.com\/index.php?rest_route=%2Fwp%2Fv2%2Fmedia&parent=116927"}],"wp:term":[{"taxonomy":"product_brand","embeddable":true,"href":"https:\/\/www.hediyepazar.com\/index.php?rest_route=%2Fwp%2Fv2%2Fproduct_brand&post=116927"},{"taxonomy":"product_cat","embeddable":true,"href":"https:\/\/www.hediyepazar.com\/index.php?rest_route=%2Fwp%2Fv2%2Fproduct_cat&post=116927"},{"taxonomy":"product_tag","embeddable":true,"href":"https:\/\/www.hediyepazar.com\/index.php?rest_route=%2Fwp%2Fv2%2Fproduct_tag&post=116927"}],"curies":[{"name":"wp","href":"https:\/\/api.w.org\/{rel}","templated":true}]}}