{"id":116931,"date":"2026-05-05T18:32:02","date_gmt":"2026-05-05T21:32:02","guid":{"rendered":"https:\/\/www.hediyepazar.com\/?product=pratik-ve-dayanikli-termos-kupa-tek-tusla-otomatik-karistirma"},"modified":"2026-05-05T18:32:02","modified_gmt":"2026-05-05T21:32:02","slug":"pratik-ve-dayanikli-termos-kupa-tek-tusla-otomatik-karistirma","status":"publish","type":"product","link":"https:\/\/www.hediyepazar.com\/?product=pratik-ve-dayanikli-termos-kupa-tek-tusla-otomatik-karistirma","title":{"rendered":"Pratik ve Dayan\u0131kl\u0131 Termos Kupa | Tek Tu\u015fla Otomatik Kar\u0131\u015ft\u0131rma"},"content":{"rendered":"<p>Toz i\u00e7ecek haz\u0131rlarken ya\u015fanan kar\u0131\u015ft\u0131rma sorunlar\u0131na kesin \u00e7\u00f6z\u00fcm sunan kendi kendini kar\u0131\u015ft\u0131ran termos kupa, g\u00fc\u00e7l\u00fc motoru ile h\u0131zl\u0131 ve etkili kar\u0131\u015ft\u0131rma sa\u011flar. Otomatik kar\u0131\u015ft\u0131rma sistemi sayesinde tozlar tamamen \u00e7\u00f6z\u00fcn\u00fcr, i\u00e7ece\u011finiz homojen bir hal al\u0131r ve k\u00f6p\u00fckl\u00fc lezzetiyle keyfinizi art\u0131r\u0131r. \u00c7ift katmanl\u0131 termos yap\u0131s\u0131 i\u00e7ece\u011finizi uzun s\u00fcre s\u0131cak tutar, b\u00f6ylece s\u0131cak i\u00e7eceklerin tad\u0131n\u0131 istedi\u011finiz an \u00e7\u0131karabilirsiniz. Kullan\u0131m\u0131 kolayd\u0131r; tek tu\u015fla kar\u0131\u015ft\u0131rma ba\u015flar ve ergonomik kulp sayesinde rahat tutu\u015f sa\u011flar. Hem ev hem ofis kullan\u0131m\u0131 i\u00e7in uygun, \u015f\u0131k ve dayan\u0131kl\u0131 bir \u00fcr\u00fcnd\u00fcr. USB veya pille \u00e7al\u0131\u015fan modelleri ile her yerde kullan\u0131m kolayl\u0131\u011f\u0131 sunar.<\/p>\n","protected":false},"excerpt":{"rendered":"<p>Toz i\u00e7ecek haz\u0131rlarken ya\u015fanan kar\u0131\u015ft\u0131rma sorunlar\u0131na kesin \u00e7\u00f6z\u00fcm sunan kendi kendini kar\u0131\u015ft\u0131ran termos kupa, g\u00fc\u00e7l\u00fc motoru ile h\u0131zl\u0131 ve etkili kar\u0131\u015ft\u0131rma sa\u011flar. Otomatik kar\u0131\u015ft\u0131rma sistemi sayesinde tozlar tamamen \u00e7\u00f6z\u00fcn\u00fcr, i\u00e7ece\u011finiz homojen bir hal al\u0131r ve k\u00f6p\u00fckl\u00fc lezzetiyle keyfinizi art\u0131r\u0131r. \u00c7ift katmanl\u0131 termos yap\u0131s\u0131 i\u00e7ece\u011finizi uzun s\u00fcre s\u0131cak tutar, b\u00f6ylece s\u0131cak i\u00e7eceklerin tad\u0131n\u0131 istedi\u011finiz an \u00e7\u0131karabilirsiniz&#8230;.<\/p>\n","protected":false},"featured_media":116930,"comment_status":"open","ping_status":"closed","template":"","meta":{"_kad_post_transparent":"","_kad_post_title":"","_kad_post_layout":"","_kad_post_sidebar_id":"","_kad_post_content_style":"","_kad_post_vertical_padding":"","_kad_post_feature":"","_kad_post_feature_position":"","_kad_post_header":false,"_kad_post_footer":false,"_kad_post_classname":""},"product_brand":[],"product_cat":[15014],"product_tag":[],"class_list":{"0":"post-116931","1":"product","2":"type-product","3":"status-publish","4":"has-post-thumbnail","6":"product_cat-mug-mug","8":"first","9":"instock","10":"purchasable","11":"product-type-simple","12":"entry","13":"content-bg","14":"loop-entry"},"_links":{"self":[{"href":"https:\/\/www.hediyepazar.com\/index.php?rest_route=\/wp\/v2\/product\/116931","targetHints":{"allow":["GET"]}}],"collection":[{"href":"https:\/\/www.hediyepazar.com\/index.php?rest_route=\/wp\/v2\/product"}],"about":[{"href":"https:\/\/www.hediyepazar.com\/index.php?rest_route=\/wp\/v2\/types\/product"}],"replies":[{"embeddable":true,"href":"https:\/\/www.hediyepazar.com\/index.php?rest_route=%2Fwp%2Fv2%2Fcomments&post=116931"}],"wp:featuredmedia":[{"embeddable":true,"href":"https:\/\/www.hediyepazar.com\/index.php?rest_route=\/wp\/v2\/media\/116930"}],"wp:attachment":[{"href":"https:\/\/www.hediyepazar.com\/index.php?rest_route=%2Fwp%2Fv2%2Fmedia&parent=116931"}],"wp:term":[{"taxonomy":"product_brand","embeddable":true,"href":"https:\/\/www.hediyepazar.com\/index.php?rest_route=%2Fwp%2Fv2%2Fproduct_brand&post=116931"},{"taxonomy":"product_cat","embeddable":true,"href":"https:\/\/www.hediyepazar.com\/index.php?rest_route=%2Fwp%2Fv2%2Fproduct_cat&post=116931"},{"taxonomy":"product_tag","embeddable":true,"href":"https:\/\/www.hediyepazar.com\/index.php?rest_route=%2Fwp%2Fv2%2Fproduct_tag&post=116931"}],"curies":[{"name":"wp","href":"https:\/\/api.w.org\/{rel}","templated":true}]}}