{"id":116935,"date":"2026-05-05T18:32:13","date_gmt":"2026-05-05T21:32:13","guid":{"rendered":"https:\/\/www.hediyepazar.com\/?product=toz-icecekler-icin-hizli-karistirma-ozellikli-termos-kupa"},"modified":"2026-05-05T18:32:13","modified_gmt":"2026-05-05T21:32:13","slug":"toz-icecekler-icin-hizli-karistirma-ozellikli-termos-kupa","status":"publish","type":"product","link":"https:\/\/www.hediyepazar.com\/?product=toz-icecekler-icin-hizli-karistirma-ozellikli-termos-kupa","title":{"rendered":"Toz \u0130\u00e7ecekler \u0130\u00e7in H\u0131zl\u0131 Kar\u0131\u015ft\u0131rma \u00d6zellikli Termos Kupa"},"content":{"rendered":"<p>Kendi kendini kar\u0131\u015ft\u0131ran termos kupa, modern ya\u015fam\u0131n temposuna ayak uydurmak isteyenler i\u00e7in \u00f6zel olarak geli\u015ftirildi. H\u0131zl\u0131 kar\u0131\u015ft\u0131rma motoru sayesinde i\u00e7ece\u011finizdeki tozlar\u0131n tamamen erimesini sa\u011flar ve p\u00fcr\u00fczs\u00fcz, homojen bir kar\u0131\u015f\u0131m sunar. Kullan\u0131m\u0131 olduk\u00e7a basit olup, kulptaki d\u00fc\u011fmeye basman\u0131z yeterlidir. \u00c7ift katmanl\u0131 termos yap\u0131s\u0131, i\u00e7ece\u011finizin s\u0131cakl\u0131\u011f\u0131n\u0131 uzun s\u00fcre muhafaza eder ve d\u0131\u015f y\u00fczeyde s\u0131cakl\u0131k hissini azalt\u0131r. Dayan\u0131kl\u0131 ve hafif malzemeden \u00fcretilmi\u015f olmas\u0131 ta\u015f\u0131may\u0131 kolayla\u015ft\u0131r\u0131r. Kendi kendini kar\u0131\u015ft\u0131ran termos kupa, kahve, \u00e7ay, s\u0131cak \u00e7ikolata gibi \u00e7e\u015fitli i\u00e7ecekler i\u00e7in uygundur. Seyahat edenler, ofis \u00e7al\u0131\u015fanlar\u0131 ve ev kullan\u0131c\u0131lar\u0131 i\u00e7in m\u00fckemmel bir tercihtir.<\/p>\n","protected":false},"excerpt":{"rendered":"<p>Kendi kendini kar\u0131\u015ft\u0131ran termos kupa, modern ya\u015fam\u0131n temposuna ayak uydurmak isteyenler i\u00e7in \u00f6zel olarak geli\u015ftirildi. H\u0131zl\u0131 kar\u0131\u015ft\u0131rma motoru sayesinde i\u00e7ece\u011finizdeki tozlar\u0131n tamamen erimesini sa\u011flar ve p\u00fcr\u00fczs\u00fcz, homojen bir kar\u0131\u015f\u0131m sunar. Kullan\u0131m\u0131 olduk\u00e7a basit olup, kulptaki d\u00fc\u011fmeye basman\u0131z yeterlidir. \u00c7ift katmanl\u0131 termos yap\u0131s\u0131, i\u00e7ece\u011finizin s\u0131cakl\u0131\u011f\u0131n\u0131 uzun s\u00fcre muhafaza eder ve d\u0131\u015f y\u00fczeyde s\u0131cakl\u0131k hissini azalt\u0131r. Dayan\u0131kl\u0131&#8230;<\/p>\n","protected":false},"featured_media":116934,"comment_status":"open","ping_status":"closed","template":"","meta":{"_kad_post_transparent":"","_kad_post_title":"","_kad_post_layout":"","_kad_post_sidebar_id":"","_kad_post_content_style":"","_kad_post_vertical_padding":"","_kad_post_feature":"","_kad_post_feature_position":"","_kad_post_header":false,"_kad_post_footer":false,"_kad_post_classname":""},"product_brand":[],"product_cat":[15014],"product_tag":[],"class_list":{"0":"post-116935","1":"product","2":"type-product","3":"status-publish","4":"has-post-thumbnail","6":"product_cat-mug-mug","8":"first","9":"instock","10":"purchasable","11":"product-type-simple","12":"entry","13":"content-bg","14":"loop-entry"},"_links":{"self":[{"href":"https:\/\/www.hediyepazar.com\/index.php?rest_route=\/wp\/v2\/product\/116935","targetHints":{"allow":["GET"]}}],"collection":[{"href":"https:\/\/www.hediyepazar.com\/index.php?rest_route=\/wp\/v2\/product"}],"about":[{"href":"https:\/\/www.hediyepazar.com\/index.php?rest_route=\/wp\/v2\/types\/product"}],"replies":[{"embeddable":true,"href":"https:\/\/www.hediyepazar.com\/index.php?rest_route=%2Fwp%2Fv2%2Fcomments&post=116935"}],"wp:featuredmedia":[{"embeddable":true,"href":"https:\/\/www.hediyepazar.com\/index.php?rest_route=\/wp\/v2\/media\/116934"}],"wp:attachment":[{"href":"https:\/\/www.hediyepazar.com\/index.php?rest_route=%2Fwp%2Fv2%2Fmedia&parent=116935"}],"wp:term":[{"taxonomy":"product_brand","embeddable":true,"href":"https:\/\/www.hediyepazar.com\/index.php?rest_route=%2Fwp%2Fv2%2Fproduct_brand&post=116935"},{"taxonomy":"product_cat","embeddable":true,"href":"https:\/\/www.hediyepazar.com\/index.php?rest_route=%2Fwp%2Fv2%2Fproduct_cat&post=116935"},{"taxonomy":"product_tag","embeddable":true,"href":"https:\/\/www.hediyepazar.com\/index.php?rest_route=%2Fwp%2Fv2%2Fproduct_tag&post=116935"}],"curies":[{"name":"wp","href":"https:\/\/api.w.org\/{rel}","templated":true}]}}