{"id":116981,"date":"2026-05-05T18:37:17","date_gmt":"2026-05-05T21:37:17","guid":{"rendered":"https:\/\/www.hediyepazar.com\/?product=seramik-kaplamali-sac-hasarini-azaltan-kisa-saclara-uygun-bukle-masasi"},"modified":"2026-05-05T18:37:17","modified_gmt":"2026-05-05T21:37:17","slug":"seramik-kaplamali-sac-hasarini-azaltan-kisa-saclara-uygun-bukle-masasi","status":"publish","type":"product","link":"https:\/\/www.hediyepazar.com\/?product=seramik-kaplamali-sac-hasarini-azaltan-kisa-saclara-uygun-bukle-masasi","title":{"rendered":"Seramik Kaplamal\u0131 Sa\u00e7 Hasar\u0131n\u0131 Azaltan K\u0131sa Sa\u00e7lara Uygun Bukle Ma\u015fas\u0131"},"content":{"rendered":"<p>K\u0131sa sa\u00e7lara \u00f6zel olarak tasarlanan bu seramik cilal\u0131 bukle ma\u015fas\u0131, sa\u00e7\u0131n sa\u011fl\u0131\u011f\u0131n\u0131 \u00f6n planda tutar. Seramik kaplama, \u0131s\u0131y\u0131 e\u015fit da\u011f\u0131tarak sa\u00e7\u0131n a\u015f\u0131r\u0131 \u0131s\u0131ya maruz kalmas\u0131n\u0131 \u00f6nler, bu sayede sa\u00e7 telinde yanma, kuruluk ve k\u0131r\u0131lmalar\u0131n \u00f6n\u00fcne ge\u00e7ilir. \u00d6zellikle sa\u00e7lar\u0131n\u0131 d\u00fczenli olarak \u015fekillendiren ki\u015filer i\u00e7in sa\u00e7 hasar\u0131n\u0131 minimize eden bu \u00f6zellik, cihaz\u0131 uzun vadede g\u00fcvenli bir stil orta\u011f\u0131 yapar.\u0130nce yap\u0131daki ma\u015fas\u0131 sayesinde k\u0131sa sa\u00e7lar\u0131 tutmak ve \u015fekil vermek son derece kolayd\u0131r. Hem s\u0131k\u0131 bukleler hem de gev\u015fek dalgalar olu\u015fturabilirsiniz. Ayn\u0131 zamanda sa\u00e7\u0131n p\u00fcr\u00fczs\u00fcz ve parlak g\u00f6r\u00fcnmesine katk\u0131da bulunur. Bu sayede elektriklenme veya matla\u015fma gibi istenmeyen sonu\u00e7larla kar\u015f\u0131la\u015fmazs\u0131n\u0131z.<\/p>\n","protected":false},"excerpt":{"rendered":"<p>K\u0131sa sa\u00e7lara \u00f6zel olarak tasarlanan bu seramik cilal\u0131 bukle ma\u015fas\u0131, sa\u00e7\u0131n sa\u011fl\u0131\u011f\u0131n\u0131 \u00f6n planda tutar. Seramik kaplama, \u0131s\u0131y\u0131 e\u015fit da\u011f\u0131tarak sa\u00e7\u0131n a\u015f\u0131r\u0131 \u0131s\u0131ya maruz kalmas\u0131n\u0131 \u00f6nler, bu sayede sa\u00e7 telinde yanma, kuruluk ve k\u0131r\u0131lmalar\u0131n \u00f6n\u00fcne ge\u00e7ilir. \u00d6zellikle sa\u00e7lar\u0131n\u0131 d\u00fczenli olarak \u015fekillendiren ki\u015filer i\u00e7in sa\u00e7 hasar\u0131n\u0131 minimize eden bu \u00f6zellik, cihaz\u0131 uzun vadede g\u00fcvenli bir stil&#8230;<\/p>\n","protected":false},"featured_media":116980,"comment_status":"open","ping_status":"closed","template":"","meta":{"_kad_post_transparent":"","_kad_post_title":"","_kad_post_layout":"","_kad_post_sidebar_id":"","_kad_post_content_style":"","_kad_post_vertical_padding":"","_kad_post_feature":"","_kad_post_feature_position":"","_kad_post_header":false,"_kad_post_footer":false,"_kad_post_classname":""},"product_brand":[],"product_cat":[14907],"product_tag":[],"class_list":{"0":"post-116981","1":"product","2":"type-product","3":"status-publish","4":"has-post-thumbnail","6":"product_cat-sac-masasi-sac-masasi","8":"first","9":"instock","10":"purchasable","11":"product-type-simple","12":"entry","13":"content-bg","14":"loop-entry"},"_links":{"self":[{"href":"https:\/\/www.hediyepazar.com\/index.php?rest_route=\/wp\/v2\/product\/116981","targetHints":{"allow":["GET"]}}],"collection":[{"href":"https:\/\/www.hediyepazar.com\/index.php?rest_route=\/wp\/v2\/product"}],"about":[{"href":"https:\/\/www.hediyepazar.com\/index.php?rest_route=\/wp\/v2\/types\/product"}],"replies":[{"embeddable":true,"href":"https:\/\/www.hediyepazar.com\/index.php?rest_route=%2Fwp%2Fv2%2Fcomments&post=116981"}],"wp:featuredmedia":[{"embeddable":true,"href":"https:\/\/www.hediyepazar.com\/index.php?rest_route=\/wp\/v2\/media\/116980"}],"wp:attachment":[{"href":"https:\/\/www.hediyepazar.com\/index.php?rest_route=%2Fwp%2Fv2%2Fmedia&parent=116981"}],"wp:term":[{"taxonomy":"product_brand","embeddable":true,"href":"https:\/\/www.hediyepazar.com\/index.php?rest_route=%2Fwp%2Fv2%2Fproduct_brand&post=116981"},{"taxonomy":"product_cat","embeddable":true,"href":"https:\/\/www.hediyepazar.com\/index.php?rest_route=%2Fwp%2Fv2%2Fproduct_cat&post=116981"},{"taxonomy":"product_tag","embeddable":true,"href":"https:\/\/www.hediyepazar.com\/index.php?rest_route=%2Fwp%2Fv2%2Fproduct_tag&post=116981"}],"curies":[{"name":"wp","href":"https:\/\/api.w.org\/{rel}","templated":true}]}}