{"id":116983,"date":"2026-05-05T18:37:22","date_gmt":"2026-05-05T21:37:22","guid":{"rendered":"https:\/\/www.hediyepazar.com\/?product=kas-kirpik-ve-tirnak-cevresi-temizligi-icin-cok-fonksiyonlu-makas"},"modified":"2026-05-05T18:37:22","modified_gmt":"2026-05-05T21:37:22","slug":"kas-kirpik-ve-tirnak-cevresi-temizligi-icin-cok-fonksiyonlu-makas","status":"publish","type":"product","link":"https:\/\/www.hediyepazar.com\/?product=kas-kirpik-ve-tirnak-cevresi-temizligi-icin-cok-fonksiyonlu-makas","title":{"rendered":"Ka\u015f Kirpik ve T\u0131rnak \u00c7evresi Temizli\u011fi \u0130\u00e7in \u00c7ok Fonksiyonlu Makas"},"content":{"rendered":"<p>Bu ince u\u00e7lu y\u00fcz bak\u0131m makas\u0131, ka\u015flar\u0131n\u0131z\u0131 ve kirpiklerinizi do\u011fal hatlar\u0131na uygun \u015fekilde d\u00fczenlemenize yard\u0131mc\u0131 olur. T\u0131rnak \u00e7evresi temizli\u011fi, \u00f6l\u00fc deri alma gibi daha detayl\u0131 i\u015flemler i\u00e7in de kullan\u0131labilir.\u00d6l\u00e7\u00fcleri sayesinde ta\u015f\u0131mas\u0131 kolayd\u0131r; seyahat \u00e7antas\u0131nda veya g\u00fcnl\u00fck makyaj \u00e7antan\u0131zda rahatl\u0131kla yer al\u0131r. Herhangi bir \u00f6zel kullan\u0131m talimat\u0131 gerektirmeyen yap\u0131s\u0131, onu her ya\u015f grubundan kullan\u0131c\u0131 i\u00e7in pratik hale getirir. Uzun \u00f6m\u00fcrl\u00fc kullan\u0131m i\u00e7in dayan\u0131kl\u0131 malzemeden \u00fcretilmi\u015ftir.<\/p>\n","protected":false},"excerpt":{"rendered":"<p>Bu ince u\u00e7lu y\u00fcz bak\u0131m makas\u0131, ka\u015flar\u0131n\u0131z\u0131 ve kirpiklerinizi do\u011fal hatlar\u0131na uygun \u015fekilde d\u00fczenlemenize yard\u0131mc\u0131 olur. T\u0131rnak \u00e7evresi temizli\u011fi, \u00f6l\u00fc deri alma gibi daha detayl\u0131 i\u015flemler i\u00e7in de kullan\u0131labilir.\u00d6l\u00e7\u00fcleri sayesinde ta\u015f\u0131mas\u0131 kolayd\u0131r; seyahat \u00e7antas\u0131nda veya g\u00fcnl\u00fck makyaj \u00e7antan\u0131zda rahatl\u0131kla yer al\u0131r. Herhangi bir \u00f6zel kullan\u0131m talimat\u0131 gerektirmeyen yap\u0131s\u0131, onu her ya\u015f grubundan kullan\u0131c\u0131 i\u00e7in pratik&#8230;<\/p>\n","protected":false},"featured_media":116982,"comment_status":"open","ping_status":"closed","template":"","meta":{"_kad_post_transparent":"","_kad_post_title":"","_kad_post_layout":"","_kad_post_sidebar_id":"","_kad_post_content_style":"","_kad_post_vertical_padding":"","_kad_post_feature":"","_kad_post_feature_position":"","_kad_post_header":false,"_kad_post_footer":false,"_kad_post_classname":""},"product_brand":[],"product_cat":[15047],"product_tag":[],"class_list":{"0":"post-116983","1":"product","2":"type-product","3":"status-publish","4":"has-post-thumbnail","6":"product_cat-kas-makasi-kas-makasi","8":"first","9":"instock","10":"purchasable","11":"product-type-simple","12":"entry","13":"content-bg","14":"loop-entry"},"_links":{"self":[{"href":"https:\/\/www.hediyepazar.com\/index.php?rest_route=\/wp\/v2\/product\/116983","targetHints":{"allow":["GET"]}}],"collection":[{"href":"https:\/\/www.hediyepazar.com\/index.php?rest_route=\/wp\/v2\/product"}],"about":[{"href":"https:\/\/www.hediyepazar.com\/index.php?rest_route=\/wp\/v2\/types\/product"}],"replies":[{"embeddable":true,"href":"https:\/\/www.hediyepazar.com\/index.php?rest_route=%2Fwp%2Fv2%2Fcomments&post=116983"}],"wp:featuredmedia":[{"embeddable":true,"href":"https:\/\/www.hediyepazar.com\/index.php?rest_route=\/wp\/v2\/media\/116982"}],"wp:attachment":[{"href":"https:\/\/www.hediyepazar.com\/index.php?rest_route=%2Fwp%2Fv2%2Fmedia&parent=116983"}],"wp:term":[{"taxonomy":"product_brand","embeddable":true,"href":"https:\/\/www.hediyepazar.com\/index.php?rest_route=%2Fwp%2Fv2%2Fproduct_brand&post=116983"},{"taxonomy":"product_cat","embeddable":true,"href":"https:\/\/www.hediyepazar.com\/index.php?rest_route=%2Fwp%2Fv2%2Fproduct_cat&post=116983"},{"taxonomy":"product_tag","embeddable":true,"href":"https:\/\/www.hediyepazar.com\/index.php?rest_route=%2Fwp%2Fv2%2Fproduct_tag&post=116983"}],"curies":[{"name":"wp","href":"https:\/\/api.w.org\/{rel}","templated":true}]}}