{"id":116985,"date":"2026-05-05T18:38:56","date_gmt":"2026-05-05T21:38:56","guid":{"rendered":"https:\/\/www.hediyepazar.com\/?product=tarak-ve-firca-baslikli-kas-sekillendirme-makasi"},"modified":"2026-05-05T18:38:56","modified_gmt":"2026-05-05T21:38:56","slug":"tarak-ve-firca-baslikli-kas-sekillendirme-makasi","status":"publish","type":"product","link":"https:\/\/www.hediyepazar.com\/?product=tarak-ve-firca-baslikli-kas-sekillendirme-makasi","title":{"rendered":"Tarak ve F\u0131r\u00e7a Ba\u015fl\u0131kl\u0131 Ka\u015f \u015eekillendirme Makas\u0131"},"content":{"rendered":"<p>G\u00fcnl\u00fck y\u00fcz bak\u0131m rutininizi kolayla\u015ft\u0131ran bu kompakt makas, 5.0 x 2.1 in\u00e7 (12.9 x 5.3 cm) boyutlar\u0131ndad\u0131r ve ka\u015f ile kirpik bak\u0131m\u0131 ba\u015fta olmak \u00fczere \u00e7ok \u00e7e\u015fitli i\u015flemlerde kullan\u0131labilir. Kavisli yap\u0131s\u0131, hassas b\u00f6lgelere rahat\u00e7a eri\u015fmenizi sa\u011flar.Yumu\u015fak tutu\u015f sa\u011flayan ergonomik saplar, kullan\u0131m esnas\u0131nda elinizin yorulmas\u0131n\u0131 engeller. \u015eekillendirme sonras\u0131nda f\u0131r\u00e7a ve tarak ba\u015fl\u0131klar\u0131 ile daha d\u00fczg\u00fcn bir g\u00f6r\u00fcn\u00fcm elde etmenize yard\u0131mc\u0131 olur. Pratik kullan\u0131m, hafiflik ve ta\u015f\u0131nabilirlik arayanlar i\u00e7in ideal bir ki\u015fisel bak\u0131m \u00fcr\u00fcn\u00fcd\u00fcr.<\/p>\n","protected":false},"excerpt":{"rendered":"<p>G\u00fcnl\u00fck y\u00fcz bak\u0131m rutininizi kolayla\u015ft\u0131ran bu kompakt makas, 5.0 x 2.1 in\u00e7 (12.9 x 5.3 cm) boyutlar\u0131ndad\u0131r ve ka\u015f ile kirpik bak\u0131m\u0131 ba\u015fta olmak \u00fczere \u00e7ok \u00e7e\u015fitli i\u015flemlerde kullan\u0131labilir. Kavisli yap\u0131s\u0131, hassas b\u00f6lgelere rahat\u00e7a eri\u015fmenizi sa\u011flar.Yumu\u015fak tutu\u015f sa\u011flayan ergonomik saplar, kullan\u0131m esnas\u0131nda elinizin yorulmas\u0131n\u0131 engeller. \u015eekillendirme sonras\u0131nda f\u0131r\u00e7a ve tarak ba\u015fl\u0131klar\u0131 ile daha d\u00fczg\u00fcn bir&#8230;<\/p>\n","protected":false},"featured_media":116984,"comment_status":"open","ping_status":"closed","template":"","meta":{"_kad_post_transparent":"","_kad_post_title":"","_kad_post_layout":"","_kad_post_sidebar_id":"","_kad_post_content_style":"","_kad_post_vertical_padding":"","_kad_post_feature":"","_kad_post_feature_position":"","_kad_post_header":false,"_kad_post_footer":false,"_kad_post_classname":""},"product_brand":[],"product_cat":[15047],"product_tag":[],"class_list":{"0":"post-116985","1":"product","2":"type-product","3":"status-publish","4":"has-post-thumbnail","6":"product_cat-kas-makasi-kas-makasi","8":"first","9":"instock","10":"purchasable","11":"product-type-simple","12":"entry","13":"content-bg","14":"loop-entry"},"_links":{"self":[{"href":"https:\/\/www.hediyepazar.com\/index.php?rest_route=\/wp\/v2\/product\/116985","targetHints":{"allow":["GET"]}}],"collection":[{"href":"https:\/\/www.hediyepazar.com\/index.php?rest_route=\/wp\/v2\/product"}],"about":[{"href":"https:\/\/www.hediyepazar.com\/index.php?rest_route=\/wp\/v2\/types\/product"}],"replies":[{"embeddable":true,"href":"https:\/\/www.hediyepazar.com\/index.php?rest_route=%2Fwp%2Fv2%2Fcomments&post=116985"}],"wp:featuredmedia":[{"embeddable":true,"href":"https:\/\/www.hediyepazar.com\/index.php?rest_route=\/wp\/v2\/media\/116984"}],"wp:attachment":[{"href":"https:\/\/www.hediyepazar.com\/index.php?rest_route=%2Fwp%2Fv2%2Fmedia&parent=116985"}],"wp:term":[{"taxonomy":"product_brand","embeddable":true,"href":"https:\/\/www.hediyepazar.com\/index.php?rest_route=%2Fwp%2Fv2%2Fproduct_brand&post=116985"},{"taxonomy":"product_cat","embeddable":true,"href":"https:\/\/www.hediyepazar.com\/index.php?rest_route=%2Fwp%2Fv2%2Fproduct_cat&post=116985"},{"taxonomy":"product_tag","embeddable":true,"href":"https:\/\/www.hediyepazar.com\/index.php?rest_route=%2Fwp%2Fv2%2Fproduct_tag&post=116985"}],"curies":[{"name":"wp","href":"https:\/\/api.w.org\/{rel}","templated":true}]}}