{"id":116987,"date":"2026-05-05T18:39:03","date_gmt":"2026-05-05T21:39:03","guid":{"rendered":"https:\/\/www.hediyepazar.com\/?product=hassas-kesim-icin-kavisli-yuz-bakim-makasi"},"modified":"2026-05-05T18:39:03","modified_gmt":"2026-05-05T21:39:03","slug":"hassas-kesim-icin-kavisli-yuz-bakim-makasi","status":"publish","type":"product","link":"https:\/\/www.hediyepazar.com\/?product=hassas-kesim-icin-kavisli-yuz-bakim-makasi","title":{"rendered":"Hassas Kesim \u0130\u00e7in Kavisli Y\u00fcz Bak\u0131m Makas\u0131"},"content":{"rendered":"<p>Bu ergonomik ka\u015f makas\u0131, y\u00fcz b\u00f6lgesindeki hassas b\u00f6lgelerde kullan\u0131m i\u00e7in tasarlanm\u0131\u015ft\u0131r. Ka\u015flar\u0131n\u0131z\u0131 do\u011fal bir g\u00f6r\u00fcn\u00fcmle \u015fekillendirebilir, kirpiklerinizin uzunlu\u011funu ayarlayabilir veya t\u0131rnak etraf\u0131ndaki hassas temizlik i\u015flemlerini ger\u00e7ekle\u015ftirebilirsiniz.Sivri ve ince a\u011f\u0131z yap\u0131s\u0131, maksimum kontrol sa\u011flar. 12.9 x 5.3 cm\u2019lik \u00f6l\u00e7\u00fcs\u00fcyle hem kolay ta\u015f\u0131nabilir hem de g\u00fcnl\u00fck kullan\u0131mda yer kaplamaz. F\u0131r\u00e7a ve tarak aparatlar\u0131 ile birlikte kullan\u0131labilir. Kendi bak\u0131m\u0131n\u0131 yapmak isteyenler i\u00e7in pratik ve g\u00fcvenli bir \u00e7\u00f6z\u00fcm sunar.<\/p>\n","protected":false},"excerpt":{"rendered":"<p>Bu ergonomik ka\u015f makas\u0131, y\u00fcz b\u00f6lgesindeki hassas b\u00f6lgelerde kullan\u0131m i\u00e7in tasarlanm\u0131\u015ft\u0131r. Ka\u015flar\u0131n\u0131z\u0131 do\u011fal bir g\u00f6r\u00fcn\u00fcmle \u015fekillendirebilir, kirpiklerinizin uzunlu\u011funu ayarlayabilir veya t\u0131rnak etraf\u0131ndaki hassas temizlik i\u015flemlerini ger\u00e7ekle\u015ftirebilirsiniz.Sivri ve ince a\u011f\u0131z yap\u0131s\u0131, maksimum kontrol sa\u011flar. 12.9 x 5.3 cm\u2019lik \u00f6l\u00e7\u00fcs\u00fcyle hem kolay ta\u015f\u0131nabilir hem de g\u00fcnl\u00fck kullan\u0131mda yer kaplamaz. F\u0131r\u00e7a ve tarak aparatlar\u0131 ile birlikte kullan\u0131labilir. Kendi&#8230;<\/p>\n","protected":false},"featured_media":116986,"comment_status":"open","ping_status":"closed","template":"","meta":{"_kad_post_transparent":"","_kad_post_title":"","_kad_post_layout":"","_kad_post_sidebar_id":"","_kad_post_content_style":"","_kad_post_vertical_padding":"","_kad_post_feature":"","_kad_post_feature_position":"","_kad_post_header":false,"_kad_post_footer":false,"_kad_post_classname":""},"product_brand":[],"product_cat":[15047],"product_tag":[],"class_list":{"0":"post-116987","1":"product","2":"type-product","3":"status-publish","4":"has-post-thumbnail","6":"product_cat-kas-makasi-kas-makasi","8":"first","9":"instock","10":"purchasable","11":"product-type-simple","12":"entry","13":"content-bg","14":"loop-entry"},"_links":{"self":[{"href":"https:\/\/www.hediyepazar.com\/index.php?rest_route=\/wp\/v2\/product\/116987","targetHints":{"allow":["GET"]}}],"collection":[{"href":"https:\/\/www.hediyepazar.com\/index.php?rest_route=\/wp\/v2\/product"}],"about":[{"href":"https:\/\/www.hediyepazar.com\/index.php?rest_route=\/wp\/v2\/types\/product"}],"replies":[{"embeddable":true,"href":"https:\/\/www.hediyepazar.com\/index.php?rest_route=%2Fwp%2Fv2%2Fcomments&post=116987"}],"wp:featuredmedia":[{"embeddable":true,"href":"https:\/\/www.hediyepazar.com\/index.php?rest_route=\/wp\/v2\/media\/116986"}],"wp:attachment":[{"href":"https:\/\/www.hediyepazar.com\/index.php?rest_route=%2Fwp%2Fv2%2Fmedia&parent=116987"}],"wp:term":[{"taxonomy":"product_brand","embeddable":true,"href":"https:\/\/www.hediyepazar.com\/index.php?rest_route=%2Fwp%2Fv2%2Fproduct_brand&post=116987"},{"taxonomy":"product_cat","embeddable":true,"href":"https:\/\/www.hediyepazar.com\/index.php?rest_route=%2Fwp%2Fv2%2Fproduct_cat&post=116987"},{"taxonomy":"product_tag","embeddable":true,"href":"https:\/\/www.hediyepazar.com\/index.php?rest_route=%2Fwp%2Fv2%2Fproduct_tag&post=116987"}],"curies":[{"name":"wp","href":"https:\/\/api.w.org\/{rel}","templated":true}]}}