{"id":116989,"date":"2026-05-05T18:39:09","date_gmt":"2026-05-05T21:39:09","guid":{"rendered":"https:\/\/www.hediyepazar.com\/?product=tasinabilir-kas-ve-kirpik-duzenleme-makasi-ergonomik-tasarim"},"modified":"2026-05-05T18:39:09","modified_gmt":"2026-05-05T21:39:09","slug":"tasinabilir-kas-ve-kirpik-duzenleme-makasi-ergonomik-tasarim","status":"publish","type":"product","link":"https:\/\/www.hediyepazar.com\/?product=tasinabilir-kas-ve-kirpik-duzenleme-makasi-ergonomik-tasarim","title":{"rendered":"Ta\u015f\u0131nabilir Ka\u015f ve Kirpik D\u00fczenleme Makas\u0131 \u2013 Ergonomik Tasar\u0131m"},"content":{"rendered":"<p>Ka\u015f ve kirpik d\u00fczenlemeleri i\u00e7in geli\u015ftirilmi\u015f bu y\u00fcz bak\u0131m makas\u0131, hem g\u00fcnl\u00fck kullan\u0131m hem de detayl\u0131 ki\u015fisel bak\u0131m i\u00e7in uygundur. Kavisli ve sivri u\u00e7lu tasar\u0131m\u0131 ile en ince k\u0131llar\u0131 bile kolayca kesebilir. Ka\u015flar\u0131n\u0131za simetrik bir \u015fekil vermek, kirpiklerinizi k\u0131saltmak veya t\u0131rnak \u00e7evresindeki \u00f6l\u00fc derileri temizlemek i\u00e7in idealdir.Kullan\u0131m\u0131 son derece basit olup herhangi bir \u00f6zel beceri gerektirmez. Kaymaz tutu\u015f sa\u011flayan ergonomik yap\u0131s\u0131 sayesinde ellerinizden kaymadan kontrol sa\u011flar. F\u0131r\u00e7a ve tarak ba\u015fl\u0131klar\u0131 ile birlikte daha d\u00fczenli ve do\u011fal sonu\u00e7lar elde etmenizi sa\u011flar.<\/p>\n","protected":false},"excerpt":{"rendered":"<p>Ka\u015f ve kirpik d\u00fczenlemeleri i\u00e7in geli\u015ftirilmi\u015f bu y\u00fcz bak\u0131m makas\u0131, hem g\u00fcnl\u00fck kullan\u0131m hem de detayl\u0131 ki\u015fisel bak\u0131m i\u00e7in uygundur. Kavisli ve sivri u\u00e7lu tasar\u0131m\u0131 ile en ince k\u0131llar\u0131 bile kolayca kesebilir. Ka\u015flar\u0131n\u0131za simetrik bir \u015fekil vermek, kirpiklerinizi k\u0131saltmak veya t\u0131rnak \u00e7evresindeki \u00f6l\u00fc derileri temizlemek i\u00e7in idealdir.Kullan\u0131m\u0131 son derece basit olup herhangi bir \u00f6zel beceri&#8230;<\/p>\n","protected":false},"featured_media":116988,"comment_status":"open","ping_status":"closed","template":"","meta":{"_kad_post_transparent":"","_kad_post_title":"","_kad_post_layout":"","_kad_post_sidebar_id":"","_kad_post_content_style":"","_kad_post_vertical_padding":"","_kad_post_feature":"","_kad_post_feature_position":"","_kad_post_header":false,"_kad_post_footer":false,"_kad_post_classname":""},"product_brand":[],"product_cat":[15047],"product_tag":[],"class_list":{"0":"post-116989","1":"product","2":"type-product","3":"status-publish","4":"has-post-thumbnail","6":"product_cat-kas-makasi-kas-makasi","8":"first","9":"instock","10":"purchasable","11":"product-type-simple","12":"entry","13":"content-bg","14":"loop-entry"},"_links":{"self":[{"href":"https:\/\/www.hediyepazar.com\/index.php?rest_route=\/wp\/v2\/product\/116989","targetHints":{"allow":["GET"]}}],"collection":[{"href":"https:\/\/www.hediyepazar.com\/index.php?rest_route=\/wp\/v2\/product"}],"about":[{"href":"https:\/\/www.hediyepazar.com\/index.php?rest_route=\/wp\/v2\/types\/product"}],"replies":[{"embeddable":true,"href":"https:\/\/www.hediyepazar.com\/index.php?rest_route=%2Fwp%2Fv2%2Fcomments&post=116989"}],"wp:featuredmedia":[{"embeddable":true,"href":"https:\/\/www.hediyepazar.com\/index.php?rest_route=\/wp\/v2\/media\/116988"}],"wp:attachment":[{"href":"https:\/\/www.hediyepazar.com\/index.php?rest_route=%2Fwp%2Fv2%2Fmedia&parent=116989"}],"wp:term":[{"taxonomy":"product_brand","embeddable":true,"href":"https:\/\/www.hediyepazar.com\/index.php?rest_route=%2Fwp%2Fv2%2Fproduct_brand&post=116989"},{"taxonomy":"product_cat","embeddable":true,"href":"https:\/\/www.hediyepazar.com\/index.php?rest_route=%2Fwp%2Fv2%2Fproduct_cat&post=116989"},{"taxonomy":"product_tag","embeddable":true,"href":"https:\/\/www.hediyepazar.com\/index.php?rest_route=%2Fwp%2Fv2%2Fproduct_tag&post=116989"}],"curies":[{"name":"wp","href":"https:\/\/api.w.org\/{rel}","templated":true}]}}