{"id":116991,"date":"2026-05-05T18:39:15","date_gmt":"2026-05-05T21:39:15","guid":{"rendered":"https:\/\/www.hediyepazar.com\/?product=ince-uclu-cok-amacli-kas-makasi"},"modified":"2026-05-05T18:39:15","modified_gmt":"2026-05-05T21:39:15","slug":"ince-uclu-cok-amacli-kas-makasi","status":"publish","type":"product","link":"https:\/\/www.hediyepazar.com\/?product=ince-uclu-cok-amacli-kas-makasi","title":{"rendered":"\u0130nce U\u00e7lu \u00c7ok Ama\u00e7l\u0131 Ka\u015f Makas\u0131"},"content":{"rendered":"<p>Bu ta\u015f\u0131nabilir ka\u015f ve kirpik makas\u0131, y\u00fcz\u00fcn\u00fczdeki ince detaylar\u0131 g\u00fcvenle \u015fekillendirmek i\u00e7in \u00f6zel olarak tasarlanm\u0131\u015ft\u0131r. Keskin ve dar u\u00e7lar\u0131 ile ka\u015f \u015fekillendirme, kirpik k\u0131saltma, t\u0131rnak kenar\u0131 d\u00fczeltme ve \u00f6l\u00fc deri alma i\u015flemlerinde y\u00fcksek hassasiyet sa\u011flar.Kavisli yap\u0131s\u0131 kontrol\u00fc kolayla\u015ft\u0131r\u0131r, elinize tam oturur. Hafif yap\u0131s\u0131 sayesinde uzun s\u00fcreli kullan\u0131mlarda bile konfor sunar. Ekstra f\u0131r\u00e7a ve tarak ba\u015fl\u0131klar\u0131, \u015fekillendirme sonras\u0131 p\u00fcr\u00fczs\u00fcz ve simetrik bir g\u00f6r\u00fcn\u00fcm sa\u011flar. Kompakt \u00f6l\u00e7\u00fcleri sayesinde makas, seyahat \u00e7antas\u0131nda veya makyaj kutusunda yer kaplamadan ta\u015f\u0131nabilir.<\/p>\n","protected":false},"excerpt":{"rendered":"<p>Bu ta\u015f\u0131nabilir ka\u015f ve kirpik makas\u0131, y\u00fcz\u00fcn\u00fczdeki ince detaylar\u0131 g\u00fcvenle \u015fekillendirmek i\u00e7in \u00f6zel olarak tasarlanm\u0131\u015ft\u0131r. Keskin ve dar u\u00e7lar\u0131 ile ka\u015f \u015fekillendirme, kirpik k\u0131saltma, t\u0131rnak kenar\u0131 d\u00fczeltme ve \u00f6l\u00fc deri alma i\u015flemlerinde y\u00fcksek hassasiyet sa\u011flar.Kavisli yap\u0131s\u0131 kontrol\u00fc kolayla\u015ft\u0131r\u0131r, elinize tam oturur. Hafif yap\u0131s\u0131 sayesinde uzun s\u00fcreli kullan\u0131mlarda bile konfor sunar. Ekstra f\u0131r\u00e7a ve tarak ba\u015fl\u0131klar\u0131,&#8230;<\/p>\n","protected":false},"featured_media":116990,"comment_status":"open","ping_status":"closed","template":"","meta":{"_kad_post_transparent":"","_kad_post_title":"","_kad_post_layout":"","_kad_post_sidebar_id":"","_kad_post_content_style":"","_kad_post_vertical_padding":"","_kad_post_feature":"","_kad_post_feature_position":"","_kad_post_header":false,"_kad_post_footer":false,"_kad_post_classname":""},"product_brand":[],"product_cat":[15047],"product_tag":[],"class_list":{"0":"post-116991","1":"product","2":"type-product","3":"status-publish","4":"has-post-thumbnail","6":"product_cat-kas-makasi-kas-makasi","8":"first","9":"instock","10":"purchasable","11":"product-type-simple","12":"entry","13":"content-bg","14":"loop-entry"},"_links":{"self":[{"href":"https:\/\/www.hediyepazar.com\/index.php?rest_route=\/wp\/v2\/product\/116991","targetHints":{"allow":["GET"]}}],"collection":[{"href":"https:\/\/www.hediyepazar.com\/index.php?rest_route=\/wp\/v2\/product"}],"about":[{"href":"https:\/\/www.hediyepazar.com\/index.php?rest_route=\/wp\/v2\/types\/product"}],"replies":[{"embeddable":true,"href":"https:\/\/www.hediyepazar.com\/index.php?rest_route=%2Fwp%2Fv2%2Fcomments&post=116991"}],"wp:featuredmedia":[{"embeddable":true,"href":"https:\/\/www.hediyepazar.com\/index.php?rest_route=\/wp\/v2\/media\/116990"}],"wp:attachment":[{"href":"https:\/\/www.hediyepazar.com\/index.php?rest_route=%2Fwp%2Fv2%2Fmedia&parent=116991"}],"wp:term":[{"taxonomy":"product_brand","embeddable":true,"href":"https:\/\/www.hediyepazar.com\/index.php?rest_route=%2Fwp%2Fv2%2Fproduct_brand&post=116991"},{"taxonomy":"product_cat","embeddable":true,"href":"https:\/\/www.hediyepazar.com\/index.php?rest_route=%2Fwp%2Fv2%2Fproduct_cat&post=116991"},{"taxonomy":"product_tag","embeddable":true,"href":"https:\/\/www.hediyepazar.com\/index.php?rest_route=%2Fwp%2Fv2%2Fproduct_tag&post=116991"}],"curies":[{"name":"wp","href":"https:\/\/api.w.org\/{rel}","templated":true}]}}