{"id":116997,"date":"2026-05-05T18:40:14","date_gmt":"2026-05-05T21:40:14","guid":{"rendered":"https:\/\/www.hediyepazar.com\/?product=hizli-sarj-edilebilen-kablosuz-kulaklik-uzun-sureli-kullanim-icin-tasarlandi"},"modified":"2026-05-05T18:40:14","modified_gmt":"2026-05-05T21:40:14","slug":"hizli-sarj-edilebilen-kablosuz-kulaklik-uzun-sureli-kullanim-icin-tasarlandi","status":"publish","type":"product","link":"https:\/\/www.hediyepazar.com\/?product=hizli-sarj-edilebilen-kablosuz-kulaklik-uzun-sureli-kullanim-icin-tasarlandi","title":{"rendered":"H\u0131zl\u0131 \u015earj Edilebilen Kablosuz Kulakl\u0131k \u2013 Uzun S\u00fcreli Kullan\u0131m i\u00e7in Tasarland\u0131"},"content":{"rendered":"<p>Type-C h\u0131zl\u0131 \u015farj deste\u011fine sahip bu kulakl\u0131k, sadece 45 dakikada tamamen \u015farj olarak 4-5 saat kesintisiz kullan\u0131m s\u00fcresi sa\u011flar. 400mAh kapasiteli \u015farj kutusu ise kulakl\u0131klar\u0131 3-4 kez \u015farj edebilir, b\u00f6ylece toplamda 20 saatlik kullan\u0131m s\u00fcresi elde edilir.Kulakl\u0131k ba\u015f\u0131na 4 gram a\u011f\u0131rl\u0131kla hafiflik sunar. \u015earj kutusunun toplam a\u011f\u0131rl\u0131\u011f\u0131 ise yaln\u0131zca 64 gramd\u0131r, b\u00f6ylece kolayca ta\u015f\u0131nabilir. Dokunmatik kontroller sayesinde fiziksel tu\u015fa ihtiya\u00e7 kalmadan medya ve \u00e7a\u011fr\u0131 y\u00f6netimi yap\u0131labilir.<\/p>\n","protected":false},"excerpt":{"rendered":"<p>Type-C h\u0131zl\u0131 \u015farj deste\u011fine sahip bu kulakl\u0131k, sadece 45 dakikada tamamen \u015farj olarak 4-5 saat kesintisiz kullan\u0131m s\u00fcresi sa\u011flar. 400mAh kapasiteli \u015farj kutusu ise kulakl\u0131klar\u0131 3-4 kez \u015farj edebilir, b\u00f6ylece toplamda 20 saatlik kullan\u0131m s\u00fcresi elde edilir.Kulakl\u0131k ba\u015f\u0131na 4 gram a\u011f\u0131rl\u0131kla hafiflik sunar. \u015earj kutusunun toplam a\u011f\u0131rl\u0131\u011f\u0131 ise yaln\u0131zca 64 gramd\u0131r, b\u00f6ylece kolayca ta\u015f\u0131nabilir. Dokunmatik&#8230;<\/p>\n","protected":false},"featured_media":116996,"comment_status":"open","ping_status":"closed","template":"","meta":{"_kad_post_transparent":"","_kad_post_title":"","_kad_post_layout":"","_kad_post_sidebar_id":"","_kad_post_content_style":"","_kad_post_vertical_padding":"","_kad_post_feature":"","_kad_post_feature_position":"","_kad_post_header":false,"_kad_post_footer":false,"_kad_post_classname":""},"product_brand":[],"product_cat":[14957],"product_tag":[],"class_list":{"0":"post-116997","1":"product","2":"type-product","3":"status-publish","4":"has-post-thumbnail","6":"product_cat-kablosuz-kulaklik-kablosuz-kulaklik","8":"first","9":"instock","10":"purchasable","11":"product-type-simple","12":"entry","13":"content-bg","14":"loop-entry"},"_links":{"self":[{"href":"https:\/\/www.hediyepazar.com\/index.php?rest_route=\/wp\/v2\/product\/116997","targetHints":{"allow":["GET"]}}],"collection":[{"href":"https:\/\/www.hediyepazar.com\/index.php?rest_route=\/wp\/v2\/product"}],"about":[{"href":"https:\/\/www.hediyepazar.com\/index.php?rest_route=\/wp\/v2\/types\/product"}],"replies":[{"embeddable":true,"href":"https:\/\/www.hediyepazar.com\/index.php?rest_route=%2Fwp%2Fv2%2Fcomments&post=116997"}],"wp:featuredmedia":[{"embeddable":true,"href":"https:\/\/www.hediyepazar.com\/index.php?rest_route=\/wp\/v2\/media\/116996"}],"wp:attachment":[{"href":"https:\/\/www.hediyepazar.com\/index.php?rest_route=%2Fwp%2Fv2%2Fmedia&parent=116997"}],"wp:term":[{"taxonomy":"product_brand","embeddable":true,"href":"https:\/\/www.hediyepazar.com\/index.php?rest_route=%2Fwp%2Fv2%2Fproduct_brand&post=116997"},{"taxonomy":"product_cat","embeddable":true,"href":"https:\/\/www.hediyepazar.com\/index.php?rest_route=%2Fwp%2Fv2%2Fproduct_cat&post=116997"},{"taxonomy":"product_tag","embeddable":true,"href":"https:\/\/www.hediyepazar.com\/index.php?rest_route=%2Fwp%2Fv2%2Fproduct_tag&post=116997"}],"curies":[{"name":"wp","href":"https:\/\/api.w.org\/{rel}","templated":true}]}}