{"id":116999,"date":"2026-05-05T18:40:20","date_gmt":"2026-05-05T21:40:20","guid":{"rendered":"https:\/\/www.hediyepazar.com\/?product=kablosuz-kulaklik-3d-ses-ve-gurultu-engelleme"},"modified":"2026-05-05T18:40:20","modified_gmt":"2026-05-05T21:40:20","slug":"kablosuz-kulaklik-3d-ses-ve-gurultu-engelleme","status":"publish","type":"product","link":"https:\/\/www.hediyepazar.com\/?product=kablosuz-kulaklik-3d-ses-ve-gurultu-engelleme","title":{"rendered":"Kablosuz Kulakl\u0131k \u2013 3D Ses ve G\u00fcr\u00fclt\u00fc Engelleme"},"content":{"rendered":"<p>6mm s\u00fcr\u00fcc\u00fcleriyle g\u00fc\u00e7l\u00fc 3D ses sunan bu kablosuz kulakl\u0131k, medya izleme, oyun oynama ve m\u00fczik dinleme i\u00e7in y\u00fcksek kaliteli ses deneyimi sunar. D\u00fc\u015f\u00fck frekansta derin baslar, orta ve y\u00fcksek frekanslarda netlik sa\u011flayarak dengeli ses \u00fcretir.Aktif g\u00fcr\u00fclt\u00fc engelleme (ANC) \u00f6zelli\u011fi sayesinde \u00e7evresel sesleri bast\u0131rarak dinleme deneyimini art\u0131r\u0131r. Bluetooth 5.0 ile kararl\u0131 ba\u011flant\u0131 sa\u011flarken otomatik e\u015fle\u015fme \u00f6zelli\u011fi, kulakl\u0131\u011f\u0131 kutudan \u00e7\u0131kar\u0131r \u00e7\u0131karmaz kullan\u0131ma sunar.<\/p>\n","protected":false},"excerpt":{"rendered":"<p>6mm s\u00fcr\u00fcc\u00fcleriyle g\u00fc\u00e7l\u00fc 3D ses sunan bu kablosuz kulakl\u0131k, medya izleme, oyun oynama ve m\u00fczik dinleme i\u00e7in y\u00fcksek kaliteli ses deneyimi sunar. D\u00fc\u015f\u00fck frekansta derin baslar, orta ve y\u00fcksek frekanslarda netlik sa\u011flayarak dengeli ses \u00fcretir.Aktif g\u00fcr\u00fclt\u00fc engelleme (ANC) \u00f6zelli\u011fi sayesinde \u00e7evresel sesleri bast\u0131rarak dinleme deneyimini art\u0131r\u0131r. Bluetooth 5.0 ile kararl\u0131 ba\u011flant\u0131 sa\u011flarken otomatik e\u015fle\u015fme \u00f6zelli\u011fi,&#8230;<\/p>\n","protected":false},"featured_media":116998,"comment_status":"open","ping_status":"closed","template":"","meta":{"_kad_post_transparent":"","_kad_post_title":"","_kad_post_layout":"","_kad_post_sidebar_id":"","_kad_post_content_style":"","_kad_post_vertical_padding":"","_kad_post_feature":"","_kad_post_feature_position":"","_kad_post_header":false,"_kad_post_footer":false,"_kad_post_classname":""},"product_brand":[],"product_cat":[14957],"product_tag":[],"class_list":{"0":"post-116999","1":"product","2":"type-product","3":"status-publish","4":"has-post-thumbnail","6":"product_cat-kablosuz-kulaklik-kablosuz-kulaklik","8":"first","9":"instock","10":"purchasable","11":"product-type-simple","12":"entry","13":"content-bg","14":"loop-entry"},"_links":{"self":[{"href":"https:\/\/www.hediyepazar.com\/index.php?rest_route=\/wp\/v2\/product\/116999","targetHints":{"allow":["GET"]}}],"collection":[{"href":"https:\/\/www.hediyepazar.com\/index.php?rest_route=\/wp\/v2\/product"}],"about":[{"href":"https:\/\/www.hediyepazar.com\/index.php?rest_route=\/wp\/v2\/types\/product"}],"replies":[{"embeddable":true,"href":"https:\/\/www.hediyepazar.com\/index.php?rest_route=%2Fwp%2Fv2%2Fcomments&post=116999"}],"wp:featuredmedia":[{"embeddable":true,"href":"https:\/\/www.hediyepazar.com\/index.php?rest_route=\/wp\/v2\/media\/116998"}],"wp:attachment":[{"href":"https:\/\/www.hediyepazar.com\/index.php?rest_route=%2Fwp%2Fv2%2Fmedia&parent=116999"}],"wp:term":[{"taxonomy":"product_brand","embeddable":true,"href":"https:\/\/www.hediyepazar.com\/index.php?rest_route=%2Fwp%2Fv2%2Fproduct_brand&post=116999"},{"taxonomy":"product_cat","embeddable":true,"href":"https:\/\/www.hediyepazar.com\/index.php?rest_route=%2Fwp%2Fv2%2Fproduct_cat&post=116999"},{"taxonomy":"product_tag","embeddable":true,"href":"https:\/\/www.hediyepazar.com\/index.php?rest_route=%2Fwp%2Fv2%2Fproduct_tag&post=116999"}],"curies":[{"name":"wp","href":"https:\/\/api.w.org\/{rel}","templated":true}]}}