{"id":117009,"date":"2026-05-05T18:41:59","date_gmt":"2026-05-05T21:41:59","guid":{"rendered":"https:\/\/www.hediyepazar.com\/?product=android-tabanli-akilli-medya-oynatici-4-cekirdekli-islemci-ekran-yansitmali"},"modified":"2026-05-05T18:41:59","modified_gmt":"2026-05-05T21:41:59","slug":"android-tabanli-akilli-medya-oynatici-4-cekirdekli-islemci-ekran-yansitmali","status":"publish","type":"product","link":"https:\/\/www.hediyepazar.com\/?product=android-tabanli-akilli-medya-oynatici-4-cekirdekli-islemci-ekran-yansitmali","title":{"rendered":"Android Tabanl\u0131 Ak\u0131ll\u0131 Medya Oynat\u0131c\u0131 \u2013 4 \u00c7ekirdekli \u0130\u015flemci Ekran Yans\u0131tmal\u0131"},"content":{"rendered":"<p>Bu medya oynat\u0131c\u0131, standart televizyonlar\u0131 ak\u0131ll\u0131 hale getirmenin yan\u0131 s\u0131ra 4K UHD ve 60 FPS destekli y\u00fcksek kaliteli g\u00f6r\u00fcnt\u00fcler sunar. Dolby Digital ses ile g\u00fc\u00e7lendirilmi\u015f cihaz, g\u00f6rsel deneyimi i\u015fitsel kaliteyle tamamlar.Donan\u0131m a\u00e7\u0131s\u0131ndan 4 \u00e7ekirdekli i\u015flemcisiyle g\u00fc\u00e7l\u00fc bir altyap\u0131 sunar. 2 GB RAM ve 8 GB haf\u0131za ile Android tabanl\u0131 uygulamalar\u0131 sorunsuz \u00e7al\u0131\u015ft\u0131r\u0131r. Ak\u0131c\u0131 performans, aray\u00fcz ge\u00e7i\u015fleri ve uygulama y\u00fcklemelerinde fark yarat\u0131r.Google Asistan destekli sesli kontrol sayesinde cihaz\u0131 sadece konu\u015farak y\u00f6netebilirsiniz. Dahili ekran yans\u0131tma \u00f6zelli\u011fi ile mobil cihazlardan b\u00fcy\u00fck ekran aktar\u0131m\u0131 olduk\u00e7a kolay.Cihaz\u0131n HDMI ve USB giri\u015fleri, kullan\u0131m esnekli\u011fi sunar. Wi-Fi ba\u011flant\u0131s\u0131yla h\u0131zl\u0131 ve stabil internet deneyimi elde edilir. Kompakt tasar\u0131m\u0131, modern televizyon setuplar\u0131na kolayca entegre olur.<\/p>\n","protected":false},"excerpt":{"rendered":"<p>Bu medya oynat\u0131c\u0131, standart televizyonlar\u0131 ak\u0131ll\u0131 hale getirmenin yan\u0131 s\u0131ra 4K UHD ve 60 FPS destekli y\u00fcksek kaliteli g\u00f6r\u00fcnt\u00fcler sunar. Dolby Digital ses ile g\u00fc\u00e7lendirilmi\u015f cihaz, g\u00f6rsel deneyimi i\u015fitsel kaliteyle tamamlar.Donan\u0131m a\u00e7\u0131s\u0131ndan 4 \u00e7ekirdekli i\u015flemcisiyle g\u00fc\u00e7l\u00fc bir altyap\u0131 sunar. 2 GB RAM ve 8 GB haf\u0131za ile Android tabanl\u0131 uygulamalar\u0131 sorunsuz \u00e7al\u0131\u015ft\u0131r\u0131r. Ak\u0131c\u0131 performans, aray\u00fcz&#8230;<\/p>\n","protected":false},"featured_media":117008,"comment_status":"open","ping_status":"closed","template":"","meta":{"_kad_post_transparent":"","_kad_post_title":"","_kad_post_layout":"","_kad_post_sidebar_id":"","_kad_post_content_style":"","_kad_post_vertical_padding":"","_kad_post_feature":"","_kad_post_feature_position":"","_kad_post_header":false,"_kad_post_footer":false,"_kad_post_classname":""},"product_brand":[],"product_cat":[15012],"product_tag":[],"class_list":{"0":"post-117009","1":"product","2":"type-product","3":"status-publish","4":"has-post-thumbnail","6":"product_cat-media-player-media-player","8":"first","9":"instock","10":"purchasable","11":"product-type-simple","12":"entry","13":"content-bg","14":"loop-entry"},"_links":{"self":[{"href":"https:\/\/www.hediyepazar.com\/index.php?rest_route=\/wp\/v2\/product\/117009","targetHints":{"allow":["GET"]}}],"collection":[{"href":"https:\/\/www.hediyepazar.com\/index.php?rest_route=\/wp\/v2\/product"}],"about":[{"href":"https:\/\/www.hediyepazar.com\/index.php?rest_route=\/wp\/v2\/types\/product"}],"replies":[{"embeddable":true,"href":"https:\/\/www.hediyepazar.com\/index.php?rest_route=%2Fwp%2Fv2%2Fcomments&post=117009"}],"wp:featuredmedia":[{"embeddable":true,"href":"https:\/\/www.hediyepazar.com\/index.php?rest_route=\/wp\/v2\/media\/117008"}],"wp:attachment":[{"href":"https:\/\/www.hediyepazar.com\/index.php?rest_route=%2Fwp%2Fv2%2Fmedia&parent=117009"}],"wp:term":[{"taxonomy":"product_brand","embeddable":true,"href":"https:\/\/www.hediyepazar.com\/index.php?rest_route=%2Fwp%2Fv2%2Fproduct_brand&post=117009"},{"taxonomy":"product_cat","embeddable":true,"href":"https:\/\/www.hediyepazar.com\/index.php?rest_route=%2Fwp%2Fv2%2Fproduct_cat&post=117009"},{"taxonomy":"product_tag","embeddable":true,"href":"https:\/\/www.hediyepazar.com\/index.php?rest_route=%2Fwp%2Fv2%2Fproduct_tag&post=117009"}],"curies":[{"name":"wp","href":"https:\/\/api.w.org\/{rel}","templated":true}]}}