{"id":117013,"date":"2026-05-05T18:42:11","date_gmt":"2026-05-05T21:42:11","guid":{"rendered":"https:\/\/www.hediyepazar.com\/?product=4k-medya-kutusu-hdmi-usb-baglantili-android-tv-cozumu"},"modified":"2026-05-05T18:42:11","modified_gmt":"2026-05-05T21:42:11","slug":"4k-medya-kutusu-hdmi-usb-baglantili-android-tv-cozumu","status":"publish","type":"product","link":"https:\/\/www.hediyepazar.com\/?product=4k-medya-kutusu-hdmi-usb-baglantili-android-tv-cozumu","title":{"rendered":"4K Medya Kutusu HDMI-USB Ba\u011flant\u0131l\u0131 Android TV \u00c7\u00f6z\u00fcm\u00fc"},"content":{"rendered":"<p>Geli\u015fmi\u015f \u00e7\u00f6z\u00fcn\u00fcrl\u00fck ve h\u0131zl\u0131 i\u015flem g\u00fcc\u00fcn\u00fc bir araya getiren bu medya oynat\u0131c\u0131, her t\u00fcrl\u00fc i\u00e7eri\u011fi en iyi \u015fekilde izleyebilmeniz i\u00e7in tasarland\u0131. 4K Ultra HD g\u00f6r\u00fcnt\u00fc kalitesi, 60 FPS deste\u011fi ve Dolby Digital ses yap\u0131s\u0131yla her detayda kaliteyi hissedersiniz.\u0130\u00e7 donan\u0131m\u0131 4 \u00e7ekirdekli i\u015flemci ile desteklenmi\u015f, 2 GB RAM ve 8 GB dahili haf\u0131za ile optimize edilmi\u015ftir. Bu sayede hem h\u0131zl\u0131 \u00e7al\u0131\u015f\u0131r hem de birden fazla i\u015flemi e\u015fzamanl\u0131 y\u00fcr\u00fctebilir.Android tabanl\u0131 sistemle \u00e7al\u0131\u015fan cihaz, bir\u00e7ok pop\u00fcler uygulamay\u0131 destekler. \u0130ster video izleyin, ister m\u00fczik dinleyin; her an\u0131n\u0131za ak\u0131ll\u0131 \u00e7\u00f6z\u00fcmler sunar. Dahili sesli komut \u00f6zelli\u011fiyle kullan\u0131m\u0131 daha da pratik hale gelir.Cihazda yer alan Chromecast benzeri g\u00f6r\u00fcnt\u00fc yans\u0131tma teknolojisi sayesinde mobil cihazlardan b\u00fcy\u00fck ekrana i\u00e7erik ta\u015f\u0131ma \u00e7ok kolayd\u0131r. HDMI ve USB portlar\u0131 sayesinde farkl\u0131 cihazlarla entegre \u00e7al\u0131\u015fabilir.Kompakt ve zarif tasar\u0131m\u0131 sayesinde evin her k\u00f6\u015fesinde yer kaplamadan \u015f\u0131kl\u0131k sunar.<\/p>\n","protected":false},"excerpt":{"rendered":"<p>Geli\u015fmi\u015f \u00e7\u00f6z\u00fcn\u00fcrl\u00fck ve h\u0131zl\u0131 i\u015flem g\u00fcc\u00fcn\u00fc bir araya getiren bu medya oynat\u0131c\u0131, her t\u00fcrl\u00fc i\u00e7eri\u011fi en iyi \u015fekilde izleyebilmeniz i\u00e7in tasarland\u0131. 4K Ultra HD g\u00f6r\u00fcnt\u00fc kalitesi, 60 FPS deste\u011fi ve Dolby Digital ses yap\u0131s\u0131yla her detayda kaliteyi hissedersiniz.\u0130\u00e7 donan\u0131m\u0131 4 \u00e7ekirdekli i\u015flemci ile desteklenmi\u015f, 2 GB RAM ve 8 GB dahili haf\u0131za ile optimize edilmi\u015ftir&#8230;.<\/p>\n","protected":false},"featured_media":117012,"comment_status":"open","ping_status":"closed","template":"","meta":{"_kad_post_transparent":"","_kad_post_title":"","_kad_post_layout":"","_kad_post_sidebar_id":"","_kad_post_content_style":"","_kad_post_vertical_padding":"","_kad_post_feature":"","_kad_post_feature_position":"","_kad_post_header":false,"_kad_post_footer":false,"_kad_post_classname":""},"product_brand":[],"product_cat":[15012],"product_tag":[],"class_list":{"0":"post-117013","1":"product","2":"type-product","3":"status-publish","4":"has-post-thumbnail","6":"product_cat-media-player-media-player","8":"first","9":"instock","10":"purchasable","11":"product-type-simple","12":"entry","13":"content-bg","14":"loop-entry"},"_links":{"self":[{"href":"https:\/\/www.hediyepazar.com\/index.php?rest_route=\/wp\/v2\/product\/117013","targetHints":{"allow":["GET"]}}],"collection":[{"href":"https:\/\/www.hediyepazar.com\/index.php?rest_route=\/wp\/v2\/product"}],"about":[{"href":"https:\/\/www.hediyepazar.com\/index.php?rest_route=\/wp\/v2\/types\/product"}],"replies":[{"embeddable":true,"href":"https:\/\/www.hediyepazar.com\/index.php?rest_route=%2Fwp%2Fv2%2Fcomments&post=117013"}],"wp:featuredmedia":[{"embeddable":true,"href":"https:\/\/www.hediyepazar.com\/index.php?rest_route=\/wp\/v2\/media\/117012"}],"wp:attachment":[{"href":"https:\/\/www.hediyepazar.com\/index.php?rest_route=%2Fwp%2Fv2%2Fmedia&parent=117013"}],"wp:term":[{"taxonomy":"product_brand","embeddable":true,"href":"https:\/\/www.hediyepazar.com\/index.php?rest_route=%2Fwp%2Fv2%2Fproduct_brand&post=117013"},{"taxonomy":"product_cat","embeddable":true,"href":"https:\/\/www.hediyepazar.com\/index.php?rest_route=%2Fwp%2Fv2%2Fproduct_cat&post=117013"},{"taxonomy":"product_tag","embeddable":true,"href":"https:\/\/www.hediyepazar.com\/index.php?rest_route=%2Fwp%2Fv2%2Fproduct_tag&post=117013"}],"curies":[{"name":"wp","href":"https:\/\/api.w.org\/{rel}","templated":true}]}}