{"id":117019,"date":"2026-05-05T18:42:59","date_gmt":"2026-05-05T21:42:59","guid":{"rendered":"https:\/\/www.hediyepazar.com\/?product=fosforlu-arac-ici-park-karti-numaratoru"},"modified":"2026-05-05T18:42:59","modified_gmt":"2026-05-05T21:42:59","slug":"fosforlu-arac-ici-park-karti-numaratoru","status":"publish","type":"product","link":"https:\/\/www.hediyepazar.com\/?product=fosforlu-arac-ici-park-karti-numaratoru","title":{"rendered":"Fosforlu Ara\u00e7 \u0130\u00e7i Park Kart\u0131 Numarat\u00f6r\u00fc"},"content":{"rendered":"<p>Ara\u00e7 i\u00e7i fosforlu park kart\u0131, sadece bir aksesuar de\u011fil, ayn\u0131 zamanda g\u00fcvenli park\u0131n tamamlay\u0131c\u0131s\u0131d\u0131r. G\u00fcn \u0131\u015f\u0131\u011f\u0131nda kendini \u015farj eden fosforlu y\u00fczeyi sayesinde, karanl\u0131k ortamlarda bile numaran\u0131z net \u015fekilde g\u00f6r\u00fcn\u00fcr.Telefon numaran\u0131z\u0131 g\u00f6r\u00fcn\u00fcr hale getirdi\u011finizde, size ula\u015fmak isteyen ki\u015filer kolayl\u0131kla ileti\u015fim kurabilir. B\u00f6ylece hem sizin zaman\u0131n\u0131z bo\u015fa gitmez, hem de \u00e7evrenizdeki ki\u015filer ma\u011fdur olmaz.\u00dcr\u00fcn\u00fcn kurulumu yoktur, ara\u00e7 i\u00e7ine sadece yerle\u015ftirmeniz yeterlidir. G\u00f6sterge paneli, \u00f6n cam ya da torpido \u00fczerine yerle\u015ftirilebilir. Kaymaz taban\u0131 sayesinde sabit kal\u0131r, rahats\u0131z etmez.Kaliteli plastik g\u00f6vdesi, hem \u015f\u0131k bir g\u00f6r\u00fcn\u00fcm sunar hem de d\u0131\u015f etkilere kar\u015f\u0131 dayan\u0131kl\u0131d\u0131r. Yaz s\u0131caklar\u0131nda ya da k\u0131\u015f\u0131n so\u011fuklar\u0131nda formunu korur.Ara\u00e7 i\u00e7inde fark edilmeden durur, sadece gerekti\u011finde dikkat \u00e7eker. Modern, fonksiyonel ve zarif.<\/p>\n","protected":false},"excerpt":{"rendered":"<p>Ara\u00e7 i\u00e7i fosforlu park kart\u0131, sadece bir aksesuar de\u011fil, ayn\u0131 zamanda g\u00fcvenli park\u0131n tamamlay\u0131c\u0131s\u0131d\u0131r. G\u00fcn \u0131\u015f\u0131\u011f\u0131nda kendini \u015farj eden fosforlu y\u00fczeyi sayesinde, karanl\u0131k ortamlarda bile numaran\u0131z net \u015fekilde g\u00f6r\u00fcn\u00fcr.Telefon numaran\u0131z\u0131 g\u00f6r\u00fcn\u00fcr hale getirdi\u011finizde, size ula\u015fmak isteyen ki\u015filer kolayl\u0131kla ileti\u015fim kurabilir. B\u00f6ylece hem sizin zaman\u0131n\u0131z bo\u015fa gitmez, hem de \u00e7evrenizdeki ki\u015filer ma\u011fdur olmaz.\u00dcr\u00fcn\u00fcn kurulumu yoktur, ara\u00e7&#8230;<\/p>\n","protected":false},"featured_media":117018,"comment_status":"open","ping_status":"closed","template":"","meta":{"_kad_post_transparent":"","_kad_post_title":"","_kad_post_layout":"","_kad_post_sidebar_id":"","_kad_post_content_style":"","_kad_post_vertical_padding":"","_kad_post_feature":"","_kad_post_feature_position":"","_kad_post_header":false,"_kad_post_footer":false,"_kad_post_classname":""},"product_brand":[],"product_cat":[15002],"product_tag":[],"class_list":{"0":"post-117019","1":"product","2":"type-product","3":"status-publish","4":"has-post-thumbnail","6":"product_cat-torpido-aksesuar-torpido-aksesuar","8":"first","9":"instock","10":"purchasable","11":"product-type-simple","12":"entry","13":"content-bg","14":"loop-entry"},"_links":{"self":[{"href":"https:\/\/www.hediyepazar.com\/index.php?rest_route=\/wp\/v2\/product\/117019","targetHints":{"allow":["GET"]}}],"collection":[{"href":"https:\/\/www.hediyepazar.com\/index.php?rest_route=\/wp\/v2\/product"}],"about":[{"href":"https:\/\/www.hediyepazar.com\/index.php?rest_route=\/wp\/v2\/types\/product"}],"replies":[{"embeddable":true,"href":"https:\/\/www.hediyepazar.com\/index.php?rest_route=%2Fwp%2Fv2%2Fcomments&post=117019"}],"wp:featuredmedia":[{"embeddable":true,"href":"https:\/\/www.hediyepazar.com\/index.php?rest_route=\/wp\/v2\/media\/117018"}],"wp:attachment":[{"href":"https:\/\/www.hediyepazar.com\/index.php?rest_route=%2Fwp%2Fv2%2Fmedia&parent=117019"}],"wp:term":[{"taxonomy":"product_brand","embeddable":true,"href":"https:\/\/www.hediyepazar.com\/index.php?rest_route=%2Fwp%2Fv2%2Fproduct_brand&post=117019"},{"taxonomy":"product_cat","embeddable":true,"href":"https:\/\/www.hediyepazar.com\/index.php?rest_route=%2Fwp%2Fv2%2Fproduct_cat&post=117019"},{"taxonomy":"product_tag","embeddable":true,"href":"https:\/\/www.hediyepazar.com\/index.php?rest_route=%2Fwp%2Fv2%2Fproduct_tag&post=117019"}],"curies":[{"name":"wp","href":"https:\/\/api.w.org\/{rel}","templated":true}]}}