{"id":117021,"date":"2026-05-05T18:43:06","date_gmt":"2026-05-05T21:43:06","guid":{"rendered":"https:\/\/www.hediyepazar.com\/?product=fosforlu-numara-gostergesi"},"modified":"2026-05-05T18:43:06","modified_gmt":"2026-05-05T21:43:06","slug":"fosforlu-numara-gostergesi","status":"publish","type":"product","link":"https:\/\/www.hediyepazar.com\/?product=fosforlu-numara-gostergesi","title":{"rendered":"Fosforlu Numara G\u00f6stergesi"},"content":{"rendered":"<p>Fosforlu ara\u00e7 i\u00e7i numara g\u00f6stergesi, k\u00fc\u00e7\u00fck boyutuna ra\u011fmen b\u00fcy\u00fck bir i\u015fleve sahip. K\u0131sa s\u00fcreli park anlar\u0131nda cep telefonu numaran\u0131z\u0131 g\u00f6r\u00fcn\u00fcr hale getirerek ba\u015fkalar\u0131n\u0131n size ula\u015fmas\u0131n\u0131 kolayla\u015ft\u0131r\u0131r. Bu sayede yanl\u0131\u015f park gibi durumlarda ileti\u015fim kurmak m\u00fcmk\u00fcn olur, sorun b\u00fcy\u00fcmeden \u00e7\u00f6z\u00fcl\u00fcr.Gece kullan\u0131m\u0131na uygun fosforlu rakamlar\u0131, \u0131\u015f\u0131k gerektirmeden parlayarak g\u00f6r\u00fcn\u00fcrl\u00fc\u011f\u00fcn\u00fc korur. Lo\u015f \u0131\u015f\u0131kta bile okunabilir olu\u015fu sayesinde g\u00fcn\u00fcn her saati i\u015fe yarar.\u00dcr\u00fcn\u00fcn en b\u00fcy\u00fck avantajlar\u0131ndan biri, montaj gerektirmemesi. Ara\u00e7 i\u00e7inde herhangi bir sabitleyiciye gerek kalmadan d\u00fcz y\u00fczeylere kolayca yerle\u015ftirilir. Kaymaz yap\u0131s\u0131, hareket halinde bile yerinden oynamaz.Estetik \u00e7izgileri ve modern tasar\u0131m\u0131 ile arac\u0131n\u0131z\u0131n i\u00e7 g\u00f6r\u00fcn\u00fcm\u00fcn\u00fc g\u00fczelle\u015ftirirken, dayan\u0131kl\u0131 malzeme kalitesiyle uzun s\u00fcreli kullan\u0131m sunar. Bask\u0131lar silinmez, renkler solmaz.Minimal ama etkili bir \u00e7\u00f6z\u00fcm arayanlar i\u00e7in ideal bir \u00fcr\u00fcnd\u00fcr.<\/p>\n","protected":false},"excerpt":{"rendered":"<p>Fosforlu ara\u00e7 i\u00e7i numara g\u00f6stergesi, k\u00fc\u00e7\u00fck boyutuna ra\u011fmen b\u00fcy\u00fck bir i\u015fleve sahip. K\u0131sa s\u00fcreli park anlar\u0131nda cep telefonu numaran\u0131z\u0131 g\u00f6r\u00fcn\u00fcr hale getirerek ba\u015fkalar\u0131n\u0131n size ula\u015fmas\u0131n\u0131 kolayla\u015ft\u0131r\u0131r. Bu sayede yanl\u0131\u015f park gibi durumlarda ileti\u015fim kurmak m\u00fcmk\u00fcn olur, sorun b\u00fcy\u00fcmeden \u00e7\u00f6z\u00fcl\u00fcr.Gece kullan\u0131m\u0131na uygun fosforlu rakamlar\u0131, \u0131\u015f\u0131k gerektirmeden parlayarak g\u00f6r\u00fcn\u00fcrl\u00fc\u011f\u00fcn\u00fc korur. Lo\u015f \u0131\u015f\u0131kta bile okunabilir olu\u015fu sayesinde g\u00fcn\u00fcn&#8230;<\/p>\n","protected":false},"featured_media":117020,"comment_status":"open","ping_status":"closed","template":"","meta":{"_kad_post_transparent":"","_kad_post_title":"","_kad_post_layout":"","_kad_post_sidebar_id":"","_kad_post_content_style":"","_kad_post_vertical_padding":"","_kad_post_feature":"","_kad_post_feature_position":"","_kad_post_header":false,"_kad_post_footer":false,"_kad_post_classname":""},"product_brand":[],"product_cat":[15002],"product_tag":[],"class_list":{"0":"post-117021","1":"product","2":"type-product","3":"status-publish","4":"has-post-thumbnail","6":"product_cat-torpido-aksesuar-torpido-aksesuar","8":"first","9":"instock","10":"purchasable","11":"product-type-simple","12":"entry","13":"content-bg","14":"loop-entry"},"_links":{"self":[{"href":"https:\/\/www.hediyepazar.com\/index.php?rest_route=\/wp\/v2\/product\/117021","targetHints":{"allow":["GET"]}}],"collection":[{"href":"https:\/\/www.hediyepazar.com\/index.php?rest_route=\/wp\/v2\/product"}],"about":[{"href":"https:\/\/www.hediyepazar.com\/index.php?rest_route=\/wp\/v2\/types\/product"}],"replies":[{"embeddable":true,"href":"https:\/\/www.hediyepazar.com\/index.php?rest_route=%2Fwp%2Fv2%2Fcomments&post=117021"}],"wp:featuredmedia":[{"embeddable":true,"href":"https:\/\/www.hediyepazar.com\/index.php?rest_route=\/wp\/v2\/media\/117020"}],"wp:attachment":[{"href":"https:\/\/www.hediyepazar.com\/index.php?rest_route=%2Fwp%2Fv2%2Fmedia&parent=117021"}],"wp:term":[{"taxonomy":"product_brand","embeddable":true,"href":"https:\/\/www.hediyepazar.com\/index.php?rest_route=%2Fwp%2Fv2%2Fproduct_brand&post=117021"},{"taxonomy":"product_cat","embeddable":true,"href":"https:\/\/www.hediyepazar.com\/index.php?rest_route=%2Fwp%2Fv2%2Fproduct_cat&post=117021"},{"taxonomy":"product_tag","embeddable":true,"href":"https:\/\/www.hediyepazar.com\/index.php?rest_route=%2Fwp%2Fv2%2Fproduct_tag&post=117021"}],"curies":[{"name":"wp","href":"https:\/\/api.w.org\/{rel}","templated":true}]}}