{"id":117025,"date":"2026-05-05T18:43:18","date_gmt":"2026-05-05T21:43:18","guid":{"rendered":"https:\/\/www.hediyepazar.com\/?product=sik-ve-islevsel-fosforlu-arac-numaratoru-kolay-kullanim-yuksek-gorunurluk"},"modified":"2026-05-05T18:43:18","modified_gmt":"2026-05-05T21:43:18","slug":"sik-ve-islevsel-fosforlu-arac-numaratoru-kolay-kullanim-yuksek-gorunurluk","status":"publish","type":"product","link":"https:\/\/www.hediyepazar.com\/?product=sik-ve-islevsel-fosforlu-arac-numaratoru-kolay-kullanim-yuksek-gorunurluk","title":{"rendered":"\u015e\u0131k ve \u0130\u015flevsel Fosforlu Ara\u00e7 Numarat\u00f6r\u00fc \u2013 Kolay Kullan\u0131m Y\u00fcksek G\u00f6r\u00fcn\u00fcrl\u00fck"},"content":{"rendered":"<p>Hem estetik hem fonksiyonel bir \u00fcr\u00fcn arayanlar i\u00e7in ideal: Fosforlu ara\u00e7 i\u00e7i numarat\u00f6r, arac\u0131n\u0131z\u0131 park etti\u011finizde ileti\u015fim i\u00e7in gerekli numaran\u0131z\u0131 net \u015fekilde g\u00f6r\u00fcn\u00fcr hale getirir. B\u00f6ylece olas\u0131 yanl\u0131\u015f park, engelleme gibi durumlar \u00f6nlenebilir.\u00dcr\u00fcn\u00fcn fosforlu bask\u0131s\u0131, g\u00fcn \u0131\u015f\u0131\u011f\u0131na maruz kald\u0131\u011f\u0131nda enerji depolayarak gece boyunca parlayarak numaran\u0131n net kalmas\u0131n\u0131 sa\u011flar. Bu da karanl\u0131k ortamda dahi ula\u015f\u0131labilirli\u011finizi korur.Hi\u00e7bir montaj ya da ara\u00e7 y\u00fczeyine yap\u0131\u015fma i\u015flemi gerektirmez. Arac\u0131n \u00f6n paneline ya da cama do\u011frudan yerle\u015ftirilebilir. Sabit durur, kaymaz ve dikkat da\u011f\u0131tmaz.Kompakt boyutu, g\u00f6r\u00fc\u015f alan\u0131n\u0131 engellemez, sade ve dikkat \u00e7ekici tasar\u0131m\u0131yla g\u00f6z yormaz. Kaliteli plastik malzemeden \u00fcretilmi\u015ftir, formunu uzun s\u00fcre korur.G\u00fcvenlik, estetik ve pratiklik bir arada.<\/p>\n","protected":false},"excerpt":{"rendered":"<p>Hem estetik hem fonksiyonel bir \u00fcr\u00fcn arayanlar i\u00e7in ideal: Fosforlu ara\u00e7 i\u00e7i numarat\u00f6r, arac\u0131n\u0131z\u0131 park etti\u011finizde ileti\u015fim i\u00e7in gerekli numaran\u0131z\u0131 net \u015fekilde g\u00f6r\u00fcn\u00fcr hale getirir. B\u00f6ylece olas\u0131 yanl\u0131\u015f park, engelleme gibi durumlar \u00f6nlenebilir.\u00dcr\u00fcn\u00fcn fosforlu bask\u0131s\u0131, g\u00fcn \u0131\u015f\u0131\u011f\u0131na maruz kald\u0131\u011f\u0131nda enerji depolayarak gece boyunca parlayarak numaran\u0131n net kalmas\u0131n\u0131 sa\u011flar. Bu da karanl\u0131k ortamda dahi ula\u015f\u0131labilirli\u011finizi korur.Hi\u00e7bir&#8230;<\/p>\n","protected":false},"featured_media":117024,"comment_status":"open","ping_status":"closed","template":"","meta":{"_kad_post_transparent":"","_kad_post_title":"","_kad_post_layout":"","_kad_post_sidebar_id":"","_kad_post_content_style":"","_kad_post_vertical_padding":"","_kad_post_feature":"","_kad_post_feature_position":"","_kad_post_header":false,"_kad_post_footer":false,"_kad_post_classname":""},"product_brand":[],"product_cat":[15002],"product_tag":[],"class_list":{"0":"post-117025","1":"product","2":"type-product","3":"status-publish","4":"has-post-thumbnail","6":"product_cat-torpido-aksesuar-torpido-aksesuar","8":"first","9":"instock","10":"purchasable","11":"product-type-simple","12":"entry","13":"content-bg","14":"loop-entry"},"_links":{"self":[{"href":"https:\/\/www.hediyepazar.com\/index.php?rest_route=\/wp\/v2\/product\/117025","targetHints":{"allow":["GET"]}}],"collection":[{"href":"https:\/\/www.hediyepazar.com\/index.php?rest_route=\/wp\/v2\/product"}],"about":[{"href":"https:\/\/www.hediyepazar.com\/index.php?rest_route=\/wp\/v2\/types\/product"}],"replies":[{"embeddable":true,"href":"https:\/\/www.hediyepazar.com\/index.php?rest_route=%2Fwp%2Fv2%2Fcomments&post=117025"}],"wp:featuredmedia":[{"embeddable":true,"href":"https:\/\/www.hediyepazar.com\/index.php?rest_route=\/wp\/v2\/media\/117024"}],"wp:attachment":[{"href":"https:\/\/www.hediyepazar.com\/index.php?rest_route=%2Fwp%2Fv2%2Fmedia&parent=117025"}],"wp:term":[{"taxonomy":"product_brand","embeddable":true,"href":"https:\/\/www.hediyepazar.com\/index.php?rest_route=%2Fwp%2Fv2%2Fproduct_brand&post=117025"},{"taxonomy":"product_cat","embeddable":true,"href":"https:\/\/www.hediyepazar.com\/index.php?rest_route=%2Fwp%2Fv2%2Fproduct_cat&post=117025"},{"taxonomy":"product_tag","embeddable":true,"href":"https:\/\/www.hediyepazar.com\/index.php?rest_route=%2Fwp%2Fv2%2Fproduct_tag&post=117025"}],"curies":[{"name":"wp","href":"https:\/\/api.w.org\/{rel}","templated":true}]}}