{"id":117027,"date":"2026-05-05T18:43:25","date_gmt":"2026-05-05T21:43:25","guid":{"rendered":"https:\/\/www.hediyepazar.com\/?product=fosforlu-isilti-ile-arac-ici-telefon-numaratoru-guvenli-parkin-anahtari"},"modified":"2026-05-05T18:43:25","modified_gmt":"2026-05-05T21:43:25","slug":"fosforlu-isilti-ile-arac-ici-telefon-numaratoru-guvenli-parkin-anahtari","status":"publish","type":"product","link":"https:\/\/www.hediyepazar.com\/?product=fosforlu-isilti-ile-arac-ici-telefon-numaratoru-guvenli-parkin-anahtari","title":{"rendered":"Fosforlu I\u015f\u0131lt\u0131 ile Ara\u00e7 \u0130\u00e7i Telefon Numarat\u00f6r\u00fc \u2013 G\u00fcvenli Park\u0131n Anahtar\u0131"},"content":{"rendered":"<p>K\u0131sa s\u00fcreli park etti\u011finizde \u00e7evrenizle ileti\u015fimi kesmeyin! Bu fosforlu ara\u00e7 i\u00e7i numarat\u00f6r, telefon numaran\u0131z\u0131 g\u00f6r\u00fcn\u00fcr hale getirerek sizi muhtemel sorunlardan korur. Acil durumlar, engelleme ya da yard\u0131m talepleri i\u00e7in birebir.Gece g\u00f6r\u00fc\u015f\u00fcne \u00f6zel geli\u015ftirilen fosforlu rakamlar\u0131, lo\u015f ortamlarda bile net \u015fekilde fark edilir. B\u00f6ylece karanl\u0131k sokaklar, otoparklar ya da gece s\u00fcr\u00fc\u015flerinde g\u00f6r\u00fcn\u00fcrl\u00fc\u011f\u00fcn\u00fcz azalmaz.Yap\u0131\u015ft\u0131rma ya da vidalama gerekmez. Direkt yerle\u015ftirilen tasar\u0131m\u0131yla arac\u0131n\u0131za zarar vermez. Kullan\u0131ma haz\u0131r ve ta\u015f\u0131nabilir, diledi\u011finiz yere konumland\u0131rabilirsiniz.Estetik detaylar\u0131yla arac\u0131n\u0131z\u0131n i\u00e7 tasar\u0131m\u0131na uyum sa\u011flar. Ayn\u0131 zamanda kaliteli malzeme yap\u0131s\u0131 sayesinde uzun s\u00fcre dayan\u0131kl\u0131l\u0131\u011f\u0131n\u0131 korur. Net bask\u0131l\u0131 numaralar zamanla solmaz, silinmez.<\/p>\n","protected":false},"excerpt":{"rendered":"<p>K\u0131sa s\u00fcreli park etti\u011finizde \u00e7evrenizle ileti\u015fimi kesmeyin! Bu fosforlu ara\u00e7 i\u00e7i numarat\u00f6r, telefon numaran\u0131z\u0131 g\u00f6r\u00fcn\u00fcr hale getirerek sizi muhtemel sorunlardan korur. Acil durumlar, engelleme ya da yard\u0131m talepleri i\u00e7in birebir.Gece g\u00f6r\u00fc\u015f\u00fcne \u00f6zel geli\u015ftirilen fosforlu rakamlar\u0131, lo\u015f ortamlarda bile net \u015fekilde fark edilir. B\u00f6ylece karanl\u0131k sokaklar, otoparklar ya da gece s\u00fcr\u00fc\u015flerinde g\u00f6r\u00fcn\u00fcrl\u00fc\u011f\u00fcn\u00fcz azalmaz.Yap\u0131\u015ft\u0131rma ya da vidalama&#8230;<\/p>\n","protected":false},"featured_media":117026,"comment_status":"open","ping_status":"closed","template":"","meta":{"_kad_post_transparent":"","_kad_post_title":"","_kad_post_layout":"","_kad_post_sidebar_id":"","_kad_post_content_style":"","_kad_post_vertical_padding":"","_kad_post_feature":"","_kad_post_feature_position":"","_kad_post_header":false,"_kad_post_footer":false,"_kad_post_classname":""},"product_brand":[],"product_cat":[15002],"product_tag":[],"class_list":{"0":"post-117027","1":"product","2":"type-product","3":"status-publish","4":"has-post-thumbnail","6":"product_cat-torpido-aksesuar-torpido-aksesuar","8":"first","9":"instock","10":"purchasable","11":"product-type-simple","12":"entry","13":"content-bg","14":"loop-entry"},"_links":{"self":[{"href":"https:\/\/www.hediyepazar.com\/index.php?rest_route=\/wp\/v2\/product\/117027","targetHints":{"allow":["GET"]}}],"collection":[{"href":"https:\/\/www.hediyepazar.com\/index.php?rest_route=\/wp\/v2\/product"}],"about":[{"href":"https:\/\/www.hediyepazar.com\/index.php?rest_route=\/wp\/v2\/types\/product"}],"replies":[{"embeddable":true,"href":"https:\/\/www.hediyepazar.com\/index.php?rest_route=%2Fwp%2Fv2%2Fcomments&post=117027"}],"wp:featuredmedia":[{"embeddable":true,"href":"https:\/\/www.hediyepazar.com\/index.php?rest_route=\/wp\/v2\/media\/117026"}],"wp:attachment":[{"href":"https:\/\/www.hediyepazar.com\/index.php?rest_route=%2Fwp%2Fv2%2Fmedia&parent=117027"}],"wp:term":[{"taxonomy":"product_brand","embeddable":true,"href":"https:\/\/www.hediyepazar.com\/index.php?rest_route=%2Fwp%2Fv2%2Fproduct_brand&post=117027"},{"taxonomy":"product_cat","embeddable":true,"href":"https:\/\/www.hediyepazar.com\/index.php?rest_route=%2Fwp%2Fv2%2Fproduct_cat&post=117027"},{"taxonomy":"product_tag","embeddable":true,"href":"https:\/\/www.hediyepazar.com\/index.php?rest_route=%2Fwp%2Fv2%2Fproduct_tag&post=117027"}],"curies":[{"name":"wp","href":"https:\/\/api.w.org\/{rel}","templated":true}]}}