{"id":117029,"date":"2026-05-05T18:43:59","date_gmt":"2026-05-05T21:43:59","guid":{"rendered":"https:\/\/www.hediyepazar.com\/?product=fosforlu-arac-ici-park-numaratoru-gece-gorunumlu-sik-cozum"},"modified":"2026-05-05T18:43:59","modified_gmt":"2026-05-05T21:43:59","slug":"fosforlu-arac-ici-park-numaratoru-gece-gorunumlu-sik-cozum","status":"publish","type":"product","link":"https:\/\/www.hediyepazar.com\/?product=fosforlu-arac-ici-park-numaratoru-gece-gorunumlu-sik-cozum","title":{"rendered":"Fosforlu Ara\u00e7 \u0130\u00e7i Park Numarat\u00f6r\u00fc \u2013 Gece G\u00f6r\u00fcn\u00fcml\u00fc \u015e\u0131k \u00c7\u00f6z\u00fcm"},"content":{"rendered":"<p>Ara\u00e7 i\u00e7inde pratik bir kullan\u0131m sunan bu fosforlu park numarat\u00f6r\u00fc, gece ve g\u00fcnd\u00fcz fark etmeksizin telefon numaran\u0131z\u0131n g\u00f6r\u00fcn\u00fcr kalmas\u0131n\u0131 sa\u011flar. \u00d6zellikle k\u0131sa s\u00fcreli park durumlar\u0131nda ileti\u015fimi m\u00fcmk\u00fcn k\u0131lar, sizi olas\u0131 \u00e7ekilme, engelleme ya da acil durumlar gibi risklerden korur.Fosforlu y\u00fczeyi sayesinde karanl\u0131k ortamlarda dahi net g\u00f6r\u00fcn\u00fcm sunar. I\u015f\u0131k yans\u0131mas\u0131na gerek kalmadan numaralar kolayca okunur. Bu sayede gece parklar\u0131nda da etkili \u015fekilde \u00e7al\u0131\u015f\u0131r.Montaj gerektirmeyen yap\u0131s\u0131 sayesinde saniyeler i\u00e7inde kullan\u0131ma haz\u0131r hale gelir. G\u00f6sterge paneline veya \u00f6n cama sabit \u015fekilde yerle\u015ftirilir. Arac\u0131n\u0131z\u0131n i\u00e7 tasar\u0131m\u0131na \u015f\u0131k ve modern bir detay ekler.Kompakt tasar\u0131m\u0131 ile g\u00f6r\u00fc\u015f alan\u0131n\u0131 engellemez, s\u00fcr\u00fc\u015f g\u00fcvenli\u011fini tehdit etmez. Kaliteli ve dayan\u0131kl\u0131 malzemelerden \u00fcretildi\u011fi i\u00e7in uzun \u00f6m\u00fcrl\u00fcd\u00fcr; zamanla solma ya da deformasyon g\u00f6stermez.<\/p>\n","protected":false},"excerpt":{"rendered":"<p>Ara\u00e7 i\u00e7inde pratik bir kullan\u0131m sunan bu fosforlu park numarat\u00f6r\u00fc, gece ve g\u00fcnd\u00fcz fark etmeksizin telefon numaran\u0131z\u0131n g\u00f6r\u00fcn\u00fcr kalmas\u0131n\u0131 sa\u011flar. \u00d6zellikle k\u0131sa s\u00fcreli park durumlar\u0131nda ileti\u015fimi m\u00fcmk\u00fcn k\u0131lar, sizi olas\u0131 \u00e7ekilme, engelleme ya da acil durumlar gibi risklerden korur.Fosforlu y\u00fczeyi sayesinde karanl\u0131k ortamlarda dahi net g\u00f6r\u00fcn\u00fcm sunar. I\u015f\u0131k yans\u0131mas\u0131na gerek kalmadan numaralar kolayca okunur. Bu&#8230;<\/p>\n","protected":false},"featured_media":117028,"comment_status":"open","ping_status":"closed","template":"","meta":{"_kad_post_transparent":"","_kad_post_title":"","_kad_post_layout":"","_kad_post_sidebar_id":"","_kad_post_content_style":"","_kad_post_vertical_padding":"","_kad_post_feature":"","_kad_post_feature_position":"","_kad_post_header":false,"_kad_post_footer":false,"_kad_post_classname":""},"product_brand":[],"product_cat":[15002],"product_tag":[],"class_list":{"0":"post-117029","1":"product","2":"type-product","3":"status-publish","4":"has-post-thumbnail","6":"product_cat-torpido-aksesuar-torpido-aksesuar","8":"first","9":"instock","10":"purchasable","11":"product-type-simple","12":"entry","13":"content-bg","14":"loop-entry"},"_links":{"self":[{"href":"https:\/\/www.hediyepazar.com\/index.php?rest_route=\/wp\/v2\/product\/117029","targetHints":{"allow":["GET"]}}],"collection":[{"href":"https:\/\/www.hediyepazar.com\/index.php?rest_route=\/wp\/v2\/product"}],"about":[{"href":"https:\/\/www.hediyepazar.com\/index.php?rest_route=\/wp\/v2\/types\/product"}],"replies":[{"embeddable":true,"href":"https:\/\/www.hediyepazar.com\/index.php?rest_route=%2Fwp%2Fv2%2Fcomments&post=117029"}],"wp:featuredmedia":[{"embeddable":true,"href":"https:\/\/www.hediyepazar.com\/index.php?rest_route=\/wp\/v2\/media\/117028"}],"wp:attachment":[{"href":"https:\/\/www.hediyepazar.com\/index.php?rest_route=%2Fwp%2Fv2%2Fmedia&parent=117029"}],"wp:term":[{"taxonomy":"product_brand","embeddable":true,"href":"https:\/\/www.hediyepazar.com\/index.php?rest_route=%2Fwp%2Fv2%2Fproduct_brand&post=117029"},{"taxonomy":"product_cat","embeddable":true,"href":"https:\/\/www.hediyepazar.com\/index.php?rest_route=%2Fwp%2Fv2%2Fproduct_cat&post=117029"},{"taxonomy":"product_tag","embeddable":true,"href":"https:\/\/www.hediyepazar.com\/index.php?rest_route=%2Fwp%2Fv2%2Fproduct_tag&post=117029"}],"curies":[{"name":"wp","href":"https:\/\/api.w.org\/{rel}","templated":true}]}}