{"id":117037,"date":"2026-05-05T18:45:57","date_gmt":"2026-05-05T21:45:57","guid":{"rendered":"https:\/\/www.hediyepazar.com\/?product=sunger-izolasyonlu-katlanabilir-guneslik"},"modified":"2026-05-05T18:45:57","modified_gmt":"2026-05-05T21:45:57","slug":"sunger-izolasyonlu-katlanabilir-guneslik","status":"publish","type":"product","link":"https:\/\/www.hediyepazar.com\/?product=sunger-izolasyonlu-katlanabilir-guneslik","title":{"rendered":"S\u00fcnger \u0130zolasyonlu Katlanabilir G\u00fcne\u015flik"},"content":{"rendered":"<p>Y\u00fcksek yans\u0131t\u0131c\u0131 \u00f6zelli\u011fe sahip metalize al\u00fcminyum kaplama, bu oto g\u00fcne\u015fli\u011fi rakiplerinden ay\u0131r\u0131yor. G\u00fcne\u015f \u0131\u015f\u0131nlar\u0131n\u0131n %99\u2019unu yans\u0131tarak i\u00e7 ortam\u0131n a\u015f\u0131r\u0131 \u0131s\u0131nmas\u0131n\u0131 engelliyor. Ara\u00e7 i\u00e7indeki s\u0131cakl\u0131\u011f\u0131 ciddi oranda d\u00fc\u015f\u00fcrerek, s\u00fcr\u00fc\u015f \u00f6ncesi sizi ferah bir i\u00e7 mekanla kar\u015f\u0131l\u0131yor.UV \u0131\u015f\u0131nlar\u0131n\u0131n neden oldu\u011fu d\u00f6\u015feme solmalar\u0131, plastik par\u00e7alar\u0131n \u00e7atlamas\u0131 ve direksiyon deformasyonlar\u0131 gibi hasarlar\u0131n \u00f6n\u00fcne ge\u00e7er. \u00d6zellikle uzun s\u00fcreli g\u00fcne\u015fe maruz kalan ara\u00e7larda i\u00e7 mekan\u0131n korunmas\u0131na b\u00fcy\u00fck katk\u0131 sa\u011flar.\u00dcr\u00fcn\u00fcn i\u00e7 k\u0131sm\u0131ndaki s\u00fcnger katman\u0131, \u0131s\u0131 yal\u0131t\u0131m\u0131nda kritik rol oynar. Bu \u00e7ift katmanl\u0131 yap\u0131, hem yans\u0131t\u0131r hem de \u0131s\u0131 ge\u00e7i\u015fini keser. B\u00f6ylece sadece serinlik de\u011fil, i\u00e7 par\u00e7alar\u0131n yap\u0131sal korunmas\u0131 da sa\u011flanm\u0131\u015f olur.Katlanabilir tasar\u0131m, g\u00fcne\u015fli\u011fi kullanmay\u0131 son derece kolay hale getirir. A\u00e7mak ve kapatmak birka\u00e7 saniyelik bir i\u015flem. \u00dcstelik katland\u0131\u011f\u0131nda olduk\u00e7a kompakt hale gelir, \u00f6zel \u00e7antas\u0131nda kolayl\u0131kla saklanabilir.Arac\u0131n\u0131z\u0131n i\u00e7 mekan\u0131n\u0131 korurken, klima ihtiyac\u0131n\u0131 azaltarak enerji ve yak\u0131t tasarrufuna da yard\u0131mc\u0131 olur. Bu da hem \u00e7evre hem de b\u00fct\u00e7eniz i\u00e7in kazan\u00e7 anlam\u0131na gelir.<\/p>\n","protected":false},"excerpt":{"rendered":"<p>Y\u00fcksek yans\u0131t\u0131c\u0131 \u00f6zelli\u011fe sahip metalize al\u00fcminyum kaplama, bu oto g\u00fcne\u015fli\u011fi rakiplerinden ay\u0131r\u0131yor. G\u00fcne\u015f \u0131\u015f\u0131nlar\u0131n\u0131n %99\u2019unu yans\u0131tarak i\u00e7 ortam\u0131n a\u015f\u0131r\u0131 \u0131s\u0131nmas\u0131n\u0131 engelliyor. Ara\u00e7 i\u00e7indeki s\u0131cakl\u0131\u011f\u0131 ciddi oranda d\u00fc\u015f\u00fcrerek, s\u00fcr\u00fc\u015f \u00f6ncesi sizi ferah bir i\u00e7 mekanla kar\u015f\u0131l\u0131yor.UV \u0131\u015f\u0131nlar\u0131n\u0131n neden oldu\u011fu d\u00f6\u015feme solmalar\u0131, plastik par\u00e7alar\u0131n \u00e7atlamas\u0131 ve direksiyon deformasyonlar\u0131 gibi hasarlar\u0131n \u00f6n\u00fcne ge\u00e7er. \u00d6zellikle uzun s\u00fcreli g\u00fcne\u015fe maruz&#8230;<\/p>\n","protected":false},"featured_media":117036,"comment_status":"open","ping_status":"closed","template":"","meta":{"_kad_post_transparent":"","_kad_post_title":"","_kad_post_layout":"","_kad_post_sidebar_id":"","_kad_post_content_style":"","_kad_post_vertical_padding":"","_kad_post_feature":"","_kad_post_feature_position":"","_kad_post_header":false,"_kad_post_footer":false,"_kad_post_classname":""},"product_brand":[],"product_cat":[14921],"product_tag":[],"class_list":{"0":"post-117037","1":"product","2":"type-product","3":"status-publish","4":"has-post-thumbnail","6":"product_cat-oto-guneslik-perde-oto-guneslik-perde-2","8":"first","9":"instock","10":"purchasable","11":"product-type-simple","12":"entry","13":"content-bg","14":"loop-entry"},"_links":{"self":[{"href":"https:\/\/www.hediyepazar.com\/index.php?rest_route=\/wp\/v2\/product\/117037","targetHints":{"allow":["GET"]}}],"collection":[{"href":"https:\/\/www.hediyepazar.com\/index.php?rest_route=\/wp\/v2\/product"}],"about":[{"href":"https:\/\/www.hediyepazar.com\/index.php?rest_route=\/wp\/v2\/types\/product"}],"replies":[{"embeddable":true,"href":"https:\/\/www.hediyepazar.com\/index.php?rest_route=%2Fwp%2Fv2%2Fcomments&post=117037"}],"wp:featuredmedia":[{"embeddable":true,"href":"https:\/\/www.hediyepazar.com\/index.php?rest_route=\/wp\/v2\/media\/117036"}],"wp:attachment":[{"href":"https:\/\/www.hediyepazar.com\/index.php?rest_route=%2Fwp%2Fv2%2Fmedia&parent=117037"}],"wp:term":[{"taxonomy":"product_brand","embeddable":true,"href":"https:\/\/www.hediyepazar.com\/index.php?rest_route=%2Fwp%2Fv2%2Fproduct_brand&post=117037"},{"taxonomy":"product_cat","embeddable":true,"href":"https:\/\/www.hediyepazar.com\/index.php?rest_route=%2Fwp%2Fv2%2Fproduct_cat&post=117037"},{"taxonomy":"product_tag","embeddable":true,"href":"https:\/\/www.hediyepazar.com\/index.php?rest_route=%2Fwp%2Fv2%2Fproduct_tag&post=117037"}],"curies":[{"name":"wp","href":"https:\/\/api.w.org\/{rel}","templated":true}]}}