{"id":117047,"date":"2026-05-05T18:47:11","date_gmt":"2026-05-05T21:47:11","guid":{"rendered":"https:\/\/www.hediyepazar.com\/?product=dayanikli-upe-alasimli-semsiye-tipi-arac-gunesligi-kolay-katlanir"},"modified":"2026-05-05T18:47:11","modified_gmt":"2026-05-05T21:47:11","slug":"dayanikli-upe-alasimli-semsiye-tipi-arac-gunesligi-kolay-katlanir","status":"publish","type":"product","link":"https:\/\/www.hediyepazar.com\/?product=dayanikli-upe-alasimli-semsiye-tipi-arac-gunesligi-kolay-katlanir","title":{"rendered":"Dayan\u0131kl\u0131 UPE Ala\u015f\u0131ml\u0131 \u015eemsiye Tipi Ara\u00e7 G\u00fcne\u015fli\u011fi &#8211; Kolay Katlan\u0131r"},"content":{"rendered":"<p>125 x 65 cm \u00f6l\u00e7\u00fcleriyle \u00f6ne \u00e7\u0131kan bu katlanabilir oto g\u00fcne\u015flik, \u00e7ok y\u00f6nl\u00fc uyumlulu\u011fa sahiptir. Sedan, SUV ve hatchback ara\u00e7larla sorunsuz \u015fekilde kullan\u0131labilir. Arac\u0131n\u0131z\u0131n \u00f6n cam\u0131n\u0131 tamamen kaplayarak tam koruma sa\u011flar.Y\u00fcksek kaliteli UPE ala\u015f\u0131m g\u00f6vdesiyle, uzun \u00f6m\u00fcrl\u00fc bir kullan\u0131m sunar. S\u0131cak yaz g\u00fcnlerinde UV \u0131\u015f\u0131nlar\u0131na kar\u015f\u0131 etkin koruma sa\u011flayan yans\u0131t\u0131c\u0131 y\u00fczeyi ile arac\u0131n i\u00e7 y\u00fczeyleri g\u00fcne\u015fe kar\u015f\u0131 korunur.\u015eemsiye tarz\u0131 tasar\u0131m\u0131yla saniyeler i\u00e7inde a\u00e7\u0131l\u0131r ve yerle\u015ftirilir. Katlanabilir formu sayesinde \u00f6zel \u00e7antas\u0131na konularak kolayca saklanabilir. Hem kullan\u0131m hem de ta\u015f\u0131ma a\u00e7\u0131s\u0131ndan son derece pratiktir.Arac\u0131n\u0131z\u0131n i\u00e7 s\u0131cakl\u0131\u011f\u0131n\u0131 ciddi oranda d\u00fc\u015f\u00fcr\u00fcr, klima ihtiyac\u0131n\u0131 azalt\u0131r ve yak\u0131t tasarrufuna katk\u0131da bulunur. Ayn\u0131 zamanda i\u00e7 y\u00fczeylerin renklerinin solmas\u0131n\u0131 ve malzemelerin bozulmas\u0131n\u0131 engeller.Paket i\u00e7eri\u011fi: 1 adet g\u00fcne\u015flik, 1 adet saklama \u00e7antas\u0131Fonksiyonel, sa\u011flam ve modern bir g\u00fcne\u015f koruma \u00e7\u00f6z\u00fcm\u00fcd\u00fcr.<\/p>\n","protected":false},"excerpt":{"rendered":"<p>125 x 65 cm \u00f6l\u00e7\u00fcleriyle \u00f6ne \u00e7\u0131kan bu katlanabilir oto g\u00fcne\u015flik, \u00e7ok y\u00f6nl\u00fc uyumlulu\u011fa sahiptir. Sedan, SUV ve hatchback ara\u00e7larla sorunsuz \u015fekilde kullan\u0131labilir. Arac\u0131n\u0131z\u0131n \u00f6n cam\u0131n\u0131 tamamen kaplayarak tam koruma sa\u011flar.Y\u00fcksek kaliteli UPE ala\u015f\u0131m g\u00f6vdesiyle, uzun \u00f6m\u00fcrl\u00fc bir kullan\u0131m sunar. S\u0131cak yaz g\u00fcnlerinde UV \u0131\u015f\u0131nlar\u0131na kar\u015f\u0131 etkin koruma sa\u011flayan yans\u0131t\u0131c\u0131 y\u00fczeyi ile arac\u0131n i\u00e7 y\u00fczeyleri&#8230;<\/p>\n","protected":false},"featured_media":117046,"comment_status":"open","ping_status":"closed","template":"","meta":{"_kad_post_transparent":"","_kad_post_title":"","_kad_post_layout":"","_kad_post_sidebar_id":"","_kad_post_content_style":"","_kad_post_vertical_padding":"","_kad_post_feature":"","_kad_post_feature_position":"","_kad_post_header":false,"_kad_post_footer":false,"_kad_post_classname":""},"product_brand":[],"product_cat":[14921],"product_tag":[],"class_list":{"0":"post-117047","1":"product","2":"type-product","3":"status-publish","4":"has-post-thumbnail","6":"product_cat-oto-guneslik-perde-oto-guneslik-perde-2","8":"first","9":"instock","10":"purchasable","11":"product-type-simple","12":"entry","13":"content-bg","14":"loop-entry"},"_links":{"self":[{"href":"https:\/\/www.hediyepazar.com\/index.php?rest_route=\/wp\/v2\/product\/117047","targetHints":{"allow":["GET"]}}],"collection":[{"href":"https:\/\/www.hediyepazar.com\/index.php?rest_route=\/wp\/v2\/product"}],"about":[{"href":"https:\/\/www.hediyepazar.com\/index.php?rest_route=\/wp\/v2\/types\/product"}],"replies":[{"embeddable":true,"href":"https:\/\/www.hediyepazar.com\/index.php?rest_route=%2Fwp%2Fv2%2Fcomments&post=117047"}],"wp:featuredmedia":[{"embeddable":true,"href":"https:\/\/www.hediyepazar.com\/index.php?rest_route=\/wp\/v2\/media\/117046"}],"wp:attachment":[{"href":"https:\/\/www.hediyepazar.com\/index.php?rest_route=%2Fwp%2Fv2%2Fmedia&parent=117047"}],"wp:term":[{"taxonomy":"product_brand","embeddable":true,"href":"https:\/\/www.hediyepazar.com\/index.php?rest_route=%2Fwp%2Fv2%2Fproduct_brand&post=117047"},{"taxonomy":"product_cat","embeddable":true,"href":"https:\/\/www.hediyepazar.com\/index.php?rest_route=%2Fwp%2Fv2%2Fproduct_cat&post=117047"},{"taxonomy":"product_tag","embeddable":true,"href":"https:\/\/www.hediyepazar.com\/index.php?rest_route=%2Fwp%2Fv2%2Fproduct_tag&post=117047"}],"curies":[{"name":"wp","href":"https:\/\/api.w.org\/{rel}","templated":true}]}}