{"id":117049,"date":"2026-05-05T18:47:18","date_gmt":"2026-05-05T21:47:18","guid":{"rendered":"https:\/\/www.hediyepazar.com\/?product=katlanabilir-oto-guneslik-uv-koruma-ve-isi-yalitimi"},"modified":"2026-05-05T18:47:18","modified_gmt":"2026-05-05T21:47:18","slug":"katlanabilir-oto-guneslik-uv-koruma-ve-isi-yalitimi","status":"publish","type":"product","link":"https:\/\/www.hediyepazar.com\/?product=katlanabilir-oto-guneslik-uv-koruma-ve-isi-yalitimi","title":{"rendered":"Katlanabilir Oto G\u00fcne\u015flik \u2013 UV Koruma ve Is\u0131 Yal\u0131t\u0131m\u0131"},"content":{"rendered":"<p>Bu yenilik\u00e7i katlanabilir oto g\u00fcne\u015flik, 125 cm x 65 cm \u00f6l\u00e7\u00fcleriyle farkl\u0131 ara\u00e7 tiplerine uygundur. Sedan, SUV ve hatchback modellerde rahatl\u0131kla kullan\u0131labilir. Arac\u0131n \u00f6n cam\u0131na tam oturarak maksimum koruma sa\u011flar.G\u00fcne\u015fli g\u00fcnlerde ara\u00e7 i\u00e7i s\u0131cakl\u0131\u011f\u0131 minimumda tutmak i\u00e7in tasarlanm\u0131\u015f bu \u00fcr\u00fcn, yans\u0131t\u0131c\u0131 y\u00fczeyi sayesinde g\u00fcne\u015f \u0131\u015f\u0131nlar\u0131n\u0131 etkili \u015fekilde yans\u0131t\u0131r. UV \u0131\u015f\u0131nlar\u0131na kar\u015f\u0131 \u00fcst\u00fcn koruma sunar ve i\u00e7 y\u00fczeylerin \u00f6mr\u00fcn\u00fc uzat\u0131r.UPE ala\u015f\u0131m malzeme kullan\u0131larak \u00fcretilen g\u00f6vde, uzun s\u00fcreli kullan\u0131ma uygundur. Dayan\u0131kl\u0131l\u0131\u011f\u0131 sayesinde yaz boyunca g\u00fcvenle kullan\u0131labilir. \u015eemsiye benzeri tasar\u0131m\u0131, kullan\u0131m kolayl\u0131\u011f\u0131 sa\u011flar: sadece birka\u00e7 saniye i\u00e7inde a\u00e7\u0131l\u0131p arac\u0131n \u00f6n cam\u0131na yerle\u015ftirilebilir.Kullan\u0131m sonras\u0131 kompakt \u015fekilde katlanarak \u00f6zel \u00e7antas\u0131na yerle\u015ftirilir. Bu da depolama a\u00e7\u0131s\u0131ndan b\u00fcy\u00fck avantaj sa\u011flar. Ara\u00e7 i\u00e7i da\u011f\u0131n\u0131kl\u0131\u011f\u0131 \u00f6nler ve her zaman haz\u0131r bir kullan\u0131m sunar.Ara\u00e7 i\u00e7indeki \u0131s\u0131y\u0131 azaltarak klima kullan\u0131m\u0131n\u0131 azalt\u0131r, yak\u0131t tasarrufuna da katk\u0131da bulunur. G\u00fcnl\u00fck s\u00fcr\u00fc\u015flerinizi daha konforlu hale getirir.Kutu i\u00e7eri\u011fi: 1 adet oto g\u00fcne\u015flik + ta\u015f\u0131ma \u00e7antas\u0131Modern s\u00fcr\u00fcc\u00fcler i\u00e7in pratik ve koruyucu bir \u00e7\u00f6z\u00fcm.<\/p>\n","protected":false},"excerpt":{"rendered":"<p>Bu yenilik\u00e7i katlanabilir oto g\u00fcne\u015flik, 125 cm x 65 cm \u00f6l\u00e7\u00fcleriyle farkl\u0131 ara\u00e7 tiplerine uygundur. Sedan, SUV ve hatchback modellerde rahatl\u0131kla kullan\u0131labilir. Arac\u0131n \u00f6n cam\u0131na tam oturarak maksimum koruma sa\u011flar.G\u00fcne\u015fli g\u00fcnlerde ara\u00e7 i\u00e7i s\u0131cakl\u0131\u011f\u0131 minimumda tutmak i\u00e7in tasarlanm\u0131\u015f bu \u00fcr\u00fcn, yans\u0131t\u0131c\u0131 y\u00fczeyi sayesinde g\u00fcne\u015f \u0131\u015f\u0131nlar\u0131n\u0131 etkili \u015fekilde yans\u0131t\u0131r. UV \u0131\u015f\u0131nlar\u0131na kar\u015f\u0131 \u00fcst\u00fcn koruma sunar ve&#8230;<\/p>\n","protected":false},"featured_media":117048,"comment_status":"open","ping_status":"closed","template":"","meta":{"_kad_post_transparent":"","_kad_post_title":"","_kad_post_layout":"","_kad_post_sidebar_id":"","_kad_post_content_style":"","_kad_post_vertical_padding":"","_kad_post_feature":"","_kad_post_feature_position":"","_kad_post_header":false,"_kad_post_footer":false,"_kad_post_classname":""},"product_brand":[],"product_cat":[14921],"product_tag":[],"class_list":{"0":"post-117049","1":"product","2":"type-product","3":"status-publish","4":"has-post-thumbnail","6":"product_cat-oto-guneslik-perde-oto-guneslik-perde-2","8":"first","9":"instock","10":"purchasable","11":"product-type-simple","12":"entry","13":"content-bg","14":"loop-entry"},"_links":{"self":[{"href":"https:\/\/www.hediyepazar.com\/index.php?rest_route=\/wp\/v2\/product\/117049","targetHints":{"allow":["GET"]}}],"collection":[{"href":"https:\/\/www.hediyepazar.com\/index.php?rest_route=\/wp\/v2\/product"}],"about":[{"href":"https:\/\/www.hediyepazar.com\/index.php?rest_route=\/wp\/v2\/types\/product"}],"replies":[{"embeddable":true,"href":"https:\/\/www.hediyepazar.com\/index.php?rest_route=%2Fwp%2Fv2%2Fcomments&post=117049"}],"wp:featuredmedia":[{"embeddable":true,"href":"https:\/\/www.hediyepazar.com\/index.php?rest_route=\/wp\/v2\/media\/117048"}],"wp:attachment":[{"href":"https:\/\/www.hediyepazar.com\/index.php?rest_route=%2Fwp%2Fv2%2Fmedia&parent=117049"}],"wp:term":[{"taxonomy":"product_brand","embeddable":true,"href":"https:\/\/www.hediyepazar.com\/index.php?rest_route=%2Fwp%2Fv2%2Fproduct_brand&post=117049"},{"taxonomy":"product_cat","embeddable":true,"href":"https:\/\/www.hediyepazar.com\/index.php?rest_route=%2Fwp%2Fv2%2Fproduct_cat&post=117049"},{"taxonomy":"product_tag","embeddable":true,"href":"https:\/\/www.hediyepazar.com\/index.php?rest_route=%2Fwp%2Fv2%2Fproduct_tag&post=117049"}],"curies":[{"name":"wp","href":"https:\/\/api.w.org\/{rel}","templated":true}]}}