{"id":117051,"date":"2026-05-05T18:47:59","date_gmt":"2026-05-05T21:47:59","guid":{"rendered":"https:\/\/www.hediyepazar.com\/?product=semsiye-tasarimli-katlanabilir-arac-gunesligi-genis-uyumlu-uv-koruma"},"modified":"2026-05-05T18:47:59","modified_gmt":"2026-05-05T21:47:59","slug":"semsiye-tasarimli-katlanabilir-arac-gunesligi-genis-uyumlu-uv-koruma","status":"publish","type":"product","link":"https:\/\/www.hediyepazar.com\/?product=semsiye-tasarimli-katlanabilir-arac-gunesligi-genis-uyumlu-uv-koruma","title":{"rendered":"\u015eemsiye Tasar\u0131ml\u0131 Katlanabilir Ara\u00e7 G\u00fcne\u015fli\u011fi \u2013 Geni\u015f Uyumlu UV Koruma"},"content":{"rendered":"<p>Katlanabilir ve \u015femsiye formlu bu \u00f6zel ara\u00e7 g\u00fcne\u015fli\u011fi, 125 cm geni\u015fli\u011fi ve 65 cm y\u00fcksekli\u011fi ile sedan, SUV ve hatchback tipi ara\u00e7larla uyumludur. Geli\u015fmi\u015f tasar\u0131m\u0131 sayesinde arac\u0131n\u0131z\u0131n \u00f6n cam\u0131na m\u00fckemmel \u015fekilde oturur.Yans\u0131t\u0131c\u0131 y\u00fczeyi, g\u00fcne\u015fin zararl\u0131 UV \u0131\u015f\u0131nlar\u0131n\u0131 etkili \u015fekilde engeller. Bu sayede ara\u00e7 i\u00e7i s\u0131cakl\u0131\u011f\u0131 b\u00fcy\u00fck \u00f6l\u00e7\u00fcde azalt\u0131l\u0131r ve i\u00e7 y\u00fczeylerin zamanla solmas\u0131, \u00e7atlamas\u0131 gibi problemler \u00f6nlenir. Direksiyon, koltuk ve panel gibi alanlar, g\u00fcne\u015fin zararl\u0131 etkilerine kar\u015f\u0131 koruma alt\u0131na al\u0131n\u0131r.UPE ala\u015f\u0131m malzemeden \u00fcretilen bu \u00fcr\u00fcn, hem dayan\u0131kl\u0131l\u0131\u011f\u0131 hem de uzun \u00f6m\u00fcrl\u00fc kullan\u0131m\u0131yla dikkat \u00e7eker. G\u00fcnl\u00fck kullan\u0131mda defalarca a\u00e7\u0131l\u0131p kapanmaya dayan\u0131kl\u0131d\u0131r.\u00dcr\u00fcn, \u015femsiye mekanizmas\u0131 sayesinde sadece birka\u00e7 saniye i\u00e7inde a\u00e7\u0131larak kullan\u0131ma haz\u0131r hale gelir. \u0130\u015finiz bitti\u011finde ise kompakt \u015fekilde katlan\u0131p \u00f6zel saklama \u00e7antas\u0131na yerle\u015ftirilebilir. B\u00f6ylece bagajda ya da torpido g\u00f6z\u00fcnde \u00e7ok az yer kaplar.Yaz aylar\u0131nda arac\u0131n\u0131z\u0131 korurken size daha konforlu bir s\u00fcr\u00fc\u015f sunar. Ara\u00e7 i\u00e7i s\u0131cakl\u0131\u011f\u0131 d\u00fc\u015f\u00fcrerek klimaya duyulan ihtiyac\u0131 azalt\u0131r, yak\u0131t t\u00fcketimini optimize eder.Paket i\u00e7eri\u011fi: 1 adet oto g\u00fcne\u015flik + ta\u015f\u0131ma \u00e7antas\u0131.Pratik, sa\u011flam ve modern bir ara\u00e7 koruma \u00e7\u00f6z\u00fcm\u00fcd\u00fcr.<\/p>\n","protected":false},"excerpt":{"rendered":"<p>Katlanabilir ve \u015femsiye formlu bu \u00f6zel ara\u00e7 g\u00fcne\u015fli\u011fi, 125 cm geni\u015fli\u011fi ve 65 cm y\u00fcksekli\u011fi ile sedan, SUV ve hatchback tipi ara\u00e7larla uyumludur. Geli\u015fmi\u015f tasar\u0131m\u0131 sayesinde arac\u0131n\u0131z\u0131n \u00f6n cam\u0131na m\u00fckemmel \u015fekilde oturur.Yans\u0131t\u0131c\u0131 y\u00fczeyi, g\u00fcne\u015fin zararl\u0131 UV \u0131\u015f\u0131nlar\u0131n\u0131 etkili \u015fekilde engeller. Bu sayede ara\u00e7 i\u00e7i s\u0131cakl\u0131\u011f\u0131 b\u00fcy\u00fck \u00f6l\u00e7\u00fcde azalt\u0131l\u0131r ve i\u00e7 y\u00fczeylerin zamanla solmas\u0131, \u00e7atlamas\u0131 gibi&#8230;<\/p>\n","protected":false},"featured_media":117050,"comment_status":"open","ping_status":"closed","template":"","meta":{"_kad_post_transparent":"","_kad_post_title":"","_kad_post_layout":"","_kad_post_sidebar_id":"","_kad_post_content_style":"","_kad_post_vertical_padding":"","_kad_post_feature":"","_kad_post_feature_position":"","_kad_post_header":false,"_kad_post_footer":false,"_kad_post_classname":""},"product_brand":[],"product_cat":[14921],"product_tag":[],"class_list":{"0":"post-117051","1":"product","2":"type-product","3":"status-publish","4":"has-post-thumbnail","6":"product_cat-oto-guneslik-perde-oto-guneslik-perde-2","8":"first","9":"instock","10":"purchasable","11":"product-type-simple","12":"entry","13":"content-bg","14":"loop-entry"},"_links":{"self":[{"href":"https:\/\/www.hediyepazar.com\/index.php?rest_route=\/wp\/v2\/product\/117051","targetHints":{"allow":["GET"]}}],"collection":[{"href":"https:\/\/www.hediyepazar.com\/index.php?rest_route=\/wp\/v2\/product"}],"about":[{"href":"https:\/\/www.hediyepazar.com\/index.php?rest_route=\/wp\/v2\/types\/product"}],"replies":[{"embeddable":true,"href":"https:\/\/www.hediyepazar.com\/index.php?rest_route=%2Fwp%2Fv2%2Fcomments&post=117051"}],"wp:featuredmedia":[{"embeddable":true,"href":"https:\/\/www.hediyepazar.com\/index.php?rest_route=\/wp\/v2\/media\/117050"}],"wp:attachment":[{"href":"https:\/\/www.hediyepazar.com\/index.php?rest_route=%2Fwp%2Fv2%2Fmedia&parent=117051"}],"wp:term":[{"taxonomy":"product_brand","embeddable":true,"href":"https:\/\/www.hediyepazar.com\/index.php?rest_route=%2Fwp%2Fv2%2Fproduct_brand&post=117051"},{"taxonomy":"product_cat","embeddable":true,"href":"https:\/\/www.hediyepazar.com\/index.php?rest_route=%2Fwp%2Fv2%2Fproduct_cat&post=117051"},{"taxonomy":"product_tag","embeddable":true,"href":"https:\/\/www.hediyepazar.com\/index.php?rest_route=%2Fwp%2Fv2%2Fproduct_tag&post=117051"}],"curies":[{"name":"wp","href":"https:\/\/api.w.org\/{rel}","templated":true}]}}