{"id":117053,"date":"2026-05-05T18:48:05","date_gmt":"2026-05-05T21:48:05","guid":{"rendered":"https:\/\/www.hediyepazar.com\/?product=katlanabilir-oto-guneslik-125x65-cm"},"modified":"2026-05-05T18:48:05","modified_gmt":"2026-05-05T21:48:05","slug":"katlanabilir-oto-guneslik-125x65-cm","status":"publish","type":"product","link":"https:\/\/www.hediyepazar.com\/?product=katlanabilir-oto-guneslik-125x65-cm","title":{"rendered":"Katlanabilir Oto G\u00fcne\u015flik &#8211; 125&#215;65 cm"},"content":{"rendered":"<p>Yeni nesil katlanabilir oto g\u00fcne\u015flik, 125 cm geni\u015flik ve 65 cm y\u00fckseklik \u00f6l\u00e7\u00fcleriyle sedan, SUV ve hatchback tipi ara\u00e7lar\u0131n \u00f6n camlar\u0131na tam uyum sa\u011flar. \u00d6zel tasar\u0131m\u0131 sayesinde hem i\u015flevsel hem de estetik bir kullan\u0131m sunar. Y\u00fcksek kaliteli UPE ala\u015f\u0131m malzeme ile \u00fcretilmi\u015f bu g\u00fcne\u015flik, uzun \u00f6m\u00fcrl\u00fc ve dayan\u0131kl\u0131d\u0131r.\u00dcr\u00fcn\u00fcn yans\u0131t\u0131c\u0131 y\u00fczeyi, g\u00fcne\u015f \u0131\u015f\u0131nlar\u0131n\u0131 etkili \u015fekilde geri yans\u0131tarak arac\u0131n i\u00e7 y\u00fczeylerini zararl\u0131 UV \u0131\u015f\u0131nlar\u0131na kar\u015f\u0131 korur. Bu sayede \u00f6n panel, direksiyon ve koltuk d\u00f6\u015femelerinde zamanla olu\u015fabilecek solma ve \u00e7atlama gibi y\u0131pranmalar\u0131n \u00f6n\u00fcne ge\u00e7ilir.\u015eemsiye formunda tasarlanm\u0131\u015f olan bu pratik g\u00fcne\u015flik, saniyeler i\u00e7erisinde kolayca a\u00e7\u0131l\u0131p kullan\u0131labilir. Kullan\u0131m sonras\u0131 ise yine \u015femsiye gibi katlanarak minimum yer kaplar ve \u00f6zel saklama \u00e7antas\u0131na konularak pratik bir \u015fekilde muhafaza edilir.S\u0131cak yaz aylar\u0131nda ara\u00e7 i\u00e7indeki \u0131s\u0131y\u0131 \u00f6nemli \u00f6l\u00e7\u00fcde d\u00fc\u015f\u00fcrerek daha serin ve konforlu bir s\u00fcr\u00fc\u015f deneyimi sa\u011flar. \u00d6zellikle uzun s\u00fcre g\u00fcne\u015f alt\u0131nda kalan ara\u00e7larda, klima kullan\u0131m\u0131n\u0131 azaltarak enerji tasarrufu da sa\u011flar.Paket i\u00e7eri\u011fi: 1 adet katlanabilir oto g\u00fcne\u015flik ve \u00f6zel ta\u015f\u0131ma \u00e7antas\u0131.Hem g\u00fcnl\u00fck kullan\u0131m hem de seyahatler i\u00e7in ideal, ergonomik ve etkili bir \u00e7\u00f6z\u00fcmd\u00fcr.<\/p>\n","protected":false},"excerpt":{"rendered":"<p>Yeni nesil katlanabilir oto g\u00fcne\u015flik, 125 cm geni\u015flik ve 65 cm y\u00fckseklik \u00f6l\u00e7\u00fcleriyle sedan, SUV ve hatchback tipi ara\u00e7lar\u0131n \u00f6n camlar\u0131na tam uyum sa\u011flar. \u00d6zel tasar\u0131m\u0131 sayesinde hem i\u015flevsel hem de estetik bir kullan\u0131m sunar. Y\u00fcksek kaliteli UPE ala\u015f\u0131m malzeme ile \u00fcretilmi\u015f bu g\u00fcne\u015flik, uzun \u00f6m\u00fcrl\u00fc ve dayan\u0131kl\u0131d\u0131r.\u00dcr\u00fcn\u00fcn yans\u0131t\u0131c\u0131 y\u00fczeyi, g\u00fcne\u015f \u0131\u015f\u0131nlar\u0131n\u0131 etkili \u015fekilde geri&#8230;<\/p>\n","protected":false},"featured_media":117052,"comment_status":"open","ping_status":"closed","template":"","meta":{"_kad_post_transparent":"","_kad_post_title":"","_kad_post_layout":"","_kad_post_sidebar_id":"","_kad_post_content_style":"","_kad_post_vertical_padding":"","_kad_post_feature":"","_kad_post_feature_position":"","_kad_post_header":false,"_kad_post_footer":false,"_kad_post_classname":""},"product_brand":[],"product_cat":[14921],"product_tag":[],"class_list":{"0":"post-117053","1":"product","2":"type-product","3":"status-publish","4":"has-post-thumbnail","6":"product_cat-oto-guneslik-perde-oto-guneslik-perde-2","8":"first","9":"instock","10":"purchasable","11":"product-type-simple","12":"entry","13":"content-bg","14":"loop-entry"},"_links":{"self":[{"href":"https:\/\/www.hediyepazar.com\/index.php?rest_route=\/wp\/v2\/product\/117053","targetHints":{"allow":["GET"]}}],"collection":[{"href":"https:\/\/www.hediyepazar.com\/index.php?rest_route=\/wp\/v2\/product"}],"about":[{"href":"https:\/\/www.hediyepazar.com\/index.php?rest_route=\/wp\/v2\/types\/product"}],"replies":[{"embeddable":true,"href":"https:\/\/www.hediyepazar.com\/index.php?rest_route=%2Fwp%2Fv2%2Fcomments&post=117053"}],"wp:featuredmedia":[{"embeddable":true,"href":"https:\/\/www.hediyepazar.com\/index.php?rest_route=\/wp\/v2\/media\/117052"}],"wp:attachment":[{"href":"https:\/\/www.hediyepazar.com\/index.php?rest_route=%2Fwp%2Fv2%2Fmedia&parent=117053"}],"wp:term":[{"taxonomy":"product_brand","embeddable":true,"href":"https:\/\/www.hediyepazar.com\/index.php?rest_route=%2Fwp%2Fv2%2Fproduct_brand&post=117053"},{"taxonomy":"product_cat","embeddable":true,"href":"https:\/\/www.hediyepazar.com\/index.php?rest_route=%2Fwp%2Fv2%2Fproduct_cat&post=117053"},{"taxonomy":"product_tag","embeddable":true,"href":"https:\/\/www.hediyepazar.com\/index.php?rest_route=%2Fwp%2Fv2%2Fproduct_tag&post=117053"}],"curies":[{"name":"wp","href":"https:\/\/api.w.org\/{rel}","templated":true}]}}