{"id":117055,"date":"2026-05-05T18:48:09","date_gmt":"2026-05-05T21:48:09","guid":{"rendered":"https:\/\/www.hediyepazar.com\/?product=4d-yogurma-teknolojili-masaj-cihazi-boyun-omuz-icin-uygun"},"modified":"2026-05-05T18:48:09","modified_gmt":"2026-05-05T21:48:09","slug":"4d-yogurma-teknolojili-masaj-cihazi-boyun-omuz-icin-uygun","status":"publish","type":"product","link":"https:\/\/www.hediyepazar.com\/?product=4d-yogurma-teknolojili-masaj-cihazi-boyun-omuz-icin-uygun","title":{"rendered":"4D Yo\u011furma Teknolojili Masaj Cihaz\u0131-Boyun Omuz i\u00e7in uygun"},"content":{"rendered":"<p>Masaj cihaz\u0131, 4D yo\u011furma ba\u015fl\u0131klar\u0131yla fiziksel terapi etkisi sunar. Ta\u015f\u0131mas\u0131 kolay ve katlanabilir \u015fal yap\u0131s\u0131yla g\u00fcnl\u00fck hayata kolayca entegre edilebilir. Kas dokusuna n\u00fcfuz eden g\u00fc\u00e7l\u00fc vuru\u015flar sayesinde kas a\u011fr\u0131s\u0131 ve sertli\u011fi azal\u0131r, dola\u015f\u0131m artar, kas lifleri daha h\u0131zl\u0131 toparlan\u0131r. Masaj s\u0131ras\u0131nda yay\u0131lan \u0131s\u0131, kas dokusundaki gerginli\u011fi azalt\u0131r ve kullan\u0131c\u0131ya daha derin bir rahatlama sa\u011flar. Masaj uzunlu\u011fu 350\u202fmm ve geni\u015fli\u011fi 180\u202fmm \u00f6l\u00e7\u00fclerindedir. Cihaz\u0131n \u00e7al\u0131\u015fma voltaj\u0131 12V, g\u00fc\u00e7 s\u0131n\u0131r\u0131 \u2264 24W olup ara\u00e7 ve ev adapt\u00f6rleriyle uyumludur. Paket i\u00e7eri\u011finde masaj cihaz\u0131, adapt\u00f6r, ara\u00e7 \u015farj kablosu ve kullan\u0131m k\u0131lavuzu mevcuttur. Profesyonel derece masaj etkisiyle evde fizyoterapi konforunu ya\u015fay\u0131n.<\/p>\n","protected":false},"excerpt":{"rendered":"<p>Masaj cihaz\u0131, 4D yo\u011furma ba\u015fl\u0131klar\u0131yla fiziksel terapi etkisi sunar. Ta\u015f\u0131mas\u0131 kolay ve katlanabilir \u015fal yap\u0131s\u0131yla g\u00fcnl\u00fck hayata kolayca entegre edilebilir. Kas dokusuna n\u00fcfuz eden g\u00fc\u00e7l\u00fc vuru\u015flar sayesinde kas a\u011fr\u0131s\u0131 ve sertli\u011fi azal\u0131r, dola\u015f\u0131m artar, kas lifleri daha h\u0131zl\u0131 toparlan\u0131r. Masaj s\u0131ras\u0131nda yay\u0131lan \u0131s\u0131, kas dokusundaki gerginli\u011fi azalt\u0131r ve kullan\u0131c\u0131ya daha derin bir rahatlama sa\u011flar. Masaj&#8230;<\/p>\n","protected":false},"featured_media":117054,"comment_status":"open","ping_status":"closed","template":"","meta":{"_kad_post_transparent":"","_kad_post_title":"","_kad_post_layout":"","_kad_post_sidebar_id":"","_kad_post_content_style":"","_kad_post_vertical_padding":"","_kad_post_feature":"","_kad_post_feature_position":"","_kad_post_header":false,"_kad_post_footer":false,"_kad_post_classname":""},"product_brand":[],"product_cat":[14939],"product_tag":[],"class_list":{"0":"post-117055","1":"product","2":"type-product","3":"status-publish","4":"has-post-thumbnail","6":"product_cat-masaj-cihazi-masaj-cihazi","8":"first","9":"instock","10":"purchasable","11":"product-type-simple","12":"entry","13":"content-bg","14":"loop-entry"},"_links":{"self":[{"href":"https:\/\/www.hediyepazar.com\/index.php?rest_route=\/wp\/v2\/product\/117055","targetHints":{"allow":["GET"]}}],"collection":[{"href":"https:\/\/www.hediyepazar.com\/index.php?rest_route=\/wp\/v2\/product"}],"about":[{"href":"https:\/\/www.hediyepazar.com\/index.php?rest_route=\/wp\/v2\/types\/product"}],"replies":[{"embeddable":true,"href":"https:\/\/www.hediyepazar.com\/index.php?rest_route=%2Fwp%2Fv2%2Fcomments&post=117055"}],"wp:featuredmedia":[{"embeddable":true,"href":"https:\/\/www.hediyepazar.com\/index.php?rest_route=\/wp\/v2\/media\/117054"}],"wp:attachment":[{"href":"https:\/\/www.hediyepazar.com\/index.php?rest_route=%2Fwp%2Fv2%2Fmedia&parent=117055"}],"wp:term":[{"taxonomy":"product_brand","embeddable":true,"href":"https:\/\/www.hediyepazar.com\/index.php?rest_route=%2Fwp%2Fv2%2Fproduct_brand&post=117055"},{"taxonomy":"product_cat","embeddable":true,"href":"https:\/\/www.hediyepazar.com\/index.php?rest_route=%2Fwp%2Fv2%2Fproduct_cat&post=117055"},{"taxonomy":"product_tag","embeddable":true,"href":"https:\/\/www.hediyepazar.com\/index.php?rest_route=%2Fwp%2Fv2%2Fproduct_tag&post=117055"}],"curies":[{"name":"wp","href":"https:\/\/api.w.org\/{rel}","templated":true}]}}