{"id":117057,"date":"2026-05-05T18:48:14","date_gmt":"2026-05-05T21:48:14","guid":{"rendered":"https:\/\/www.hediyepazar.com\/?product=kas-gevsetici-vucut-masaj-cihazi"},"modified":"2026-05-05T18:48:14","modified_gmt":"2026-05-05T21:48:14","slug":"kas-gevsetici-vucut-masaj-cihazi","status":"publish","type":"product","link":"https:\/\/www.hediyepazar.com\/?product=kas-gevsetici-vucut-masaj-cihazi","title":{"rendered":"Kas Gev\u015fetici V\u00fccut Masaj Cihaz\u0131"},"content":{"rendered":"<p>Bu masaj cihaz\u0131, otomatik \u0131s\u0131 ve yo\u011furma y\u00f6n\u00fc de\u011fi\u015fimiyle kullan\u0131c\u0131ya profesyonel masaj deneyimi sunar. PU deri mekanizmas\u0131 ve nefes alan \u00f6rg\u00fc kuma\u015fla donat\u0131lm\u0131\u015f tasar\u0131m\u0131; kullan\u0131c\u0131 konforunu art\u0131rmakla kalmaz, hijyenik bir kullan\u0131m da sunar. Kompozit i\u00e7 iskeleti ve 24W g\u00fcce sahip g\u00fc\u00e7 yap\u0131s\u0131yla cihaz y\u00fcksek performans sa\u011flar. Kas gerginli\u011fini azalt\u0131rken hareket aral\u0131\u011f\u0131n\u0131 geli\u015ftirir, dokular\u0131n esnekli\u011fini art\u0131r\u0131r. Ayr\u0131ca, a\u015f\u0131r\u0131 \u0131s\u0131nmaya kar\u015f\u0131 g\u00fcvenlik sistemi devreye girerek cihaz\u0131n stabil \u00e7al\u0131\u015fmas\u0131n\u0131 sa\u011flar. Bu \u00f6zellikler cihaz\u0131 g\u00fcnl\u00fck kullan\u0131mda g\u00fcvenilir k\u0131lar. Farkl\u0131 masaj modlar\u0131 sayesinde ihtiya\u00e7lar\u0131n\u0131za uygun yo\u011funlukta terapi se\u00e7imi m\u00fcmk\u00fcnd\u00fcr. Cihaz, fizyoterapi destekli sa\u011fl\u0131k bak\u0131m\u0131nda da kullan\u0131labilir; bel, s\u0131rt ve bacak kaslar\u0131na y\u00f6nelik terapi i\u00e7in uygundur.<\/p>\n","protected":false},"excerpt":{"rendered":"<p>Bu masaj cihaz\u0131, otomatik \u0131s\u0131 ve yo\u011furma y\u00f6n\u00fc de\u011fi\u015fimiyle kullan\u0131c\u0131ya profesyonel masaj deneyimi sunar. PU deri mekanizmas\u0131 ve nefes alan \u00f6rg\u00fc kuma\u015fla donat\u0131lm\u0131\u015f tasar\u0131m\u0131; kullan\u0131c\u0131 konforunu art\u0131rmakla kalmaz, hijyenik bir kullan\u0131m da sunar. Kompozit i\u00e7 iskeleti ve 24W g\u00fcce sahip g\u00fc\u00e7 yap\u0131s\u0131yla cihaz y\u00fcksek performans sa\u011flar. Kas gerginli\u011fini azalt\u0131rken hareket aral\u0131\u011f\u0131n\u0131 geli\u015ftirir, dokular\u0131n esnekli\u011fini art\u0131r\u0131r&#8230;.<\/p>\n","protected":false},"featured_media":117056,"comment_status":"open","ping_status":"closed","template":"","meta":{"_kad_post_transparent":"","_kad_post_title":"","_kad_post_layout":"","_kad_post_sidebar_id":"","_kad_post_content_style":"","_kad_post_vertical_padding":"","_kad_post_feature":"","_kad_post_feature_position":"","_kad_post_header":false,"_kad_post_footer":false,"_kad_post_classname":""},"product_brand":[],"product_cat":[14939],"product_tag":[],"class_list":{"0":"post-117057","1":"product","2":"type-product","3":"status-publish","4":"has-post-thumbnail","6":"product_cat-masaj-cihazi-masaj-cihazi","8":"first","9":"instock","10":"purchasable","11":"product-type-simple","12":"entry","13":"content-bg","14":"loop-entry"},"_links":{"self":[{"href":"https:\/\/www.hediyepazar.com\/index.php?rest_route=\/wp\/v2\/product\/117057","targetHints":{"allow":["GET"]}}],"collection":[{"href":"https:\/\/www.hediyepazar.com\/index.php?rest_route=\/wp\/v2\/product"}],"about":[{"href":"https:\/\/www.hediyepazar.com\/index.php?rest_route=\/wp\/v2\/types\/product"}],"replies":[{"embeddable":true,"href":"https:\/\/www.hediyepazar.com\/index.php?rest_route=%2Fwp%2Fv2%2Fcomments&post=117057"}],"wp:featuredmedia":[{"embeddable":true,"href":"https:\/\/www.hediyepazar.com\/index.php?rest_route=\/wp\/v2\/media\/117056"}],"wp:attachment":[{"href":"https:\/\/www.hediyepazar.com\/index.php?rest_route=%2Fwp%2Fv2%2Fmedia&parent=117057"}],"wp:term":[{"taxonomy":"product_brand","embeddable":true,"href":"https:\/\/www.hediyepazar.com\/index.php?rest_route=%2Fwp%2Fv2%2Fproduct_brand&post=117057"},{"taxonomy":"product_cat","embeddable":true,"href":"https:\/\/www.hediyepazar.com\/index.php?rest_route=%2Fwp%2Fv2%2Fproduct_cat&post=117057"},{"taxonomy":"product_tag","embeddable":true,"href":"https:\/\/www.hediyepazar.com\/index.php?rest_route=%2Fwp%2Fv2%2Fproduct_tag&post=117057"}],"curies":[{"name":"wp","href":"https:\/\/api.w.org\/{rel}","templated":true}]}}