{"id":117059,"date":"2026-05-05T18:48:19","date_gmt":"2026-05-05T21:48:19","guid":{"rendered":"https:\/\/www.hediyepazar.com\/?product=ev-ve-arac-ici-uyumlu-masaj-cihazi"},"modified":"2026-05-05T18:48:19","modified_gmt":"2026-05-05T21:48:19","slug":"ev-ve-arac-ici-uyumlu-masaj-cihazi","status":"publish","type":"product","link":"https:\/\/www.hediyepazar.com\/?product=ev-ve-arac-ici-uyumlu-masaj-cihazi","title":{"rendered":"Ev ve Ara\u00e7 \u0130\u00e7i Uyumlu Masaj C\u0130HAZI"},"content":{"rendered":"<p>Bu v\u00fccut masaj cihaz\u0131, kompakt \u015fal formuyla hem evde hem ara\u00e7ta kullan\u0131ma uygundur. Ara\u00e7 \u015farj cihaz\u0131 ile uzun yolculuklar s\u0131ras\u0131nda bile yan\u0131n\u0131zdan ay\u0131rmadan kas gerginli\u011fini azaltabilir, yol yorgunlu\u011funa kar\u015f\u0131 k\u0131sa molalarda masaj yapabilirsiniz. Evde televizyon izlerken, ofiste \u00e7al\u0131\u015f\u0131rken ya da yo\u011fun tempolu bir g\u00fcn\u00fcn sonunda cihaz\u0131 boynunuza sararak rahatlama sa\u011flayabilirsiniz. \u015eal\u0131n toplam boyu yakla\u015f\u0131k 550\u202fmm, masaj kapsama alan\u0131 350\u202fmm uzunluk ve 180\u202fmm geni\u015fliktedir. G\u00fc\u00e7 kablosunun uzunlu\u011fu 1.5\u202fm oldu\u011fundan hem ara\u00e7 hem ev prizine kolayca tak\u0131labilir. Siyah veya kapal\u0131 beyaz renk alternatifi ile her ortama estetik uyum sunar. Masaj cihaz\u0131 kompakt, kolay ta\u015f\u0131nabilir ve odadan odaya ge\u00e7i\u015flerde bile pratik kullan\u0131m imkan\u0131 sa\u011flar.<\/p>\n","protected":false},"excerpt":{"rendered":"<p>Bu v\u00fccut masaj cihaz\u0131, kompakt \u015fal formuyla hem evde hem ara\u00e7ta kullan\u0131ma uygundur. Ara\u00e7 \u015farj cihaz\u0131 ile uzun yolculuklar s\u0131ras\u0131nda bile yan\u0131n\u0131zdan ay\u0131rmadan kas gerginli\u011fini azaltabilir, yol yorgunlu\u011funa kar\u015f\u0131 k\u0131sa molalarda masaj yapabilirsiniz. Evde televizyon izlerken, ofiste \u00e7al\u0131\u015f\u0131rken ya da yo\u011fun tempolu bir g\u00fcn\u00fcn sonunda cihaz\u0131 boynunuza sararak rahatlama sa\u011flayabilirsiniz. \u015eal\u0131n toplam boyu yakla\u015f\u0131k 550\u202fmm,&#8230;<\/p>\n","protected":false},"featured_media":117058,"comment_status":"open","ping_status":"closed","template":"","meta":{"_kad_post_transparent":"","_kad_post_title":"","_kad_post_layout":"","_kad_post_sidebar_id":"","_kad_post_content_style":"","_kad_post_vertical_padding":"","_kad_post_feature":"","_kad_post_feature_position":"","_kad_post_header":false,"_kad_post_footer":false,"_kad_post_classname":""},"product_brand":[],"product_cat":[14939],"product_tag":[],"class_list":{"0":"post-117059","1":"product","2":"type-product","3":"status-publish","4":"has-post-thumbnail","6":"product_cat-masaj-cihazi-masaj-cihazi","8":"first","9":"instock","10":"purchasable","11":"product-type-simple","12":"entry","13":"content-bg","14":"loop-entry"},"_links":{"self":[{"href":"https:\/\/www.hediyepazar.com\/index.php?rest_route=\/wp\/v2\/product\/117059","targetHints":{"allow":["GET"]}}],"collection":[{"href":"https:\/\/www.hediyepazar.com\/index.php?rest_route=\/wp\/v2\/product"}],"about":[{"href":"https:\/\/www.hediyepazar.com\/index.php?rest_route=\/wp\/v2\/types\/product"}],"replies":[{"embeddable":true,"href":"https:\/\/www.hediyepazar.com\/index.php?rest_route=%2Fwp%2Fv2%2Fcomments&post=117059"}],"wp:featuredmedia":[{"embeddable":true,"href":"https:\/\/www.hediyepazar.com\/index.php?rest_route=\/wp\/v2\/media\/117058"}],"wp:attachment":[{"href":"https:\/\/www.hediyepazar.com\/index.php?rest_route=%2Fwp%2Fv2%2Fmedia&parent=117059"}],"wp:term":[{"taxonomy":"product_brand","embeddable":true,"href":"https:\/\/www.hediyepazar.com\/index.php?rest_route=%2Fwp%2Fv2%2Fproduct_brand&post=117059"},{"taxonomy":"product_cat","embeddable":true,"href":"https:\/\/www.hediyepazar.com\/index.php?rest_route=%2Fwp%2Fv2%2Fproduct_cat&post=117059"},{"taxonomy":"product_tag","embeddable":true,"href":"https:\/\/www.hediyepazar.com\/index.php?rest_route=%2Fwp%2Fv2%2Fproduct_tag&post=117059"}],"curies":[{"name":"wp","href":"https:\/\/api.w.org\/{rel}","templated":true}]}}